{"id":8689,"date":"2023-01-14T03:37:28","date_gmt":"2023-01-14T01:37:28","guid":{"rendered":"https:\/\/tallersautoada.com\/noticias\/"},"modified":"2024-11-23T20:39:51","modified_gmt":"2024-11-23T18:39:51","slug":"noticias","status":"publish","type":"page","link":"https:\/\/tallersautoada.com\/es\/noticias\/","title":{"rendered":"Noticias"},"content":{"rendered":"\t\t<div data-elementor-type=\"wp-page\" data-elementor-id=\"8689\" class=\"elementor elementor-8689 elementor-385\" data-elementor-post-type=\"page\">\n\t\t\t\t<div class=\"elementor-element elementor-element-c606ea6 e-flex e-con-boxed e-con e-parent\" data-id=\"c606ea6\" data-element_type=\"container\" data-e-type=\"container\">\n\t\t\t\t\t<div class=\"e-con-inner\">\n\t\t\n\t\t<div class=\"elementor-element elementor-element-021296a elementor-grid-3 elementor-grid-tablet-2 elementor-grid-mobile-1 elementor-posts--thumbnail-top elementor-widget elementor-widget-posts\" data-id=\"021296a\" data-element_type=\"widget\" data-e-type=\"widget\" data-settings=\"{&quot;pagination_type&quot;:&quot;load_more_infinite_scroll&quot;,&quot;classic_columns&quot;:&quot;3&quot;,&quot;classic_columns_tablet&quot;:&quot;2&quot;,&quot;classic_columns_mobile&quot;:&quot;1&quot;,&quot;classic_row_gap&quot;:{&quot;unit&quot;:&quot;px&quot;,&quot;size&quot;:35,&quot;sizes&quot;:[]},&quot;classic_row_gap_laptop&quot;:{&quot;unit&quot;:&quot;px&quot;,&quot;size&quot;:&quot;&quot;,&quot;sizes&quot;:[]},&quot;classic_row_gap_tablet_extra&quot;:{&quot;unit&quot;:&quot;px&quot;,&quot;size&quot;:&quot;&quot;,&quot;sizes&quot;:[]},&quot;classic_row_gap_tablet&quot;:{&quot;unit&quot;:&quot;px&quot;,&quot;size&quot;:&quot;&quot;,&quot;sizes&quot;:[]},&quot;classic_row_gap_mobile_extra&quot;:{&quot;unit&quot;:&quot;px&quot;,&quot;size&quot;:&quot;&quot;,&quot;sizes&quot;:[]},&quot;classic_row_gap_mobile&quot;:{&quot;unit&quot;:&quot;px&quot;,&quot;size&quot;:&quot;&quot;,&quot;sizes&quot;:[]},&quot;load_more_spinner&quot;:{&quot;value&quot;:&quot;fas fa-spinner&quot;,&quot;library&quot;:&quot;fa-solid&quot;}}\" data-widget_type=\"posts.classic\">\n\t\t\t\t<div class=\"elementor-widget-container\">\n\t\t\t\t\t\t\t<div class=\"elementor-posts-container elementor-posts elementor-posts--skin-classic elementor-grid\" role=\"list\">\n\t\t\t\t<article class=\"elementor-post elementor-grid-item post-8718 post type-post status-publish format-standard has-post-thumbnail hentry category-sin-categorizar\" role=\"listitem\">\n\t\t\t\t<a class=\"elementor-post__thumbnail__link\" href=\"https:\/\/tallersautoada.com\/es\/fira-mostres-girona-2019\/\" tabindex=\"-1\" >\n\t\t\t<div class=\"elementor-post__thumbnail\"><img fetchpriority=\"high\" decoding=\"async\" width=\"1080\" height=\"675\" src=\"https:\/\/tallersautoada.com\/wp-content\/uploads\/2019\/11\/FIRA-MOSTRES-1080x675-1.webp\" class=\"attachment-2048x2048 size-2048x2048 wp-image-8661\" alt=\"\" srcset=\"https:\/\/tallersautoada.com\/wp-content\/uploads\/2019\/11\/FIRA-MOSTRES-1080x675-1.webp 1080w, https:\/\/tallersautoada.com\/wp-content\/uploads\/2019\/11\/FIRA-MOSTRES-1080x675-1-300x188.webp 300w, https:\/\/tallersautoada.com\/wp-content\/uploads\/2019\/11\/FIRA-MOSTRES-1080x675-1-1024x640.webp 1024w, https:\/\/tallersautoada.com\/wp-content\/uploads\/2019\/11\/FIRA-MOSTRES-1080x675-1-768x480.webp 768w, https:\/\/tallersautoada.com\/wp-content\/uploads\/2019\/11\/FIRA-MOSTRES-1080x675-1-600x375.webp 600w\" sizes=\"(max-width: 1080px) 100vw, 1080px\" \/><\/div>\n\t\t<\/a>\n\t\t\t\t<div class=\"elementor-post__text\">\n\t\t\t\t<h3 class=\"elementor-post__title\">\n\t\t\t<a href=\"https:\/\/tallersautoada.com\/es\/fira-mostres-girona-2019\/\" >\n\t\t\t\tFIRA MOSTRES GIRONA 2019\t\t\t<\/a>\n\t\t<\/h3>\n\t\t\t\t<div class=\"elementor-post__meta-data\">\n\t\t\t\t\t<span class=\"elementor-post-date\">\n\t\t\t13 de November de 2019\t\t<\/span>\n\t\t\t\t<span class=\"elementor-post-avatar\">\n\t\t\tNo Comments\t\t<\/span>\n\t\t\t\t<\/div>\n\t\t\t\t<div class=\"elementor-post__excerpt\">\n\t\t\t<p>Durante los d\u00edas del 29 de Octubre al 3 de Noviembre y aprovechando las fiestas de Sant Narc\u00eds de Girona; se celebr\u00f3 la feria de<\/p>\n\t\t<\/div>\n\t\t\n\t\t<a class=\"elementor-post__read-more\" href=\"https:\/\/tallersautoada.com\/es\/fira-mostres-girona-2019\/\" aria-label=\"Read more about FIRA MOSTRES GIRONA 2019\" tabindex=\"-1\" >\n\t\t\t Leer m\u00e1s \u00bb\t\t<\/a>\n\n\t\t\t\t<\/div>\n\t\t\t\t<\/article>\n\t\t\t\t<article class=\"elementor-post elementor-grid-item post-8720 post type-post status-publish format-standard has-post-thumbnail hentry category-sin-categorizar\" role=\"listitem\">\n\t\t\t\t<a class=\"elementor-post__thumbnail__link\" href=\"https:\/\/tallersautoada.com\/es\/dfsk\/\" tabindex=\"-1\" >\n\t\t\t<div class=\"elementor-post__thumbnail\"><img decoding=\"async\" width=\"1080\" height=\"675\" src=\"https:\/\/tallersautoada.com\/wp-content\/uploads\/2024\/10\/IMG_0496-1080x675-1.webp\" class=\"attachment-2048x2048 size-2048x2048 wp-image-8658\" alt=\"\" srcset=\"https:\/\/tallersautoada.com\/wp-content\/uploads\/2024\/10\/IMG_0496-1080x675-1.webp 1080w, https:\/\/tallersautoada.com\/wp-content\/uploads\/2024\/10\/IMG_0496-1080x675-1-300x188.webp 300w, https:\/\/tallersautoada.com\/wp-content\/uploads\/2024\/10\/IMG_0496-1080x675-1-1024x640.webp 1024w, https:\/\/tallersautoada.com\/wp-content\/uploads\/2024\/10\/IMG_0496-1080x675-1-768x480.webp 768w, https:\/\/tallersautoada.com\/wp-content\/uploads\/2024\/10\/IMG_0496-1080x675-1-600x375.webp 600w\" sizes=\"(max-width: 1080px) 100vw, 1080px\" \/><\/div>\n\t\t<\/a>\n\t\t\t\t<div class=\"elementor-post__text\">\n\t\t\t\t<h3 class=\"elementor-post__title\">\n\t\t\t<a href=\"https:\/\/tallersautoada.com\/es\/dfsk\/\" >\n\t\t\t\tDFSK\t\t\t<\/a>\n\t\t<\/h3>\n\t\t\t\t<div class=\"elementor-post__meta-data\">\n\t\t\t\t\t<span class=\"elementor-post-date\">\n\t\t\t25 de October de 2019\t\t<\/span>\n\t\t\t\t<span class=\"elementor-post-avatar\">\n\t\t\tNo Comments\t\t<\/span>\n\t\t\t\t<\/div>\n\t\t\t\t<div class=\"elementor-post__excerpt\">\n\t\t\t<p>Tallers Autoada comienza un nuevo proyecto con la marca DFSK que desde estos \u00faltimos a\u00f1os atr\u00e1s ha empezado a expandirse por Europa. Con m\u00e1s de<\/p>\n\t\t<\/div>\n\t\t\n\t\t<a class=\"elementor-post__read-more\" href=\"https:\/\/tallersautoada.com\/es\/dfsk\/\" aria-label=\"Read more about DFSK\" tabindex=\"-1\" >\n\t\t\t Leer m\u00e1s \u00bb\t\t<\/a>\n\n\t\t\t\t<\/div>\n\t\t\t\t<\/article>\n\t\t\t\t<article class=\"elementor-post elementor-grid-item post-8722 post type-post status-publish format-standard has-post-thumbnail hentry category-sin-categorizar\" role=\"listitem\">\n\t\t\t\t<a class=\"elementor-post__thumbnail__link\" href=\"https:\/\/tallersautoada.com\/es\/fira-sant-andreu-de-torroella-de-montgri\/\" tabindex=\"-1\" >\n\t\t\t<div class=\"elementor-post__thumbnail\"><img decoding=\"async\" width=\"1080\" height=\"675\" src=\"https:\/\/tallersautoada.com\/wp-content\/uploads\/2024\/06\/fira-de-sant-andreu.webp\" class=\"attachment-2048x2048 size-2048x2048 wp-image-8649\" alt=\"\" srcset=\"https:\/\/tallersautoada.com\/wp-content\/uploads\/2024\/06\/fira-de-sant-andreu.webp 1080w, https:\/\/tallersautoada.com\/wp-content\/uploads\/2024\/06\/fira-de-sant-andreu-300x188.webp 300w, https:\/\/tallersautoada.com\/wp-content\/uploads\/2024\/06\/fira-de-sant-andreu-1024x640.webp 1024w, https:\/\/tallersautoada.com\/wp-content\/uploads\/2024\/06\/fira-de-sant-andreu-768x480.webp 768w, https:\/\/tallersautoada.com\/wp-content\/uploads\/2024\/06\/fira-de-sant-andreu-600x375.webp 600w\" sizes=\"(max-width: 1080px) 100vw, 1080px\" \/><\/div>\n\t\t<\/a>\n\t\t\t\t<div class=\"elementor-post__text\">\n\t\t\t\t<h3 class=\"elementor-post__title\">\n\t\t\t<a href=\"https:\/\/tallersautoada.com\/es\/fira-sant-andreu-de-torroella-de-montgri\/\" >\n\t\t\t\tFIRA SANT ANDREU DE TORROELLA DE MONTGR\u00cd\t\t\t<\/a>\n\t\t<\/h3>\n\t\t\t\t<div class=\"elementor-post__meta-data\">\n\t\t\t\t\t<span class=\"elementor-post-date\">\n\t\t\t20 de June de 2019\t\t<\/span>\n\t\t\t\t<span class=\"elementor-post-avatar\">\n\t\t\tNo Comments\t\t<\/span>\n\t\t\t\t<\/div>\n\t\t\t\t<div class=\"elementor-post__excerpt\">\n\t\t\t<p>El pasado fin de semana del 30-Nov. y 1-Dic. hemos tenido satisfacci\u00f3n de disfrutar por primera vez, para nosotros de la feria agr\u00edcola-ganadera-comercial, donde presentamos<\/p>\n\t\t<\/div>\n\t\t\n\t\t<a class=\"elementor-post__read-more\" href=\"https:\/\/tallersautoada.com\/es\/fira-sant-andreu-de-torroella-de-montgri\/\" aria-label=\"Read more about FIRA SANT ANDREU DE TORROELLA DE MONTGR\u00cd\" tabindex=\"-1\" >\n\t\t\t Leer m\u00e1s \u00bb\t\t<\/a>\n\n\t\t\t\t<\/div>\n\t\t\t\t<\/article>\n\t\t\t\t<article class=\"elementor-post elementor-grid-item post-8724 post type-post status-publish format-standard has-post-thumbnail hentry category-sin-categorizar\" role=\"listitem\">\n\t\t\t\t<a class=\"elementor-post__thumbnail__link\" href=\"https:\/\/tallersautoada.com\/es\/felicidades-campeones\/\" tabindex=\"-1\" >\n\t\t\t<div class=\"elementor-post__thumbnail\"><img loading=\"lazy\" decoding=\"async\" width=\"1024\" height=\"675\" src=\"https:\/\/tallersautoada.com\/wp-content\/uploads\/2024\/10\/basquet_lasalle-1024x675-1.webp\" class=\"attachment-2048x2048 size-2048x2048 wp-image-8657\" alt=\"\" srcset=\"https:\/\/tallersautoada.com\/wp-content\/uploads\/2024\/10\/basquet_lasalle-1024x675-1.webp 1024w, https:\/\/tallersautoada.com\/wp-content\/uploads\/2024\/10\/basquet_lasalle-1024x675-1-300x198.webp 300w, https:\/\/tallersautoada.com\/wp-content\/uploads\/2024\/10\/basquet_lasalle-1024x675-1-768x506.webp 768w, https:\/\/tallersautoada.com\/wp-content\/uploads\/2024\/10\/basquet_lasalle-1024x675-1-600x396.webp 600w\" sizes=\"(max-width: 1024px) 100vw, 1024px\" \/><\/div>\n\t\t<\/a>\n\t\t\t\t<div class=\"elementor-post__text\">\n\t\t\t\t<h3 class=\"elementor-post__title\">\n\t\t\t<a href=\"https:\/\/tallersautoada.com\/es\/felicidades-campeones\/\" >\n\t\t\t\tFELICIDADES CAMPEONES!\t\t\t<\/a>\n\t\t<\/h3>\n\t\t\t\t<div class=\"elementor-post__meta-data\">\n\t\t\t\t\t<span class=\"elementor-post-date\">\n\t\t\t19 de April de 2017\t\t<\/span>\n\t\t\t\t<span class=\"elementor-post-avatar\">\n\t\t\tNo Comments\t\t<\/span>\n\t\t\t\t<\/div>\n\t\t\t\t<div class=\"elementor-post__excerpt\">\n\t\t\t<p>El grupo mini masculino de baloncesto de la Salle Palamos son campeones ligueros del curso 2015-2016.Campeones del Torneo 12 Horas de Baloncesto de la Salle,<\/p>\n\t\t<\/div>\n\t\t\n\t\t<a class=\"elementor-post__read-more\" href=\"https:\/\/tallersautoada.com\/es\/felicidades-campeones\/\" aria-label=\"Read more about FELICIDADES CAMPEONES!\" tabindex=\"-1\" >\n\t\t\t Leer m\u00e1s \u00bb\t\t<\/a>\n\n\t\t\t\t<\/div>\n\t\t\t\t<\/article>\n\t\t\t\t<article class=\"elementor-post elementor-grid-item post-8726 post type-post status-publish format-standard has-post-thumbnail hentry category-sin-categorizar\" role=\"listitem\">\n\t\t\t\t<a class=\"elementor-post__thumbnail__link\" href=\"https:\/\/tallersautoada.com\/es\/como-escojo-los-neumaticos-para-mi-vehiculo\/\" tabindex=\"-1\" >\n\t\t\t<div class=\"elementor-post__thumbnail\"><img loading=\"lazy\" decoding=\"async\" width=\"1024\" height=\"675\" src=\"https:\/\/tallersautoada.com\/wp-content\/uploads\/2016\/10\/pneumatics-1024x675-1.webp\" class=\"attachment-2048x2048 size-2048x2048 wp-image-8656\" alt=\"\" srcset=\"https:\/\/tallersautoada.com\/wp-content\/uploads\/2016\/10\/pneumatics-1024x675-1.webp 1024w, https:\/\/tallersautoada.com\/wp-content\/uploads\/2016\/10\/pneumatics-1024x675-1-300x198.webp 300w, https:\/\/tallersautoada.com\/wp-content\/uploads\/2016\/10\/pneumatics-1024x675-1-768x506.webp 768w, https:\/\/tallersautoada.com\/wp-content\/uploads\/2016\/10\/pneumatics-1024x675-1-600x396.webp 600w\" sizes=\"(max-width: 1024px) 100vw, 1024px\" \/><\/div>\n\t\t<\/a>\n\t\t\t\t<div class=\"elementor-post__text\">\n\t\t\t\t<h3 class=\"elementor-post__title\">\n\t\t\t<a href=\"https:\/\/tallersautoada.com\/es\/como-escojo-los-neumaticos-para-mi-vehiculo\/\" >\n\t\t\t\t\u00bfC\u00d3MO ESCOJO LOS NEUM\u00c1TICOS PARA MI VEH\u00cdCULO?\t\t\t<\/a>\n\t\t<\/h3>\n\t\t\t\t<div class=\"elementor-post__meta-data\">\n\t\t\t\t\t<span class=\"elementor-post-date\">\n\t\t\t25 de October de 2016\t\t<\/span>\n\t\t\t\t<span class=\"elementor-post-avatar\">\n\t\t\tNo Comments\t\t<\/span>\n\t\t\t\t<\/div>\n\t\t\t\t<div class=\"elementor-post__excerpt\">\n\t\t\t<p>&#8220;Todo el mundo quiere neum\u00e1ticos econ\u00f3micos pero que NO sean de baja calidad&#8221;Para facilitar su elecci\u00f3n, las podremos encontrar separadas en 3 categor\u00edas: marcas premium,<\/p>\n\t\t<\/div>\n\t\t\n\t\t<a class=\"elementor-post__read-more\" href=\"https:\/\/tallersautoada.com\/es\/como-escojo-los-neumaticos-para-mi-vehiculo\/\" aria-label=\"Read more about \u00bfC\u00d3MO ESCOJO LOS NEUM\u00c1TICOS PARA MI VEH\u00cdCULO?\" tabindex=\"-1\" >\n\t\t\t Leer m\u00e1s \u00bb\t\t<\/a>\n\n\t\t\t\t<\/div>\n\t\t\t\t<\/article>\n\t\t\t\t<article class=\"elementor-post elementor-grid-item post-8728 post type-post status-publish format-standard has-post-thumbnail hentry category-sin-categorizar\" role=\"listitem\">\n\t\t\t\t<a class=\"elementor-post__thumbnail__link\" href=\"https:\/\/tallersautoada.com\/es\/publicacion-en-la-vanguardia\/\" tabindex=\"-1\" >\n\t\t\t<div class=\"elementor-post__thumbnail\"><img loading=\"lazy\" decoding=\"async\" width=\"742\" height=\"264\" src=\"https:\/\/tallersautoada.com\/wp-content\/uploads\/2024\/09\/la-vanguardia-logo-copia.webp\" class=\"attachment-2048x2048 size-2048x2048 wp-image-8655\" alt=\"\" srcset=\"https:\/\/tallersautoada.com\/wp-content\/uploads\/2024\/09\/la-vanguardia-logo-copia.webp 742w, https:\/\/tallersautoada.com\/wp-content\/uploads\/2024\/09\/la-vanguardia-logo-copia-300x107.webp 300w, https:\/\/tallersautoada.com\/wp-content\/uploads\/2024\/09\/la-vanguardia-logo-copia-600x213.webp 600w\" sizes=\"(max-width: 742px) 100vw, 742px\" \/><\/div>\n\t\t<\/a>\n\t\t\t\t<div class=\"elementor-post__text\">\n\t\t\t\t<h3 class=\"elementor-post__title\">\n\t\t\t<a href=\"https:\/\/tallersautoada.com\/es\/publicacion-en-la-vanguardia\/\" >\n\t\t\t\tPUBLICACI\u00d3N EN LA VANGUARDIA\t\t\t<\/a>\n\t\t<\/h3>\n\t\t\t\t<div class=\"elementor-post__meta-data\">\n\t\t\t\t\t<span class=\"elementor-post-date\">\n\t\t\t2 de September de 2016\t\t<\/span>\n\t\t\t\t<span class=\"elementor-post-avatar\">\n\t\t\tNo Comments\t\t<\/span>\n\t\t\t\t<\/div>\n\t\t\t\t<div class=\"elementor-post__excerpt\">\n\t\t\t<p>El taller ha optado por darse a conocer a trav\u00e9s de un reportaje, dentro de la secci\u00f3n SOBRE RUEDAS del diario LA VANGUARDIA.Dentro podremos encontrar<\/p>\n\t\t<\/div>\n\t\t\n\t\t<a class=\"elementor-post__read-more\" href=\"https:\/\/tallersautoada.com\/es\/publicacion-en-la-vanguardia\/\" aria-label=\"Read more about PUBLICACI\u00d3N EN LA VANGUARDIA\" tabindex=\"-1\" >\n\t\t\t Leer m\u00e1s \u00bb\t\t<\/a>\n\n\t\t\t\t<\/div>\n\t\t\t\t<\/article>\n\t\t\t\t<article class=\"elementor-post elementor-grid-item post-8730 post type-post status-publish format-standard has-post-thumbnail hentry category-sin-categorizar\" role=\"listitem\">\n\t\t\t\t<a class=\"elementor-post__thumbnail__link\" href=\"https:\/\/tallersautoada.com\/es\/bmw-xdrive-experience\/\" tabindex=\"-1\" >\n\t\t\t<div class=\"elementor-post__thumbnail\"><img loading=\"lazy\" decoding=\"async\" width=\"1024\" height=\"675\" src=\"https:\/\/tallersautoada.com\/wp-content\/uploads\/2024\/10\/bmwxdrive-1024x675-1.webp\" class=\"attachment-2048x2048 size-2048x2048 wp-image-8654\" alt=\"\" srcset=\"https:\/\/tallersautoada.com\/wp-content\/uploads\/2024\/10\/bmwxdrive-1024x675-1.webp 1024w, https:\/\/tallersautoada.com\/wp-content\/uploads\/2024\/10\/bmwxdrive-1024x675-1-300x198.webp 300w, https:\/\/tallersautoada.com\/wp-content\/uploads\/2024\/10\/bmwxdrive-1024x675-1-768x506.webp 768w, https:\/\/tallersautoada.com\/wp-content\/uploads\/2024\/10\/bmwxdrive-1024x675-1-600x396.webp 600w\" sizes=\"(max-width: 1024px) 100vw, 1024px\" \/><\/div>\n\t\t<\/a>\n\t\t\t\t<div class=\"elementor-post__text\">\n\t\t\t\t<h3 class=\"elementor-post__title\">\n\t\t\t<a href=\"https:\/\/tallersautoada.com\/es\/bmw-xdrive-experience\/\" >\n\t\t\t\tBMW xDRIVE EXPERIENCE\t\t\t<\/a>\n\t\t<\/h3>\n\t\t\t\t<div class=\"elementor-post__meta-data\">\n\t\t\t\t\t<span class=\"elementor-post-date\">\n\t\t\t16 de August de 2016\t\t<\/span>\n\t\t\t\t<span class=\"elementor-post-avatar\">\n\t\t\tNo Comments\t\t<\/span>\n\t\t\t\t<\/div>\n\t\t\t\t<div class=\"elementor-post__excerpt\">\n\t\t\t<p>El fin de semana del 30 de Mayo, representantes de Talleres Autoada, S.L tuvieron la ocasi\u00f3n de disfrutar de BMW xDRive Expecience, junto con un<\/p>\n\t\t<\/div>\n\t\t\n\t\t<a class=\"elementor-post__read-more\" href=\"https:\/\/tallersautoada.com\/es\/bmw-xdrive-experience\/\" aria-label=\"Read more about BMW xDRIVE EXPERIENCE\" tabindex=\"-1\" >\n\t\t\t Leer m\u00e1s \u00bb\t\t<\/a>\n\n\t\t\t\t<\/div>\n\t\t\t\t<\/article>\n\t\t\t\t<article class=\"elementor-post elementor-grid-item post-8732 post type-post status-publish format-standard has-post-thumbnail hentry category-sin-categorizar\" role=\"listitem\">\n\t\t\t\t<a class=\"elementor-post__thumbnail__link\" href=\"https:\/\/tallersautoada.com\/es\/bridgestone-driveguard\/\" tabindex=\"-1\" >\n\t\t\t<div class=\"elementor-post__thumbnail\"><img loading=\"lazy\" decoding=\"async\" width=\"800\" height=\"600\" src=\"https:\/\/tallersautoada.com\/wp-content\/uploads\/2016\/05\/bridgestone_driveguard.webp\" class=\"attachment-2048x2048 size-2048x2048 wp-image-8653\" alt=\"\" srcset=\"https:\/\/tallersautoada.com\/wp-content\/uploads\/2016\/05\/bridgestone_driveguard.webp 800w, https:\/\/tallersautoada.com\/wp-content\/uploads\/2016\/05\/bridgestone_driveguard-300x225.webp 300w, https:\/\/tallersautoada.com\/wp-content\/uploads\/2016\/05\/bridgestone_driveguard-768x576.webp 768w, https:\/\/tallersautoada.com\/wp-content\/uploads\/2016\/05\/bridgestone_driveguard-600x450.webp 600w\" sizes=\"(max-width: 800px) 100vw, 800px\" \/><\/div>\n\t\t<\/a>\n\t\t\t\t<div class=\"elementor-post__text\">\n\t\t\t\t<h3 class=\"elementor-post__title\">\n\t\t\t<a href=\"https:\/\/tallersautoada.com\/es\/bridgestone-driveguard\/\" >\n\t\t\t\tBRIDGESTONE DRIVEGUARD\t\t\t<\/a>\n\t\t<\/h3>\n\t\t\t\t<div class=\"elementor-post__meta-data\">\n\t\t\t\t\t<span class=\"elementor-post-date\">\n\t\t\t15 de May de 2016\t\t<\/span>\n\t\t\t\t<span class=\"elementor-post-avatar\">\n\t\t\tNo Comments\t\t<\/span>\n\t\t\t\t<\/div>\n\t\t\t\t<div class=\"elementor-post__excerpt\">\n\t\t\t<p>Nuevos neum\u00e1ticos Bridgestone DRIVEGUARD. Otras noticias de inter\u00e9s<\/p>\n\t\t<\/div>\n\t\t\n\t\t<a class=\"elementor-post__read-more\" href=\"https:\/\/tallersautoada.com\/es\/bridgestone-driveguard\/\" aria-label=\"Read more about BRIDGESTONE DRIVEGUARD\" tabindex=\"-1\" >\n\t\t\t Leer m\u00e1s \u00bb\t\t<\/a>\n\n\t\t\t\t<\/div>\n\t\t\t\t<\/article>\n\t\t\t\t<\/div>\n\t\t\t\t\t<span class=\"e-load-more-spinner\">\n\t\t\t\t<svg aria-hidden=\"true\" class=\"e-font-icon-svg e-fas-spinner\" viewBox=\"0 0 512 512\" xmlns=\"http:\/\/www.w3.org\/2000\/svg\"><path d=\"M304 48c0 26.51-21.49 48-48 48s-48-21.49-48-48 21.49-48 48-48 48 21.49 48 48zm-48 368c-26.51 0-48 21.49-48 48s21.49 48 48 48 48-21.49 48-48-21.49-48-48-48zm208-208c-26.51 0-48 21.49-48 48s21.49 48 48 48 48-21.49 48-48-21.49-48-48-48zM96 256c0-26.51-21.49-48-48-48S0 229.49 0 256s21.49 48 48 48 48-21.49 48-48zm12.922 99.078c-26.51 0-48 21.49-48 48s21.49 48 48 48 48-21.49 48-48c0-26.509-21.491-48-48-48zm294.156 0c-26.51 0-48 21.49-48 48s21.49 48 48 48 48-21.49 48-48c0-26.509-21.49-48-48-48zM108.922 60.922c-26.51 0-48 21.49-48 48s21.49 48 48 48 48-21.49 48-48-21.491-48-48-48z\"><\/path><\/svg>\t\t\t<\/span>\n\t\t\n\t\t\t\t\t\t<\/div>\n\t\t\t\t<\/div>\n\t\t\t\t\t<\/div>\n\t\t\t\t<\/div>\n\t\t\t\t<\/div>\n\t\t","protected":false},"excerpt":{"rendered":"","protected":false},"author":1,"featured_media":0,"parent":0,"menu_order":0,"comment_status":"closed","ping_status":"closed","template":"","meta":{"inline_featured_image":false,"footnotes":""},"class_list":["post-8689","page","type-page","status-publish","hentry"],"yoast_head":"<!-- This site is optimized with the Yoast SEO plugin v27.3 - https:\/\/yoast.com\/product\/yoast-seo-wordpress\/ -->\n<title>Noticias - Tallers Autoada<\/title>\n<meta name=\"robots\" content=\"noindex, follow\" \/>\n<meta property=\"og:locale\" content=\"es_ES\" \/>\n<meta property=\"og:type\" content=\"article\" \/>\n<meta property=\"og:title\" content=\"Noticias - Tallers Autoada\" \/>\n<meta property=\"og:url\" content=\"https:\/\/tallersautoada.com\/es\/noticias\/\" \/>\n<meta property=\"og:site_name\" content=\"Tallers Autoada\" \/>\n<meta property=\"article:modified_time\" content=\"2024-11-23T18:39:51+00:00\" \/>\n<meta name=\"twitter:card\" content=\"summary_large_image\" \/>\n<script type=\"application\/ld+json\" class=\"yoast-schema-graph\">{\"@context\":\"https:\\\/\\\/schema.org\",\"@graph\":[{\"@type\":\"WebPage\",\"@id\":\"https:\\\/\\\/tallersautoada.com\\\/es\\\/noticias\\\/\",\"url\":\"https:\\\/\\\/tallersautoada.com\\\/es\\\/noticias\\\/\",\"name\":\"Noticias - Tallers Autoada\",\"isPartOf\":{\"@id\":\"https:\\\/\\\/tallersautoada.com\\\/#website\"},\"datePublished\":\"2023-01-14T01:37:28+00:00\",\"dateModified\":\"2024-11-23T18:39:51+00:00\",\"breadcrumb\":{\"@id\":\"https:\\\/\\\/tallersautoada.com\\\/es\\\/noticias\\\/#breadcrumb\"},\"inLanguage\":\"es-ES\",\"potentialAction\":[{\"@type\":\"ReadAction\",\"target\":[\"https:\\\/\\\/tallersautoada.com\\\/es\\\/noticias\\\/\"]}]},{\"@type\":\"BreadcrumbList\",\"@id\":\"https:\\\/\\\/tallersautoada.com\\\/es\\\/noticias\\\/#breadcrumb\",\"itemListElement\":[{\"@type\":\"ListItem\",\"position\":1,\"name\":\"Inici\",\"item\":\"https:\\\/\\\/tallersautoada.com\\\/es\\\/inicio\\\/\"},{\"@type\":\"ListItem\",\"position\":2,\"name\":\"Noticias\"}]},{\"@type\":\"WebSite\",\"@id\":\"https:\\\/\\\/tallersautoada.com\\\/#website\",\"url\":\"https:\\\/\\\/tallersautoada.com\\\/\",\"name\":\"Tallers Autoada\",\"description\":\"Taller mec\u00e0nic, electricitat, planxa i pintura i centre de rentat\",\"publisher\":{\"@id\":\"https:\\\/\\\/tallersautoada.com\\\/#organization\"},\"potentialAction\":[{\"@type\":\"SearchAction\",\"target\":{\"@type\":\"EntryPoint\",\"urlTemplate\":\"https:\\\/\\\/tallersautoada.com\\\/?s={search_term_string}\"},\"query-input\":{\"@type\":\"PropertyValueSpecification\",\"valueRequired\":true,\"valueName\":\"search_term_string\"}}],\"inLanguage\":\"es-ES\"},{\"@type\":\"Organization\",\"@id\":\"https:\\\/\\\/tallersautoada.com\\\/#organization\",\"name\":\"Tallers Autoada\",\"url\":\"https:\\\/\\\/tallersautoada.com\\\/\",\"logo\":{\"@type\":\"ImageObject\",\"inLanguage\":\"es-ES\",\"@id\":\"https:\\\/\\\/tallersautoada.com\\\/#\\\/schema\\\/logo\\\/image\\\/\",\"url\":\"https:\\\/\\\/tallersautoada.com\\\/wp-content\\\/uploads\\\/2023\\\/01\\\/tallersautoada-logo.png\",\"contentUrl\":\"https:\\\/\\\/tallersautoada.com\\\/wp-content\\\/uploads\\\/2023\\\/01\\\/tallersautoada-logo.png\",\"width\":1006,\"height\":395,\"caption\":\"Tallers Autoada\"},\"image\":{\"@id\":\"https:\\\/\\\/tallersautoada.com\\\/#\\\/schema\\\/logo\\\/image\\\/\"}}]}<\/script>\n<!-- \/ Yoast SEO plugin. -->","yoast_head_json":{"title":"Noticias - Tallers Autoada","robots":{"index":"noindex","follow":"follow"},"og_locale":"es_ES","og_type":"article","og_title":"Noticias - Tallers Autoada","og_url":"https:\/\/tallersautoada.com\/es\/noticias\/","og_site_name":"Tallers Autoada","article_modified_time":"2024-11-23T18:39:51+00:00","twitter_card":"summary_large_image","schema":{"@context":"https:\/\/schema.org","@graph":[{"@type":"WebPage","@id":"https:\/\/tallersautoada.com\/es\/noticias\/","url":"https:\/\/tallersautoada.com\/es\/noticias\/","name":"Noticias - Tallers Autoada","isPartOf":{"@id":"https:\/\/tallersautoada.com\/#website"},"datePublished":"2023-01-14T01:37:28+00:00","dateModified":"2024-11-23T18:39:51+00:00","breadcrumb":{"@id":"https:\/\/tallersautoada.com\/es\/noticias\/#breadcrumb"},"inLanguage":"es-ES","potentialAction":[{"@type":"ReadAction","target":["https:\/\/tallersautoada.com\/es\/noticias\/"]}]},{"@type":"BreadcrumbList","@id":"https:\/\/tallersautoada.com\/es\/noticias\/#breadcrumb","itemListElement":[{"@type":"ListItem","position":1,"name":"Inici","item":"https:\/\/tallersautoada.com\/es\/inicio\/"},{"@type":"ListItem","position":2,"name":"Noticias"}]},{"@type":"WebSite","@id":"https:\/\/tallersautoada.com\/#website","url":"https:\/\/tallersautoada.com\/","name":"Tallers Autoada","description":"Taller mec\u00e0nic, electricitat, planxa i pintura i centre de rentat","publisher":{"@id":"https:\/\/tallersautoada.com\/#organization"},"potentialAction":[{"@type":"SearchAction","target":{"@type":"EntryPoint","urlTemplate":"https:\/\/tallersautoada.com\/?s={search_term_string}"},"query-input":{"@type":"PropertyValueSpecification","valueRequired":true,"valueName":"search_term_string"}}],"inLanguage":"es-ES"},{"@type":"Organization","@id":"https:\/\/tallersautoada.com\/#organization","name":"Tallers Autoada","url":"https:\/\/tallersautoada.com\/","logo":{"@type":"ImageObject","inLanguage":"es-ES","@id":"https:\/\/tallersautoada.com\/#\/schema\/logo\/image\/","url":"https:\/\/tallersautoada.com\/wp-content\/uploads\/2023\/01\/tallersautoada-logo.png","contentUrl":"https:\/\/tallersautoada.com\/wp-content\/uploads\/2023\/01\/tallersautoada-logo.png","width":1006,"height":395,"caption":"Tallers Autoada"},"image":{"@id":"https:\/\/tallersautoada.com\/#\/schema\/logo\/image\/"}}]}},"_links":{"self":[{"href":"https:\/\/tallersautoada.com\/es\/wp-json\/wp\/v2\/pages\/8689","targetHints":{"allow":["GET"]}}],"collection":[{"href":"https:\/\/tallersautoada.com\/es\/wp-json\/wp\/v2\/pages"}],"about":[{"href":"https:\/\/tallersautoada.com\/es\/wp-json\/wp\/v2\/types\/page"}],"author":[{"embeddable":true,"href":"https:\/\/tallersautoada.com\/es\/wp-json\/wp\/v2\/users\/1"}],"replies":[{"embeddable":true,"href":"https:\/\/tallersautoada.com\/es\/wp-json\/wp\/v2\/comments?post=8689"}],"version-history":[{"count":1,"href":"https:\/\/tallersautoada.com\/es\/wp-json\/wp\/v2\/pages\/8689\/revisions"}],"predecessor-version":[{"id":8690,"href":"https:\/\/tallersautoada.com\/es\/wp-json\/wp\/v2\/pages\/8689\/revisions\/8690"}],"wp:attachment":[{"href":"https:\/\/tallersautoada.com\/es\/wp-json\/wp\/v2\/media?parent=8689"}],"curies":[{"name":"wp","href":"https:\/\/api.w.org\/{rel}","templated":true}]}}