{"id":26187,"date":"2025-11-05T17:24:28","date_gmt":"2025-11-05T15:24:28","guid":{"rendered":"https:\/\/tallersautoada.com\/?post_type=product&#038;p=26187"},"modified":"2026-03-31T10:21:48","modified_gmt":"2026-03-31T08:21:48","slug":"toyota-rav-4-2","status":"publish","type":"product","link":"https:\/\/tallersautoada.com\/es\/producte\/toyota-rav-4-2\/","title":{"rendered":"TOYOTA RAV 4"},"content":{"rendered":"<div id=\"divEquipamiento1\" class=\"equipamiento content\">\n<div class=\"equipamiento\">\n<p><span id=\"vehiculoEquipamiento1\" class=\"collapsible active\">Equipamiento Serie<\/span><\/p>\n<div id=\"divEquipamiento1\" class=\"equipamiento content\">\n<div class=\"equipamiento\">&#8211; Carrocer\u00eda: 5 puertas<\/div>\n<div class=\"equipamiento\">&#8211; Programa de estabilidad para el remolque (TSC)<\/div>\n<div class=\"equipamiento\">&#8211; Retrovisor exterior plegable el\u00e9ctricamente<\/div>\n<div class=\"equipamiento\">&#8211; Retrovisor exterior regulable el\u00e9ctricamente y calefactable<\/div>\n<div class=\"equipamiento\">&#8211; Retrovisor exterior pintado<\/div>\n<div class=\"equipamiento\">&#8211; Retrovisor exterior Negro pintado<\/div>\n<div class=\"equipamiento\">&#8211; Barras portaequipajes en el techo<\/div>\n<div class=\"equipamiento\">&#8211; Techo panor\u00e1mico \/ Techo abatible (Cristal)<\/div>\n<div class=\"equipamiento\">&#8211; Reflector del faro<\/div>\n<div class=\"equipamiento\">&#8211; Intermitente en Retrovisor exterior integrad.<\/div>\n<div class=\"equipamiento\">&#8211; Regulaci\u00f3n del alcance de las luces autom<\/div>\n<div class=\"equipamiento\">&#8211; Luces antiniebla<\/div>\n<div class=\"equipamiento\">&#8211; Faros Bi-LED<\/div>\n<div class=\"equipamiento\">&#8211; Funci\u00f3n autom\u00e1tica de las luces (Follow me home, FMH)<\/div>\n<div class=\"equipamiento\">&#8211; Pilotos traseros LED<\/div>\n<div class=\"equipamiento\">&#8211; Luz de d\u00eda LED<\/div>\n<div class=\"equipamiento\">&#8211; Lavafaros (Equipo lavafaros)<\/div>\n<div class=\"equipamiento\">&#8211; Limpiaparabrisas con Sensor de lluvia<\/div>\n<div class=\"equipamiento\">&#8211; Eyectores de l\u00edquido limpiaparabrisas calefactable(s)<\/div>\n<div class=\"equipamiento\">&#8211; Descongelante del limpiaparabrisas delante<\/div>\n<div class=\"equipamiento\">&#8211; Lunas detr\u00e1s tintadas<\/div>\n<div class=\"equipamiento\">&#8211; Lunas at\u00e9rmicas tintado<\/div>\n<div class=\"equipamiento\">&#8211; DAB-Tuner (Receptor de radio digital)<\/div>\n<div class=\"equipamiento\">&#8211; Sistema de audio: Multimedia Toyota Touch con C\u00e1mara de marcha atr\u00e1s<\/div>\n<div class=\"equipamiento\">&#8211; Asistente a la conducci\u00f3n: sistema de seguridad Toyota Connect con autom\u00e1tico Aviso de socorro (eCall)<\/div>\n<div class=\"equipamiento\">&#8211; Smartphone-Integraci\u00f3n x-connect (Apple CarPlay y Android Auto)<\/div>\n<div class=\"equipamiento\">&#8211; Sistema de navegaci\u00f3n: Navegador movible TomTom Go<\/div>\n<div class=\"equipamiento\">&#8211; Ayuda aparcamiento delante<\/div>\n<div class=\"equipamiento\">&#8211; Ayuda aparcamiento delante y detr\u00e1s<\/div>\n<div class=\"equipamiento\">&#8211; Sistema control presi\u00f3n neum\u00e1ticos<\/div>\n<div class=\"equipamiento\">&#8211; Sistema de airbag para la cabeza 2\u00aa fila de asientos<\/div>\n<div class=\"equipamiento\">&#8211; Airbag de rodilla lado del conductor<\/div>\n<div class=\"equipamiento\">&#8211; Airbag conductor\/acompa\u00f1ante<\/div>\n<div class=\"equipamiento\">&#8211; Sistema de airbag para la cabeza<\/div>\n<div class=\"equipamiento\">&#8211; Airbag lateral delante<\/div>\n<div class=\"equipamiento\">&#8211; Airbag acompa\u00f1ante Desconectable<\/div>\n<div class=\"equipamiento\">&#8211; Reposabrazos central delante con Portaobjetos<\/div>\n<div class=\"equipamiento\">&#8211; Reposabrazos central detr\u00e1s con Portavasos<\/div>\n<div class=\"equipamiento\">&#8211; Climatizador autom\u00e1tico 2-zonas<\/div>\n<div class=\"equipamiento\">&#8211; Calefacci\u00f3n del asiento delante<\/div>\n<div class=\"equipamiento\">&#8211; Calefacci\u00f3n del asiento detr\u00e1s<\/div>\n<div class=\"equipamiento\">&#8211; Asiento delante izquierda regulable el\u00e9ctricamente<\/div>\n<div class=\"equipamiento\">&#8211; Asiento delante izquierda regulable en altura<\/div>\n<div class=\"equipamiento\">&#8211; Bolsas portaobjetos en respaldo asiento conductor<\/div>\n<div class=\"equipamiento\">&#8211; Soporte lumbar Asiento delante izquierda, regulable el\u00e9ctricamente<\/div>\n<div class=\"equipamiento\">&#8211; Asiento trasero dividido<\/div>\n<div class=\"equipamiento\">&#8211; Respaldos de los asientos traseros regulable en inclinaci\u00f3n<\/div>\n<div class=\"equipamiento\">&#8211; Asiento trasero plegable<\/div>\n<div class=\"equipamiento\">&#8211; Asiento ni\u00f1o Isofix<\/div>\n<div class=\"equipamiento\">&#8211; Reposacabezas delante y detr\u00e1s regulable<\/div>\n<div class=\"equipamiento\">&#8211; Elevalunas el\u00e9ctric. delante + detr\u00e1s<\/div>\n<div class=\"equipamiento\">&#8211; Cierre centralizado \/ Instalaci\u00f3n de arranque Smart-Key, Entry&amp;drive<\/div>\n<div class=\"equipamiento\">&#8211; Agarraderos de la puerta ext. color carrocer\u00eda<\/div>\n<div class=\"equipamiento\">&#8211; Dispositivo de alarma para Cinturones de seguridad delante<\/div>\n<div class=\"equipamiento\">&#8211; Dispositivo de alarma para Cinturones de seguridad detr\u00e1s<\/div>\n<div class=\"equipamiento\">&#8211; Sistema de protecci\u00f3n-antiderrapante<\/div>\n<div class=\"equipamiento\">&#8211; Toyota Safety Sense<\/div>\n<div class=\"equipamiento\">&#8211; Retrovisor interior con sistema antideslumbramiento autom.<\/div>\n<div class=\"equipamiento\">&#8211; Inmovilizador<\/div>\n<div class=\"equipamiento\">&#8211; Protecci\u00f3n ac\u00fastica de peatones (Sonido exterior, AVAS)<\/div>\n<div class=\"equipamiento\">&#8211; Enchufe (enchufe 12V) en consola central<\/div>\n<div class=\"equipamiento\">&#8211; Asistente de aparcamiento Intelligent Park Assist<\/div>\n<div class=\"equipamiento\">&#8211; Sistema antibloqueo (ABS)<\/div>\n<div class=\"equipamiento\">&#8211; Asistente del freno<\/div>\n<div class=\"equipamiento\">&#8211; Llantas de aleaci\u00f3n 7&#215;18<\/div>\n<div class=\"equipamiento\">&#8211; Kit reparaci\u00f3n de neum\u00e1ticos<\/div>\n<div class=\"equipamiento\">&#8211; Volante calefactable(s)<\/div>\n<div class=\"equipamiento\">&#8211; Volante con Levas<\/div>\n<div class=\"equipamiento\">&#8211; Direcci\u00f3n asistida el\u00e9ctric.<\/div>\n<div class=\"equipamiento\">&#8211; Tipo transmisi\u00f3n: Tracci\u00f3n total<\/div>\n<div class=\"equipamiento\">&#8211; Programa electr\u00f3nico de estabilidad con Regulaci\u00f3n antideslizante (VSC con TRC)<\/div>\n<div class=\"equipamiento\">&#8211; Asistente a la conducci\u00f3n: Control de subidas en montes (HAC)<\/div>\n<div class=\"equipamiento\">&#8211; Batalla 2690 mm<\/div>\n<div class=\"equipamiento\">&#8211; Bater\u00eda HV (Lithium-Ionen)<\/div>\n<div class=\"equipamiento\">&#8211; Caja de cambios autom\u00e1tica continua &#8211; Multidrive ECVT<\/div>\n<div class=\"equipamiento\">&#8211; Reducci\u00f3n poluci\u00f3n seg\u00fan norma gases escape Euro 6d<\/div>\n<div class=\"equipamiento\">&#8211; Motor el\u00e9ctrico Eje delant. 134 kW \/ ET 40 kW (Propulsi\u00f3n h\u00edbrida)<\/div>\n<div class=\"equipamiento\">&#8211; H\u00edbrido 225 kW (Motor 2,5 Ltr. &#8211; 136 kW 16V)<\/div>\n<\/div>\n<\/div>\n<div class=\"equipamiento\"><\/div>\n<\/div>\n<div><\/div>\n<div><\/div>\n","protected":false},"excerpt":{"rendered":"<p><strong>TOYOTA RAV4\u00a0 \u00a0PLUG-IN ADAVANCE\u00a0 awd 2024<\/strong><\/p>\n<p><strong>Estado:<\/strong> gerencia<\/p>\n<p><strong>Matriculacion:<\/strong>\u00a0 noviembre 2024<\/p>\n<p><strong>Color:<\/strong>\u00a0 blanco<\/p>\n<p><strong>Combustible:<\/strong> gasolina .hibrido autorrecargable<\/p>\n<p><strong>Transmision:<\/strong> automatico continua multidrive-ecvt 4&#215;4<\/p>\n<p style=\"text-align: left;\"><strong>Potencia:<\/strong>\u00a0 \u00a0225kw\/306cv<\/p>\n<p style=\"text-align: left;\"><strong>Cilindrada:<\/strong>\u00a0 \u00a02487cc<\/p>\n<p style=\"text-align: left;\"><strong>Tarjeta emisiones:<\/strong> ECO (verde\/azul)<\/p>\n<p style=\"text-align: left;\"><strong>Kilometros:<\/strong>\u00a0 11.990<\/p>\n<p style=\"text-align: left;\"><strong>Garantia:<\/strong>\u00a0 \u00a024 meses garantia con km ilimitados oficial Toyota. Relax Toyota 15 a\u00f1os de garantia desde matriculacion &#8211; hasta 250.000km<\/p>\n<p><strong>PRECIO CONTADO:\u00a0<\/strong> 47.250\u20ac\u00a0 iva deducible<\/p>\n<p style=\"text-align: left;\"><strong>PRECIO FINANCIADO:<\/strong> 46.250\u20ac (sujeto a campa\u00f1a de financiacion,consulta condiciones).<span style=\"font-family: Georgia, 'Times New Roman', 'Bitstream Charter', Times, serif;\">Tambien financiacion multiopcion consulta condiciones.<\/span><\/p>\n<p>Todos nuestros vehiculos Toyota han pasado una revision de 150 puntos bajo la premisa de los estandares de calidad que certifican su kilometraje y la no siniestralidad estructural.Mantenimiento realizados en servicio oficial.<\/p>\n<p><em><strong>AUTOADA OCASIO.<\/strong><\/em><br \/>\nVenta vehiculos multimarca seminuevos y ocasion.<\/p>\n<p>Gastos gestoria no incluidos en el precio.12 meses garantia contractual.Financiamos el 100% consulta condiciones.Gestion de financiacion.Valoramos y aceptamos su vehiculo actual como entrada.Este anuncio y el precio sera valido salvo error tipografico.Este anuncio no es vinculante se muestra a titulo informativo no contractual.<\/p>\n","protected":false},"featured_media":26192,"template":"","meta":{"inline_featured_image":false},"product_cat":[56],"product_tag":[],"class_list":{"0":"post-26187","1":"product","2":"type-product","3":"status-publish","4":"has-post-thumbnail","6":"product_brand-toyota","7":"product_cat-suv","9":"first","10":"instock","11":"featured","12":"shipping-taxable","13":"purchasable","14":"product-type-simple"},"yoast_head":"<!-- This site is optimized with the Yoast SEO plugin v27.3 - https:\/\/yoast.com\/product\/yoast-seo-wordpress\/ -->\n<title>TOYOTA RAV 4 - Tallers Autoada<\/title>\n<meta name=\"robots\" content=\"noindex, follow\" \/>\n<meta property=\"og:locale\" content=\"es_ES\" \/>\n<meta property=\"og:type\" content=\"article\" \/>\n<meta property=\"og:title\" content=\"TOYOTA RAV 4 - Tallers Autoada\" \/>\n<meta property=\"og:description\" content=\"TOYOTA RAV4\u00a0 \u00a0PLUG-IN ADAVANCE\u00a0 awd 2024  Estado: gerencia  Matriculacion:\u00a0 noviembre 2024  Color:\u00a0 blanco  Combustible: gasolina .hibrido autorrecargable  Transmision: automatico continua multidrive-ecvt 4x4 Potencia:\u00a0 \u00a0225kw\/306cv Cilindrada:\u00a0 \u00a02487cc Tarjeta emisiones: ECO (verde\/azul) Kilometros:\u00a0 11.990 Garantia:\u00a0 \u00a024 meses garantia con km ilimitados oficial Toyota. Relax Toyota 15 a\u00f1os de garantia desde matriculacion - hasta 250.000km PRECIO CONTADO:\u00a0 47.250\u20ac\u00a0 iva deducible PRECIO FINANCIADO: 46.250\u20ac (sujeto a campa\u00f1a de financiacion,consulta condiciones).Tambien financiacion multiopcion consulta condiciones. Todos nuestros vehiculos Toyota han pasado una revision de 150 puntos bajo la premisa de los estandares de calidad que certifican su kilometraje y la no siniestralidad estructural.Mantenimiento realizados en servicio oficial.  AUTOADA OCASIO. Venta vehiculos multimarca seminuevos y ocasion.  Gastos gestoria no incluidos en el precio.12 meses garantia contractual.Financiamos el 100% consulta condiciones.Gestion de financiacion.Valoramos y aceptamos su vehiculo actual como entrada.Este anuncio y el precio sera valido salvo error tipografico.Este anuncio no es vinculante se muestra a titulo informativo no contractual.\" \/>\n<meta property=\"og:url\" content=\"https:\/\/tallersautoada.com\/producte\/toyota-rav-4-2\/\" \/>\n<meta property=\"og:site_name\" content=\"Tallers Autoada\" \/>\n<meta property=\"article:modified_time\" content=\"2026-03-31T08:21:48+00:00\" \/>\n<meta property=\"og:image\" content=\"https:\/\/tallersautoada.com\/wp-content\/uploads\/2025\/11\/Diapositiva1-4.jpg\" \/>\n\t<meta property=\"og:image:width\" content=\"960\" \/>\n\t<meta property=\"og:image:height\" content=\"720\" \/>\n\t<meta property=\"og:image:type\" content=\"image\/jpeg\" \/>\n<meta name=\"twitter:card\" content=\"summary_large_image\" \/>\n<meta name=\"twitter:label1\" content=\"Est. reading time\" \/>\n\t<meta name=\"twitter:data1\" content=\"3 minutes\" \/>\n<script type=\"application\/ld+json\" class=\"yoast-schema-graph\">{\"@context\":\"https:\\\/\\\/schema.org\",\"@graph\":[{\"@type\":\"WebPage\",\"@id\":\"https:\\\/\\\/tallersautoada.com\\\/producte\\\/toyota-rav-4-2\\\/\",\"url\":\"https:\\\/\\\/tallersautoada.com\\\/producte\\\/toyota-rav-4-2\\\/\",\"name\":\"TOYOTA RAV 4 - Tallers Autoada\",\"isPartOf\":{\"@id\":\"https:\\\/\\\/tallersautoada.com\\\/#website\"},\"primaryImageOfPage\":{\"@id\":\"https:\\\/\\\/tallersautoada.com\\\/producte\\\/toyota-rav-4-2\\\/#primaryimage\"},\"image\":{\"@id\":\"https:\\\/\\\/tallersautoada.com\\\/producte\\\/toyota-rav-4-2\\\/#primaryimage\"},\"thumbnailUrl\":\"https:\\\/\\\/tallersautoada.com\\\/wp-content\\\/uploads\\\/2025\\\/11\\\/Diapositiva1-4.jpg\",\"datePublished\":\"2025-11-05T15:24:28+00:00\",\"dateModified\":\"2026-03-31T08:21:48+00:00\",\"breadcrumb\":{\"@id\":\"https:\\\/\\\/tallersautoada.com\\\/producte\\\/toyota-rav-4-2\\\/#breadcrumb\"},\"inLanguage\":\"es-ES\",\"potentialAction\":[{\"@type\":\"ReadAction\",\"target\":[\"https:\\\/\\\/tallersautoada.com\\\/producte\\\/toyota-rav-4-2\\\/\"]}]},{\"@type\":\"ImageObject\",\"inLanguage\":\"es-ES\",\"@id\":\"https:\\\/\\\/tallersautoada.com\\\/producte\\\/toyota-rav-4-2\\\/#primaryimage\",\"url\":\"https:\\\/\\\/tallersautoada.com\\\/wp-content\\\/uploads\\\/2025\\\/11\\\/Diapositiva1-4.jpg\",\"contentUrl\":\"https:\\\/\\\/tallersautoada.com\\\/wp-content\\\/uploads\\\/2025\\\/11\\\/Diapositiva1-4.jpg\",\"width\":960,\"height\":720},{\"@type\":\"BreadcrumbList\",\"@id\":\"https:\\\/\\\/tallersautoada.com\\\/producte\\\/toyota-rav-4-2\\\/#breadcrumb\",\"itemListElement\":[{\"@type\":\"ListItem\",\"position\":1,\"name\":\"Inici\",\"item\":\"https:\\\/\\\/tallersautoada.com\\\/es\\\/inicio\\\/\"},{\"@type\":\"ListItem\",\"position\":2,\"name\":\"Veh\u00edculos en Venta\",\"item\":\"https:\\\/\\\/tallersautoada.com\\\/es\\\/vehiculos-en-venta-2\\\/\"},{\"@type\":\"ListItem\",\"position\":3,\"name\":\"TOYOTA RAV 4\"}]},{\"@type\":\"WebSite\",\"@id\":\"https:\\\/\\\/tallersautoada.com\\\/#website\",\"url\":\"https:\\\/\\\/tallersautoada.com\\\/\",\"name\":\"Tallers Autoada\",\"description\":\"Taller mec\u00e0nic, electricitat, planxa i pintura i centre de rentat\",\"publisher\":{\"@id\":\"https:\\\/\\\/tallersautoada.com\\\/#organization\"},\"potentialAction\":[{\"@type\":\"SearchAction\",\"target\":{\"@type\":\"EntryPoint\",\"urlTemplate\":\"https:\\\/\\\/tallersautoada.com\\\/?s={search_term_string}\"},\"query-input\":{\"@type\":\"PropertyValueSpecification\",\"valueRequired\":true,\"valueName\":\"search_term_string\"}}],\"inLanguage\":\"es-ES\"},{\"@type\":\"Organization\",\"@id\":\"https:\\\/\\\/tallersautoada.com\\\/#organization\",\"name\":\"Tallers Autoada\",\"url\":\"https:\\\/\\\/tallersautoada.com\\\/\",\"logo\":{\"@type\":\"ImageObject\",\"inLanguage\":\"es-ES\",\"@id\":\"https:\\\/\\\/tallersautoada.com\\\/#\\\/schema\\\/logo\\\/image\\\/\",\"url\":\"https:\\\/\\\/tallersautoada.com\\\/wp-content\\\/uploads\\\/2023\\\/01\\\/tallersautoada-logo.png\",\"contentUrl\":\"https:\\\/\\\/tallersautoada.com\\\/wp-content\\\/uploads\\\/2023\\\/01\\\/tallersautoada-logo.png\",\"width\":1006,\"height\":395,\"caption\":\"Tallers Autoada\"},\"image\":{\"@id\":\"https:\\\/\\\/tallersautoada.com\\\/#\\\/schema\\\/logo\\\/image\\\/\"}}]}<\/script>\n<!-- \/ Yoast SEO plugin. -->","yoast_head_json":{"title":"TOYOTA RAV 4 - Tallers Autoada","robots":{"index":"noindex","follow":"follow"},"og_locale":"es_ES","og_type":"article","og_title":"TOYOTA RAV 4 - Tallers Autoada","og_description":"TOYOTA RAV4\u00a0 \u00a0PLUG-IN ADAVANCE\u00a0 awd 2024  Estado: gerencia  Matriculacion:\u00a0 noviembre 2024  Color:\u00a0 blanco  Combustible: gasolina .hibrido autorrecargable  Transmision: automatico continua multidrive-ecvt 4x4 Potencia:\u00a0 \u00a0225kw\/306cv Cilindrada:\u00a0 \u00a02487cc Tarjeta emisiones: ECO (verde\/azul) Kilometros:\u00a0 11.990 Garantia:\u00a0 \u00a024 meses garantia con km ilimitados oficial Toyota. Relax Toyota 15 a\u00f1os de garantia desde matriculacion - hasta 250.000km PRECIO CONTADO:\u00a0 47.250\u20ac\u00a0 iva deducible PRECIO FINANCIADO: 46.250\u20ac (sujeto a campa\u00f1a de financiacion,consulta condiciones).Tambien financiacion multiopcion consulta condiciones. Todos nuestros vehiculos Toyota han pasado una revision de 150 puntos bajo la premisa de los estandares de calidad que certifican su kilometraje y la no siniestralidad estructural.Mantenimiento realizados en servicio oficial.  AUTOADA OCASIO. Venta vehiculos multimarca seminuevos y ocasion.  Gastos gestoria no incluidos en el precio.12 meses garantia contractual.Financiamos el 100% consulta condiciones.Gestion de financiacion.Valoramos y aceptamos su vehiculo actual como entrada.Este anuncio y el precio sera valido salvo error tipografico.Este anuncio no es vinculante se muestra a titulo informativo no contractual.","og_url":"https:\/\/tallersautoada.com\/producte\/toyota-rav-4-2\/","og_site_name":"Tallers Autoada","article_modified_time":"2026-03-31T08:21:48+00:00","og_image":[{"width":960,"height":720,"url":"https:\/\/tallersautoada.com\/wp-content\/uploads\/2025\/11\/Diapositiva1-4.jpg","type":"image\/jpeg"}],"twitter_card":"summary_large_image","twitter_misc":{"Est. reading time":"3 minutes"},"schema":{"@context":"https:\/\/schema.org","@graph":[{"@type":"WebPage","@id":"https:\/\/tallersautoada.com\/producte\/toyota-rav-4-2\/","url":"https:\/\/tallersautoada.com\/producte\/toyota-rav-4-2\/","name":"TOYOTA RAV 4 - Tallers Autoada","isPartOf":{"@id":"https:\/\/tallersautoada.com\/#website"},"primaryImageOfPage":{"@id":"https:\/\/tallersautoada.com\/producte\/toyota-rav-4-2\/#primaryimage"},"image":{"@id":"https:\/\/tallersautoada.com\/producte\/toyota-rav-4-2\/#primaryimage"},"thumbnailUrl":"https:\/\/tallersautoada.com\/wp-content\/uploads\/2025\/11\/Diapositiva1-4.jpg","datePublished":"2025-11-05T15:24:28+00:00","dateModified":"2026-03-31T08:21:48+00:00","breadcrumb":{"@id":"https:\/\/tallersautoada.com\/producte\/toyota-rav-4-2\/#breadcrumb"},"inLanguage":"es-ES","potentialAction":[{"@type":"ReadAction","target":["https:\/\/tallersautoada.com\/producte\/toyota-rav-4-2\/"]}]},{"@type":"ImageObject","inLanguage":"es-ES","@id":"https:\/\/tallersautoada.com\/producte\/toyota-rav-4-2\/#primaryimage","url":"https:\/\/tallersautoada.com\/wp-content\/uploads\/2025\/11\/Diapositiva1-4.jpg","contentUrl":"https:\/\/tallersautoada.com\/wp-content\/uploads\/2025\/11\/Diapositiva1-4.jpg","width":960,"height":720},{"@type":"BreadcrumbList","@id":"https:\/\/tallersautoada.com\/producte\/toyota-rav-4-2\/#breadcrumb","itemListElement":[{"@type":"ListItem","position":1,"name":"Inici","item":"https:\/\/tallersautoada.com\/es\/inicio\/"},{"@type":"ListItem","position":2,"name":"Veh\u00edculos en Venta","item":"https:\/\/tallersautoada.com\/es\/vehiculos-en-venta-2\/"},{"@type":"ListItem","position":3,"name":"TOYOTA RAV 4"}]},{"@type":"WebSite","@id":"https:\/\/tallersautoada.com\/#website","url":"https:\/\/tallersautoada.com\/","name":"Tallers Autoada","description":"Taller mec\u00e0nic, electricitat, planxa i pintura i centre de rentat","publisher":{"@id":"https:\/\/tallersautoada.com\/#organization"},"potentialAction":[{"@type":"SearchAction","target":{"@type":"EntryPoint","urlTemplate":"https:\/\/tallersautoada.com\/?s={search_term_string}"},"query-input":{"@type":"PropertyValueSpecification","valueRequired":true,"valueName":"search_term_string"}}],"inLanguage":"es-ES"},{"@type":"Organization","@id":"https:\/\/tallersautoada.com\/#organization","name":"Tallers Autoada","url":"https:\/\/tallersautoada.com\/","logo":{"@type":"ImageObject","inLanguage":"es-ES","@id":"https:\/\/tallersautoada.com\/#\/schema\/logo\/image\/","url":"https:\/\/tallersautoada.com\/wp-content\/uploads\/2023\/01\/tallersautoada-logo.png","contentUrl":"https:\/\/tallersautoada.com\/wp-content\/uploads\/2023\/01\/tallersautoada-logo.png","width":1006,"height":395,"caption":"Tallers Autoada"},"image":{"@id":"https:\/\/tallersautoada.com\/#\/schema\/logo\/image\/"}}]}},"_links":{"self":[{"href":"https:\/\/tallersautoada.com\/es\/wp-json\/wp\/v2\/product\/26187","targetHints":{"allow":["GET"]}}],"collection":[{"href":"https:\/\/tallersautoada.com\/es\/wp-json\/wp\/v2\/product"}],"about":[{"href":"https:\/\/tallersautoada.com\/es\/wp-json\/wp\/v2\/types\/product"}],"version-history":[{"count":5,"href":"https:\/\/tallersautoada.com\/es\/wp-json\/wp\/v2\/product\/26187\/revisions"}],"predecessor-version":[{"id":30941,"href":"https:\/\/tallersautoada.com\/es\/wp-json\/wp\/v2\/product\/26187\/revisions\/30941"}],"wp:featuredmedia":[{"embeddable":true,"href":"https:\/\/tallersautoada.com\/es\/wp-json\/wp\/v2\/media\/26192"}],"wp:attachment":[{"href":"https:\/\/tallersautoada.com\/es\/wp-json\/wp\/v2\/media?parent=26187"}],"wp:term":[{"taxonomy":"product_cat","embeddable":true,"href":"https:\/\/tallersautoada.com\/es\/wp-json\/wp\/v2\/product_cat?post=26187"},{"taxonomy":"product_tag","embeddable":true,"href":"https:\/\/tallersautoada.com\/es\/wp-json\/wp\/v2\/product_tag?post=26187"}],"curies":[{"name":"wp","href":"https:\/\/api.w.org\/{rel}","templated":true}]}}