{"id":26333,"date":"2025-11-06T10:07:35","date_gmt":"2025-11-06T08:07:35","guid":{"rendered":"https:\/\/tallersautoada.com\/?post_type=product&#038;p=26333"},"modified":"2026-03-24T11:03:55","modified_gmt":"2026-03-24T09:03:55","slug":"nissan-x-trail","status":"publish","type":"product","link":"https:\/\/tallersautoada.com\/es\/producte\/nissan-x-trail\/","title":{"rendered":"NISSAN X-TRAIL"},"content":{"rendered":"<div id=\"divEquipamiento1\" class=\"equipamiento content\">\n<div class=\"equipamiento\">\n<div id=\"divEquipamiento1\" class=\"equipamiento content\">\n<div class=\"equipamiento\">\n<p><span id=\"vehiculoEquipamiento1\" class=\"collapsible active\">Equipamiento Serie<\/span><\/p>\n<div id=\"divEquipamiento1\" class=\"equipamiento content\">\n<div class=\"equipamiento\">&#8211; Carrocer\u00eda: 5 puertas<\/div>\n<div class=\"equipamiento\">&#8211; Retrovisor exterior regulable el\u00e9ctricamente y calefactable<\/div>\n<div class=\"equipamiento\">&#8211; Asistente a la conducci\u00f3n: Reconocimiento de se\u00f1ales de tr\u00e1fico<\/div>\n<div class=\"equipamiento\">&#8211; Luz antiniebla trasera<\/div>\n<div class=\"equipamiento\">&#8211; 3. Luces de freno<\/div>\n<div class=\"equipamiento\">&#8211; Luz de d\u00eda LED<\/div>\n<div class=\"equipamiento\">&#8211; Parachoques color carrocer\u00eda<\/div>\n<div class=\"equipamiento\">&#8211; Lunas at\u00e9rmicas con protecci\u00f3n-UV<\/div>\n<div class=\"equipamiento\">&#8211; Parabrisas Vidrio laminado<\/div>\n<div class=\"equipamiento\">&#8211; Luna trasera calefactable(s)<\/div>\n<div class=\"equipamiento\">&#8211; Receptor de radio digital (DAB)<\/div>\n<div class=\"equipamiento\">&#8211; Sistema de audio: Radio con Lector de CD y 4 Altavoces<\/div>\n<div class=\"equipamiento\">&#8211; mandos del ordenador\/audio el Volante<\/div>\n<div class=\"equipamiento\">&#8211; Instalaci\u00f3n de manos libres Bluetooth<\/div>\n<div class=\"equipamiento\">&#8211; Conector-USB<\/div>\n<div class=\"equipamiento\">&#8211; Ordenador de a bordo<\/div>\n<div class=\"equipamiento\">&#8211; Asistente a la conducci\u00f3n: Dispositivo de alarma para velocidad ac\u00fastico (Speed-Limiter)<\/div>\n<div class=\"equipamiento\">&#8211; Sistema control presi\u00f3n neum\u00e1ticos<\/div>\n<div class=\"equipamiento\">&#8211; Control de crucero (Tempomat)<\/div>\n<div class=\"equipamiento\">&#8211; Sistema de airbag para la cabeza<\/div>\n<div class=\"equipamiento\">&#8211; Airbag conductor\/acompa\u00f1ante y Airbag lateral delante<\/div>\n<div class=\"equipamiento\">&#8211; Airbag acompa\u00f1ante Desconectable<\/div>\n<div class=\"equipamiento\">&#8211; Reposabrazos central delante<\/div>\n<div class=\"equipamiento\">&#8211; Reposabrazos central detr\u00e1s con Portavasos<\/div>\n<div class=\"equipamiento\">&#8211; Aire acondicionado<\/div>\n<div class=\"equipamiento\">&#8211; tapicer\u00eda asientos: Tela<\/div>\n<div class=\"equipamiento\">&#8211; Asiento confort delante izquierda<\/div>\n<div class=\"equipamiento\">&#8211; Asiento confort delante derecha<\/div>\n<div class=\"equipamiento\">&#8211; Asiento delante izquierda regulable en altura<\/div>\n<div class=\"equipamiento\">&#8211; Asiento trasero practicable<\/div>\n<div class=\"equipamiento\">&#8211; Equipamiento asientos: 5 asientos<\/div>\n<div class=\"equipamiento\">&#8211; Reposacabezas delante regulable<\/div>\n<div class=\"equipamiento\">&#8211; Elevalunas el\u00e9ctric. delante + detr\u00e1s<\/div>\n<div class=\"equipamiento\">&#8211; Cierre centralizado con Mando a distancia<\/div>\n<div class=\"equipamiento\">&#8211; Desbloqueo a distancia Tapa del dep\u00f3sito<\/div>\n<div class=\"equipamiento\">&#8211; Agarraderos de la puerta ext. Cromado<\/div>\n<div class=\"equipamiento\">&#8211; Tensor del cintur\u00f3n<\/div>\n<div class=\"equipamiento\">&#8211; Retrovisor interior con sistema antideslumbramiento autom.<\/div>\n<div class=\"equipamiento\">&#8211; Parasoles con Espejo (iluminaci\u00f3n)<\/div>\n<div class=\"equipamiento\">&#8211; Inmovilizador (electr\u00f3nico)<\/div>\n<div class=\"equipamiento\">&#8211; Enchufe (enchufe 12V) en consola central<\/div>\n<div class=\"equipamiento\">&#8211; Anclajes Isofix para Asiento para ni\u00f1os<\/div>\n<div class=\"equipamiento\">&#8211; Sistema antibloqueo (ABS)<\/div>\n<div class=\"equipamiento\">&#8211; Asistente a la conducci\u00f3n: Freno de emergencia aut\u00f3nomo<\/div>\n<div class=\"equipamiento\">&#8211; Freno de estacionamiento el\u00e9ctric.<\/div>\n<div class=\"equipamiento\">&#8211; Asistente a la conducci\u00f3n: Control frenos en curvas (Control de carril activo)<\/div>\n<div class=\"equipamiento\">&#8211; Asistente a la conducci\u00f3n: Regulaci\u00f3n activa de la marcha (Amortiguaci\u00f3n del chasis)<\/div>\n<div class=\"equipamiento\">&#8211; Asistente a la conducci\u00f3n: Asistente de mantenimiento de carril<\/div>\n<div class=\"equipamiento\">&#8211; Llantas de aleaci\u00f3n 7&#215;17<\/div>\n<div class=\"equipamiento\">&#8211; Columna de direcci\u00f3n (Volante) regulable altura y longitud<\/div>\n<div class=\"equipamiento\">&#8211; Direcci\u00f3n asistida electromec\u00e1nica<\/div>\n<div class=\"equipamiento\">&#8211; Programa electr\u00f3nico de estabilidad (ESP)<\/div>\n<div class=\"equipamiento\">&#8211; Tipo transmisi\u00f3n: Tracci\u00f3n delantera<\/div>\n<div class=\"equipamiento\">&#8211; Asistente a la conducci\u00f3n: Asistente de subidas<\/div>\n<div class=\"equipamiento\">&#8211; Batalla 2706 mm<\/div>\n<div class=\"equipamiento\">&#8211; Caja de cambios 6-marcha<\/div>\n<div class=\"equipamiento\">&#8211; Reducci\u00f3n poluci\u00f3n seg\u00fan norma gases escape Euro 5<\/div>\n<div class=\"equipamiento\">&#8211; Sistema Start\/Stop<\/div>\n<div class=\"equipamiento\">&#8211; Filtro part\u00edculas<\/div>\n<div class=\"equipamiento\">&#8211; Motor 1,6 Ltr. &#8211; 96 kW dCi Turbodiesel CAT<\/div>\n<\/div>\n<\/div>\n<div class=\"equipamiento\"><\/div>\n<div class=\"equipamiento\"><\/div>\n<\/div>\n<\/div>\n<div class=\"equipamiento\"><\/div>\n<\/div>\n<div><\/div>\n<div><\/div>\n","protected":false},"excerpt":{"rendered":"<p><strong>NISSAN X-TRAIL TEKNA 2017<\/strong><\/p>\n<p><strong>Estado:<\/strong> ocasion<\/p>\n<p><strong>Matriculacion:<\/strong>\u00a0 julio 2017<\/p>\n<p><strong>Color:<\/strong>\u00a0 verde oscuro<\/p>\n<p><strong>Combustible:<\/strong> diesel<\/p>\n<p><strong>Transmision:<\/strong> automatico 4&#215;2<\/p>\n<p style=\"text-align: left;\"><strong>Potencia:<\/strong>\u00a0 \u00a096kw\/131cv<\/p>\n<p style=\"text-align: left;\"><strong>Cilindrada:<\/strong>\u00a0 \u00a01598cc<\/p>\n<p style=\"text-align: left;\"><strong>Tarjeta emisiones:<\/strong> C(verde)<\/p>\n<p style=\"text-align: left;\"><strong>Kilometros:<\/strong>\u00a0 97.100<\/p>\n<p style=\"text-align: left;\"><strong>Garantia:<\/strong>\u00a0 \u00a012 meses garantia<\/p>\n<p><strong>PRECIO CONTADO:\u00a0<\/strong> 19.000\u20ac<\/p>\n<p style=\"text-align: left;\"><strong>PRECIO FINANCIADO:<\/strong>\u00a0 17.950\u20ac (sujeto a campa\u00f1a de financiacion,consulta condiciones).<\/p>\n<p><em><strong>AUTOADA OCASIO.<\/strong><\/em><br \/>\nVenta vehiculos multimarca seminuevos y ocasion.<\/p>\n<p>Gastos gestoria no incluidos en el precio.12 meses garantia contractual.Financiamos el 100% consulta condiciones.Gestion de financiacion.Valoramos y aceptamos su vehiculo actual como entrada.Este anuncio y el precio sera valido salvo error tipografico.Este anuncio no es vinculante se muestra a titulo informativo no contractual.<\/p>\n","protected":false},"featured_media":26336,"template":"","meta":{"inline_featured_image":false},"product_cat":[56],"product_tag":[],"class_list":{"0":"post-26333","1":"product","2":"type-product","3":"status-publish","4":"has-post-thumbnail","6":"product_brand-nissan","7":"product_cat-suv","9":"first","10":"instock","11":"featured","12":"shipping-taxable","13":"purchasable","14":"product-type-simple"},"yoast_head":"<!-- This site is optimized with the Yoast SEO plugin v27.3 - https:\/\/yoast.com\/product\/yoast-seo-wordpress\/ -->\n<title>NISSAN X-TRAIL - Tallers Autoada<\/title>\n<meta name=\"robots\" content=\"noindex, follow\" \/>\n<meta property=\"og:locale\" content=\"es_ES\" \/>\n<meta property=\"og:type\" content=\"article\" \/>\n<meta property=\"og:title\" content=\"NISSAN X-TRAIL - Tallers Autoada\" \/>\n<meta property=\"og:description\" content=\"NISSAN X-TRAIL TEKNA 2017  Estado: ocasion  Matriculacion:\u00a0 julio 2017  Color:\u00a0 verde oscuro  Combustible: diesel  Transmision: automatico 4x2 Potencia:\u00a0 \u00a096kw\/131cv Cilindrada:\u00a0 \u00a01598cc Tarjeta emisiones: C(verde) Kilometros:\u00a0 97.100 Garantia:\u00a0 \u00a012 meses garantia PRECIO CONTADO:\u00a0 19.000\u20ac PRECIO FINANCIADO:\u00a0 17.950\u20ac (sujeto a campa\u00f1a de financiacion,consulta condiciones). AUTOADA OCASIO. Venta vehiculos multimarca seminuevos y ocasion.  Gastos gestoria no incluidos en el precio.12 meses garantia contractual.Financiamos el 100% consulta condiciones.Gestion de financiacion.Valoramos y aceptamos su vehiculo actual como entrada.Este anuncio y el precio sera valido salvo error tipografico.Este anuncio no es vinculante se muestra a titulo informativo no contractual.\" \/>\n<meta property=\"og:url\" content=\"https:\/\/tallersautoada.com\/producte\/nissan-x-trail\/\" \/>\n<meta property=\"og:site_name\" content=\"Tallers Autoada\" \/>\n<meta property=\"article:modified_time\" content=\"2026-03-24T09:03:55+00:00\" \/>\n<meta property=\"og:image\" content=\"https:\/\/tallersautoada.com\/wp-content\/uploads\/2025\/11\/Diapositiva2-7.jpg\" \/>\n\t<meta property=\"og:image:width\" content=\"960\" \/>\n\t<meta property=\"og:image:height\" content=\"720\" \/>\n\t<meta property=\"og:image:type\" content=\"image\/jpeg\" \/>\n<meta name=\"twitter:card\" content=\"summary_large_image\" \/>\n<meta name=\"twitter:label1\" content=\"Est. reading time\" \/>\n\t<meta name=\"twitter:data1\" content=\"2 minutes\" \/>\n<script type=\"application\/ld+json\" class=\"yoast-schema-graph\">{\"@context\":\"https:\\\/\\\/schema.org\",\"@graph\":[{\"@type\":\"WebPage\",\"@id\":\"https:\\\/\\\/tallersautoada.com\\\/producte\\\/nissan-x-trail\\\/\",\"url\":\"https:\\\/\\\/tallersautoada.com\\\/producte\\\/nissan-x-trail\\\/\",\"name\":\"NISSAN X-TRAIL - Tallers Autoada\",\"isPartOf\":{\"@id\":\"https:\\\/\\\/tallersautoada.com\\\/#website\"},\"primaryImageOfPage\":{\"@id\":\"https:\\\/\\\/tallersautoada.com\\\/producte\\\/nissan-x-trail\\\/#primaryimage\"},\"image\":{\"@id\":\"https:\\\/\\\/tallersautoada.com\\\/producte\\\/nissan-x-trail\\\/#primaryimage\"},\"thumbnailUrl\":\"https:\\\/\\\/tallersautoada.com\\\/wp-content\\\/uploads\\\/2025\\\/11\\\/Diapositiva2-7.jpg\",\"datePublished\":\"2025-11-06T08:07:35+00:00\",\"dateModified\":\"2026-03-24T09:03:55+00:00\",\"breadcrumb\":{\"@id\":\"https:\\\/\\\/tallersautoada.com\\\/producte\\\/nissan-x-trail\\\/#breadcrumb\"},\"inLanguage\":\"es-ES\",\"potentialAction\":[{\"@type\":\"ReadAction\",\"target\":[\"https:\\\/\\\/tallersautoada.com\\\/producte\\\/nissan-x-trail\\\/\"]}]},{\"@type\":\"ImageObject\",\"inLanguage\":\"es-ES\",\"@id\":\"https:\\\/\\\/tallersautoada.com\\\/producte\\\/nissan-x-trail\\\/#primaryimage\",\"url\":\"https:\\\/\\\/tallersautoada.com\\\/wp-content\\\/uploads\\\/2025\\\/11\\\/Diapositiva2-7.jpg\",\"contentUrl\":\"https:\\\/\\\/tallersautoada.com\\\/wp-content\\\/uploads\\\/2025\\\/11\\\/Diapositiva2-7.jpg\",\"width\":960,\"height\":720},{\"@type\":\"BreadcrumbList\",\"@id\":\"https:\\\/\\\/tallersautoada.com\\\/producte\\\/nissan-x-trail\\\/#breadcrumb\",\"itemListElement\":[{\"@type\":\"ListItem\",\"position\":1,\"name\":\"Inici\",\"item\":\"https:\\\/\\\/tallersautoada.com\\\/es\\\/inicio\\\/\"},{\"@type\":\"ListItem\",\"position\":2,\"name\":\"Veh\u00edculos en Venta\",\"item\":\"https:\\\/\\\/tallersautoada.com\\\/es\\\/vehiculos-en-venta-2\\\/\"},{\"@type\":\"ListItem\",\"position\":3,\"name\":\"NISSAN X-TRAIL\"}]},{\"@type\":\"WebSite\",\"@id\":\"https:\\\/\\\/tallersautoada.com\\\/#website\",\"url\":\"https:\\\/\\\/tallersautoada.com\\\/\",\"name\":\"Tallers Autoada\",\"description\":\"Taller mec\u00e0nic, electricitat, planxa i pintura i centre de rentat\",\"publisher\":{\"@id\":\"https:\\\/\\\/tallersautoada.com\\\/#organization\"},\"potentialAction\":[{\"@type\":\"SearchAction\",\"target\":{\"@type\":\"EntryPoint\",\"urlTemplate\":\"https:\\\/\\\/tallersautoada.com\\\/?s={search_term_string}\"},\"query-input\":{\"@type\":\"PropertyValueSpecification\",\"valueRequired\":true,\"valueName\":\"search_term_string\"}}],\"inLanguage\":\"es-ES\"},{\"@type\":\"Organization\",\"@id\":\"https:\\\/\\\/tallersautoada.com\\\/#organization\",\"name\":\"Tallers Autoada\",\"url\":\"https:\\\/\\\/tallersautoada.com\\\/\",\"logo\":{\"@type\":\"ImageObject\",\"inLanguage\":\"es-ES\",\"@id\":\"https:\\\/\\\/tallersautoada.com\\\/#\\\/schema\\\/logo\\\/image\\\/\",\"url\":\"https:\\\/\\\/tallersautoada.com\\\/wp-content\\\/uploads\\\/2023\\\/01\\\/tallersautoada-logo.png\",\"contentUrl\":\"https:\\\/\\\/tallersautoada.com\\\/wp-content\\\/uploads\\\/2023\\\/01\\\/tallersautoada-logo.png\",\"width\":1006,\"height\":395,\"caption\":\"Tallers Autoada\"},\"image\":{\"@id\":\"https:\\\/\\\/tallersautoada.com\\\/#\\\/schema\\\/logo\\\/image\\\/\"}}]}<\/script>\n<!-- \/ Yoast SEO plugin. -->","yoast_head_json":{"title":"NISSAN X-TRAIL - Tallers Autoada","robots":{"index":"noindex","follow":"follow"},"og_locale":"es_ES","og_type":"article","og_title":"NISSAN X-TRAIL - Tallers Autoada","og_description":"NISSAN X-TRAIL TEKNA 2017  Estado: ocasion  Matriculacion:\u00a0 julio 2017  Color:\u00a0 verde oscuro  Combustible: diesel  Transmision: automatico 4x2 Potencia:\u00a0 \u00a096kw\/131cv Cilindrada:\u00a0 \u00a01598cc Tarjeta emisiones: C(verde) Kilometros:\u00a0 97.100 Garantia:\u00a0 \u00a012 meses garantia PRECIO CONTADO:\u00a0 19.000\u20ac PRECIO FINANCIADO:\u00a0 17.950\u20ac (sujeto a campa\u00f1a de financiacion,consulta condiciones). AUTOADA OCASIO. Venta vehiculos multimarca seminuevos y ocasion.  Gastos gestoria no incluidos en el precio.12 meses garantia contractual.Financiamos el 100% consulta condiciones.Gestion de financiacion.Valoramos y aceptamos su vehiculo actual como entrada.Este anuncio y el precio sera valido salvo error tipografico.Este anuncio no es vinculante se muestra a titulo informativo no contractual.","og_url":"https:\/\/tallersautoada.com\/producte\/nissan-x-trail\/","og_site_name":"Tallers Autoada","article_modified_time":"2026-03-24T09:03:55+00:00","og_image":[{"width":960,"height":720,"url":"https:\/\/tallersautoada.com\/wp-content\/uploads\/2025\/11\/Diapositiva2-7.jpg","type":"image\/jpeg"}],"twitter_card":"summary_large_image","twitter_misc":{"Est. reading time":"2 minutes"},"schema":{"@context":"https:\/\/schema.org","@graph":[{"@type":"WebPage","@id":"https:\/\/tallersautoada.com\/producte\/nissan-x-trail\/","url":"https:\/\/tallersautoada.com\/producte\/nissan-x-trail\/","name":"NISSAN X-TRAIL - Tallers Autoada","isPartOf":{"@id":"https:\/\/tallersautoada.com\/#website"},"primaryImageOfPage":{"@id":"https:\/\/tallersautoada.com\/producte\/nissan-x-trail\/#primaryimage"},"image":{"@id":"https:\/\/tallersautoada.com\/producte\/nissan-x-trail\/#primaryimage"},"thumbnailUrl":"https:\/\/tallersautoada.com\/wp-content\/uploads\/2025\/11\/Diapositiva2-7.jpg","datePublished":"2025-11-06T08:07:35+00:00","dateModified":"2026-03-24T09:03:55+00:00","breadcrumb":{"@id":"https:\/\/tallersautoada.com\/producte\/nissan-x-trail\/#breadcrumb"},"inLanguage":"es-ES","potentialAction":[{"@type":"ReadAction","target":["https:\/\/tallersautoada.com\/producte\/nissan-x-trail\/"]}]},{"@type":"ImageObject","inLanguage":"es-ES","@id":"https:\/\/tallersautoada.com\/producte\/nissan-x-trail\/#primaryimage","url":"https:\/\/tallersautoada.com\/wp-content\/uploads\/2025\/11\/Diapositiva2-7.jpg","contentUrl":"https:\/\/tallersautoada.com\/wp-content\/uploads\/2025\/11\/Diapositiva2-7.jpg","width":960,"height":720},{"@type":"BreadcrumbList","@id":"https:\/\/tallersautoada.com\/producte\/nissan-x-trail\/#breadcrumb","itemListElement":[{"@type":"ListItem","position":1,"name":"Inici","item":"https:\/\/tallersautoada.com\/es\/inicio\/"},{"@type":"ListItem","position":2,"name":"Veh\u00edculos en Venta","item":"https:\/\/tallersautoada.com\/es\/vehiculos-en-venta-2\/"},{"@type":"ListItem","position":3,"name":"NISSAN X-TRAIL"}]},{"@type":"WebSite","@id":"https:\/\/tallersautoada.com\/#website","url":"https:\/\/tallersautoada.com\/","name":"Tallers Autoada","description":"Taller mec\u00e0nic, electricitat, planxa i pintura i centre de rentat","publisher":{"@id":"https:\/\/tallersautoada.com\/#organization"},"potentialAction":[{"@type":"SearchAction","target":{"@type":"EntryPoint","urlTemplate":"https:\/\/tallersautoada.com\/?s={search_term_string}"},"query-input":{"@type":"PropertyValueSpecification","valueRequired":true,"valueName":"search_term_string"}}],"inLanguage":"es-ES"},{"@type":"Organization","@id":"https:\/\/tallersautoada.com\/#organization","name":"Tallers Autoada","url":"https:\/\/tallersautoada.com\/","logo":{"@type":"ImageObject","inLanguage":"es-ES","@id":"https:\/\/tallersautoada.com\/#\/schema\/logo\/image\/","url":"https:\/\/tallersautoada.com\/wp-content\/uploads\/2023\/01\/tallersautoada-logo.png","contentUrl":"https:\/\/tallersautoada.com\/wp-content\/uploads\/2023\/01\/tallersautoada-logo.png","width":1006,"height":395,"caption":"Tallers Autoada"},"image":{"@id":"https:\/\/tallersautoada.com\/#\/schema\/logo\/image\/"}}]}},"_links":{"self":[{"href":"https:\/\/tallersautoada.com\/es\/wp-json\/wp\/v2\/product\/26333","targetHints":{"allow":["GET"]}}],"collection":[{"href":"https:\/\/tallersautoada.com\/es\/wp-json\/wp\/v2\/product"}],"about":[{"href":"https:\/\/tallersautoada.com\/es\/wp-json\/wp\/v2\/types\/product"}],"version-history":[{"count":6,"href":"https:\/\/tallersautoada.com\/es\/wp-json\/wp\/v2\/product\/26333\/revisions"}],"predecessor-version":[{"id":30842,"href":"https:\/\/tallersautoada.com\/es\/wp-json\/wp\/v2\/product\/26333\/revisions\/30842"}],"wp:featuredmedia":[{"embeddable":true,"href":"https:\/\/tallersautoada.com\/es\/wp-json\/wp\/v2\/media\/26336"}],"wp:attachment":[{"href":"https:\/\/tallersautoada.com\/es\/wp-json\/wp\/v2\/media?parent=26333"}],"wp:term":[{"taxonomy":"product_cat","embeddable":true,"href":"https:\/\/tallersautoada.com\/es\/wp-json\/wp\/v2\/product_cat?post=26333"},{"taxonomy":"product_tag","embeddable":true,"href":"https:\/\/tallersautoada.com\/es\/wp-json\/wp\/v2\/product_tag?post=26333"}],"curies":[{"name":"wp","href":"https:\/\/api.w.org\/{rel}","templated":true}]}}