{"id":26413,"date":"2025-11-06T16:11:07","date_gmt":"2025-11-06T14:11:07","guid":{"rendered":"https:\/\/tallersautoada.com\/?post_type=product&#038;p=26413"},"modified":"2026-03-24T11:04:24","modified_gmt":"2026-03-24T09:04:24","slug":"dacia-duster","status":"publish","type":"product","link":"https:\/\/tallersautoada.com\/es\/producte\/dacia-duster\/","title":{"rendered":"DACIA DUSTER"},"content":{"rendered":"<div id=\"divEquipamiento1\" class=\"equipamiento content\">\n<div class=\"equipamiento\">\n<div id=\"divEquipamiento1\" class=\"equipamiento content\">\n<div class=\"equipamiento\">\n<div id=\"divEquipamiento1\" class=\"equipamiento content\">\n<div class=\"equipamiento\">\n<div class=\"row\"><span class=\"title\">Equipamiento:<\/span><span class=\"text\">Pintura metalizada | Cierre centralizado \/ Instalaci\u00f3n de arranque Keycard Manos libres | Sistema de c\u00e1maras Multiview | Rueda de repuesto<\/span><\/div>\n<div class=\"row\">\n<p><span id=\"vehiculoEquipamiento1\" class=\"collapsible active\">Equipamiento Serie<\/span><\/p>\n<div id=\"divEquipamiento1\" class=\"equipamiento content\">\n<div class=\"equipamiento\">&#8211; Mantenimiento del modelo<\/div>\n<div class=\"equipamiento\">&#8211; Paquete confort<\/div>\n<div class=\"equipamiento\">&#8211; Paquete confort Plus<\/div>\n<div class=\"equipamiento\">&#8211; Paquete modularidad<\/div>\n<div class=\"equipamiento\">&#8211; Paquete t\u00e9cnico<\/div>\n<div class=\"equipamiento\">&#8211; Paquete Look inter.<\/div>\n<div class=\"equipamiento\">&#8211; Paquete Look<\/div>\n<div class=\"equipamiento\">&#8211; Paquete asientos confort<\/div>\n<div class=\"equipamiento\">&#8211; Paquete fumador<\/div>\n<div class=\"equipamiento\">&#8211; Carrocer\u00eda: 5 puertas<\/div>\n<div class=\"equipamiento\">&#8211; Retrovisor exterior regulable el\u00e9ctricamente y calefactable<\/div>\n<div class=\"equipamiento\">&#8211; Barras portaequipajes en el techo cromado, satinado<\/div>\n<div class=\"equipamiento\">&#8211; Luces antiniebla<\/div>\n<div class=\"equipamiento\">&#8211; Encendido aut. luces de carretera \/ Sensor de luz<\/div>\n<div class=\"equipamiento\">&#8211; Luz de d\u00eda LED<\/div>\n<div class=\"equipamiento\">&#8211; Limpialuneta trasera<\/div>\n<div class=\"equipamiento\">&#8211; Paragolpes color carrocer\u00eda<\/div>\n<div class=\"equipamiento\">&#8211; Luna trasera calefactable(s)<\/div>\n<div class=\"equipamiento\">&#8211; Ordenador de a bordo<\/div>\n<div class=\"equipamiento\">&#8211; Ayuda aparcamiento detr\u00e1s con C\u00e1mara de marcha atr\u00e1s<\/div>\n<div class=\"equipamiento\">&#8211; Ayuda aparcamiento detr\u00e1s<\/div>\n<div class=\"equipamiento\">&#8211; Sistema control presi\u00f3n neum\u00e1ticos<\/div>\n<div class=\"equipamiento\">&#8211; Control de crucero (Tempomat)<\/div>\n<div class=\"equipamiento\">&#8211; Sistema limitador de velocidad<\/div>\n<div class=\"equipamiento\">&#8211; Airbag lado del conductor<\/div>\n<div class=\"equipamiento\">&#8211; Airbag acompa\u00f1ante<\/div>\n<div class=\"equipamiento\">&#8211; Sistema de airbag para la cabeza lateral<\/div>\n<div class=\"equipamiento\">&#8211; Airbag acompa\u00f1ante Desconectable<\/div>\n<div class=\"equipamiento\">&#8211; Climatizador autom\u00e1tico<\/div>\n<div class=\"equipamiento\">&#8211; Reposacabezas detr\u00e1s regulable mec\u00e1nicam. (3 Pieza)<\/div>\n<div class=\"equipamiento\">&#8211; Elevalunas el\u00e9ctric. delante<\/div>\n<div class=\"equipamiento\">&#8211; Elevalunas el\u00e9ctric. detr\u00e1s<\/div>\n<div class=\"equipamiento\">&#8211; Agarraderos de la puerta inter. Cromado<\/div>\n<div class=\"equipamiento\">&#8211; Cierre centralizado con Mando a distancia<\/div>\n<div class=\"equipamiento\">&#8211; Agarraderos de la puerta ext. color carrocer\u00eda<\/div>\n<div class=\"equipamiento\">&#8211; Inmovilizador con Transponder<\/div>\n<div class=\"equipamiento\">&#8211; Sistema antibloqueo (ABS)<\/div>\n<div class=\"equipamiento\">&#8211; Llantas de aleaci\u00f3n ligera<\/div>\n<div class=\"equipamiento\">&#8211; Direcci\u00f3n asistida el\u00e9ctric.<\/div>\n<div class=\"equipamiento\">&#8211; Programa electr\u00f3nico de estabilidad (ESP)<\/div>\n<div class=\"equipamiento\">&#8211; Tipo transmisi\u00f3n: Tracci\u00f3n delantera<\/div>\n<div class=\"equipamiento\">&#8211; Asistente a la conducci\u00f3n: Asistente de subidas (HSA)<\/div>\n<div class=\"equipamiento\">&#8211; Batalla 2673 mm<\/div>\n<div class=\"equipamiento\">&#8211; Caja de cambios 6-marcha<\/div>\n<div class=\"equipamiento\">&#8211; Deflector de escape Cromado<\/div>\n<div class=\"equipamiento\">&#8211; Reducci\u00f3n poluci\u00f3n seg\u00fan norma gases escape Euro 6d<\/div>\n<div class=\"equipamiento\">&#8211; Sistema Start\/Stop<\/div>\n<div class=\"equipamiento\">&#8211; Filtro part\u00edculas-Otto (GPF) (GPF)<\/div>\n<div class=\"equipamiento\">&#8211; Motor 1,3 Ltr. &#8211; 110 kW TCE CAT<\/div>\n<\/div>\n<\/div>\n<\/div>\n<\/div>\n<\/div>\n<div class=\"equipamiento\"><\/div>\n<div class=\"equipamiento\"><\/div>\n<\/div>\n<\/div>\n<div class=\"equipamiento\"><\/div>\n<\/div>\n<div><\/div>\n<div><\/div>\n","protected":false},"excerpt":{"rendered":"<p><strong>DACIA DUSTER Prestige 2021<\/strong><\/p>\n<p><strong>Estado:<\/strong> ocasion<\/p>\n<p><strong>Matriculacion:<\/strong>\u00a0 diciembre\u00a0 2021<\/p>\n<p><strong>Color:<\/strong>\u00a0 plata<\/p>\n<p><strong>Combustible:<\/strong> gasolina<\/p>\n<p><strong>Transmision: <\/strong> automatico edc doble embrague\u00a04&#215;2<\/p>\n<p style=\"text-align: left;\"><strong>Potencia:<\/strong>\u00a0 \u00a0110kw\/150cv<\/p>\n<p style=\"text-align: left;\"><strong>Cilindrada:<\/strong>\u00a0 \u00a01332cc<\/p>\n<p style=\"text-align: left;\"><strong>Tarjeta emisiones:<\/strong> C(verde)<\/p>\n<p style=\"text-align: left;\"><strong>Kilometros:<\/strong>\u00a0 42.500<\/p>\n<p style=\"text-align: left;\"><strong>Garantia:<\/strong>\u00a0 \u00a012 meses garantia<\/p>\n<p><strong>PRECIO CONTADO:\u00a0<\/strong> 20.000\u20ac<\/p>\n<p style=\"text-align: left;\"><strong>PRECIO FINANCIADO:<\/strong>\u00a0 18.950\u20ac (sujeto a campa\u00f1a de financiacion,consulta condiciones).<\/p>\n<p><em><strong>AUTOADA OCASIO.<\/strong><\/em><br \/>\nVenta vehiculos multimarca seminuevos y ocasion.<\/p>\n<p>Gastos gestoria no incluidos en el precio.12 meses garantia contractual.Financiamos el 100% consulta condiciones.Gestion de financiacion.Valoramos y aceptamos su vehiculo actual como entrada.Este anuncio y el precio sera valido salvo error tipografico.Este anuncio no es vinculante se muestra a titulo informativo no contractual.<\/p>\n","protected":false},"featured_media":26416,"template":"","meta":{"inline_featured_image":false},"product_cat":[56],"product_tag":[],"class_list":{"0":"post-26413","1":"product","2":"type-product","3":"status-publish","4":"has-post-thumbnail","6":"product_brand-dacia","7":"product_cat-suv","9":"first","10":"instock","11":"featured","12":"shipping-taxable","13":"purchasable","14":"product-type-simple"},"yoast_head":"<!-- This site is optimized with the Yoast SEO plugin v27.3 - https:\/\/yoast.com\/product\/yoast-seo-wordpress\/ -->\n<title>DACIA DUSTER - Tallers Autoada<\/title>\n<meta name=\"robots\" content=\"noindex, follow\" \/>\n<meta property=\"og:locale\" content=\"es_ES\" \/>\n<meta property=\"og:type\" content=\"article\" \/>\n<meta property=\"og:title\" content=\"DACIA DUSTER - Tallers Autoada\" \/>\n<meta property=\"og:description\" content=\"DACIA DUSTER Prestige 2021  Estado: ocasion  Matriculacion:\u00a0 diciembre\u00a0 2021  Color:\u00a0 plata  Combustible: gasolina  Transmision: automatico edc doble embrague\u00a04x2 Potencia:\u00a0 \u00a0110kw\/150cv Cilindrada:\u00a0 \u00a01332cc Tarjeta emisiones: C(verde) Kilometros:\u00a0 42.500 Garantia:\u00a0 \u00a012 meses garantia PRECIO CONTADO:\u00a0 20.000\u20ac PRECIO FINANCIADO:\u00a0 18.950\u20ac (sujeto a campa\u00f1a de financiacion,consulta condiciones). AUTOADA OCASIO. Venta vehiculos multimarca seminuevos y ocasion.  Gastos gestoria no incluidos en el precio.12 meses garantia contractual.Financiamos el 100% consulta condiciones.Gestion de financiacion.Valoramos y aceptamos su vehiculo actual como entrada.Este anuncio y el precio sera valido salvo error tipografico.Este anuncio no es vinculante se muestra a titulo informativo no contractual.\" \/>\n<meta property=\"og:url\" content=\"https:\/\/tallersautoada.com\/producte\/dacia-duster\/\" \/>\n<meta property=\"og:site_name\" content=\"Tallers Autoada\" \/>\n<meta property=\"article:modified_time\" content=\"2026-03-24T09:04:24+00:00\" \/>\n<meta property=\"og:image\" content=\"https:\/\/tallersautoada.com\/wp-content\/uploads\/2025\/11\/Diapositiva7-7.jpg\" \/>\n\t<meta property=\"og:image:width\" content=\"960\" \/>\n\t<meta property=\"og:image:height\" content=\"720\" \/>\n\t<meta property=\"og:image:type\" content=\"image\/jpeg\" \/>\n<meta name=\"twitter:card\" content=\"summary_large_image\" \/>\n<meta name=\"twitter:label1\" content=\"Est. reading time\" \/>\n\t<meta name=\"twitter:data1\" content=\"2 minutes\" \/>\n<script type=\"application\/ld+json\" class=\"yoast-schema-graph\">{\"@context\":\"https:\\\/\\\/schema.org\",\"@graph\":[{\"@type\":\"WebPage\",\"@id\":\"https:\\\/\\\/tallersautoada.com\\\/producte\\\/dacia-duster\\\/\",\"url\":\"https:\\\/\\\/tallersautoada.com\\\/producte\\\/dacia-duster\\\/\",\"name\":\"DACIA DUSTER - Tallers Autoada\",\"isPartOf\":{\"@id\":\"https:\\\/\\\/tallersautoada.com\\\/#website\"},\"primaryImageOfPage\":{\"@id\":\"https:\\\/\\\/tallersautoada.com\\\/producte\\\/dacia-duster\\\/#primaryimage\"},\"image\":{\"@id\":\"https:\\\/\\\/tallersautoada.com\\\/producte\\\/dacia-duster\\\/#primaryimage\"},\"thumbnailUrl\":\"https:\\\/\\\/tallersautoada.com\\\/wp-content\\\/uploads\\\/2025\\\/11\\\/Diapositiva7-7.jpg\",\"datePublished\":\"2025-11-06T14:11:07+00:00\",\"dateModified\":\"2026-03-24T09:04:24+00:00\",\"breadcrumb\":{\"@id\":\"https:\\\/\\\/tallersautoada.com\\\/producte\\\/dacia-duster\\\/#breadcrumb\"},\"inLanguage\":\"es-ES\",\"potentialAction\":[{\"@type\":\"ReadAction\",\"target\":[\"https:\\\/\\\/tallersautoada.com\\\/producte\\\/dacia-duster\\\/\"]}]},{\"@type\":\"ImageObject\",\"inLanguage\":\"es-ES\",\"@id\":\"https:\\\/\\\/tallersautoada.com\\\/producte\\\/dacia-duster\\\/#primaryimage\",\"url\":\"https:\\\/\\\/tallersautoada.com\\\/wp-content\\\/uploads\\\/2025\\\/11\\\/Diapositiva7-7.jpg\",\"contentUrl\":\"https:\\\/\\\/tallersautoada.com\\\/wp-content\\\/uploads\\\/2025\\\/11\\\/Diapositiva7-7.jpg\",\"width\":960,\"height\":720},{\"@type\":\"BreadcrumbList\",\"@id\":\"https:\\\/\\\/tallersautoada.com\\\/producte\\\/dacia-duster\\\/#breadcrumb\",\"itemListElement\":[{\"@type\":\"ListItem\",\"position\":1,\"name\":\"Inici\",\"item\":\"https:\\\/\\\/tallersautoada.com\\\/es\\\/inicio\\\/\"},{\"@type\":\"ListItem\",\"position\":2,\"name\":\"Veh\u00edculos en Venta\",\"item\":\"https:\\\/\\\/tallersautoada.com\\\/es\\\/vehiculos-en-venta-2\\\/\"},{\"@type\":\"ListItem\",\"position\":3,\"name\":\"DACIA DUSTER\"}]},{\"@type\":\"WebSite\",\"@id\":\"https:\\\/\\\/tallersautoada.com\\\/#website\",\"url\":\"https:\\\/\\\/tallersautoada.com\\\/\",\"name\":\"Tallers Autoada\",\"description\":\"Taller mec\u00e0nic, electricitat, planxa i pintura i centre de rentat\",\"publisher\":{\"@id\":\"https:\\\/\\\/tallersautoada.com\\\/#organization\"},\"potentialAction\":[{\"@type\":\"SearchAction\",\"target\":{\"@type\":\"EntryPoint\",\"urlTemplate\":\"https:\\\/\\\/tallersautoada.com\\\/?s={search_term_string}\"},\"query-input\":{\"@type\":\"PropertyValueSpecification\",\"valueRequired\":true,\"valueName\":\"search_term_string\"}}],\"inLanguage\":\"es-ES\"},{\"@type\":\"Organization\",\"@id\":\"https:\\\/\\\/tallersautoada.com\\\/#organization\",\"name\":\"Tallers Autoada\",\"url\":\"https:\\\/\\\/tallersautoada.com\\\/\",\"logo\":{\"@type\":\"ImageObject\",\"inLanguage\":\"es-ES\",\"@id\":\"https:\\\/\\\/tallersautoada.com\\\/#\\\/schema\\\/logo\\\/image\\\/\",\"url\":\"https:\\\/\\\/tallersautoada.com\\\/wp-content\\\/uploads\\\/2023\\\/01\\\/tallersautoada-logo.png\",\"contentUrl\":\"https:\\\/\\\/tallersautoada.com\\\/wp-content\\\/uploads\\\/2023\\\/01\\\/tallersautoada-logo.png\",\"width\":1006,\"height\":395,\"caption\":\"Tallers Autoada\"},\"image\":{\"@id\":\"https:\\\/\\\/tallersautoada.com\\\/#\\\/schema\\\/logo\\\/image\\\/\"}}]}<\/script>\n<!-- \/ Yoast SEO plugin. -->","yoast_head_json":{"title":"DACIA DUSTER - Tallers Autoada","robots":{"index":"noindex","follow":"follow"},"og_locale":"es_ES","og_type":"article","og_title":"DACIA DUSTER - Tallers Autoada","og_description":"DACIA DUSTER Prestige 2021  Estado: ocasion  Matriculacion:\u00a0 diciembre\u00a0 2021  Color:\u00a0 plata  Combustible: gasolina  Transmision: automatico edc doble embrague\u00a04x2 Potencia:\u00a0 \u00a0110kw\/150cv Cilindrada:\u00a0 \u00a01332cc Tarjeta emisiones: C(verde) Kilometros:\u00a0 42.500 Garantia:\u00a0 \u00a012 meses garantia PRECIO CONTADO:\u00a0 20.000\u20ac PRECIO FINANCIADO:\u00a0 18.950\u20ac (sujeto a campa\u00f1a de financiacion,consulta condiciones). AUTOADA OCASIO. Venta vehiculos multimarca seminuevos y ocasion.  Gastos gestoria no incluidos en el precio.12 meses garantia contractual.Financiamos el 100% consulta condiciones.Gestion de financiacion.Valoramos y aceptamos su vehiculo actual como entrada.Este anuncio y el precio sera valido salvo error tipografico.Este anuncio no es vinculante se muestra a titulo informativo no contractual.","og_url":"https:\/\/tallersautoada.com\/producte\/dacia-duster\/","og_site_name":"Tallers Autoada","article_modified_time":"2026-03-24T09:04:24+00:00","og_image":[{"width":960,"height":720,"url":"https:\/\/tallersautoada.com\/wp-content\/uploads\/2025\/11\/Diapositiva7-7.jpg","type":"image\/jpeg"}],"twitter_card":"summary_large_image","twitter_misc":{"Est. reading time":"2 minutes"},"schema":{"@context":"https:\/\/schema.org","@graph":[{"@type":"WebPage","@id":"https:\/\/tallersautoada.com\/producte\/dacia-duster\/","url":"https:\/\/tallersautoada.com\/producte\/dacia-duster\/","name":"DACIA DUSTER - Tallers Autoada","isPartOf":{"@id":"https:\/\/tallersautoada.com\/#website"},"primaryImageOfPage":{"@id":"https:\/\/tallersautoada.com\/producte\/dacia-duster\/#primaryimage"},"image":{"@id":"https:\/\/tallersautoada.com\/producte\/dacia-duster\/#primaryimage"},"thumbnailUrl":"https:\/\/tallersautoada.com\/wp-content\/uploads\/2025\/11\/Diapositiva7-7.jpg","datePublished":"2025-11-06T14:11:07+00:00","dateModified":"2026-03-24T09:04:24+00:00","breadcrumb":{"@id":"https:\/\/tallersautoada.com\/producte\/dacia-duster\/#breadcrumb"},"inLanguage":"es-ES","potentialAction":[{"@type":"ReadAction","target":["https:\/\/tallersautoada.com\/producte\/dacia-duster\/"]}]},{"@type":"ImageObject","inLanguage":"es-ES","@id":"https:\/\/tallersautoada.com\/producte\/dacia-duster\/#primaryimage","url":"https:\/\/tallersautoada.com\/wp-content\/uploads\/2025\/11\/Diapositiva7-7.jpg","contentUrl":"https:\/\/tallersautoada.com\/wp-content\/uploads\/2025\/11\/Diapositiva7-7.jpg","width":960,"height":720},{"@type":"BreadcrumbList","@id":"https:\/\/tallersautoada.com\/producte\/dacia-duster\/#breadcrumb","itemListElement":[{"@type":"ListItem","position":1,"name":"Inici","item":"https:\/\/tallersautoada.com\/es\/inicio\/"},{"@type":"ListItem","position":2,"name":"Veh\u00edculos en Venta","item":"https:\/\/tallersautoada.com\/es\/vehiculos-en-venta-2\/"},{"@type":"ListItem","position":3,"name":"DACIA DUSTER"}]},{"@type":"WebSite","@id":"https:\/\/tallersautoada.com\/#website","url":"https:\/\/tallersautoada.com\/","name":"Tallers Autoada","description":"Taller mec\u00e0nic, electricitat, planxa i pintura i centre de rentat","publisher":{"@id":"https:\/\/tallersautoada.com\/#organization"},"potentialAction":[{"@type":"SearchAction","target":{"@type":"EntryPoint","urlTemplate":"https:\/\/tallersautoada.com\/?s={search_term_string}"},"query-input":{"@type":"PropertyValueSpecification","valueRequired":true,"valueName":"search_term_string"}}],"inLanguage":"es-ES"},{"@type":"Organization","@id":"https:\/\/tallersautoada.com\/#organization","name":"Tallers Autoada","url":"https:\/\/tallersautoada.com\/","logo":{"@type":"ImageObject","inLanguage":"es-ES","@id":"https:\/\/tallersautoada.com\/#\/schema\/logo\/image\/","url":"https:\/\/tallersautoada.com\/wp-content\/uploads\/2023\/01\/tallersautoada-logo.png","contentUrl":"https:\/\/tallersautoada.com\/wp-content\/uploads\/2023\/01\/tallersautoada-logo.png","width":1006,"height":395,"caption":"Tallers Autoada"},"image":{"@id":"https:\/\/tallersautoada.com\/#\/schema\/logo\/image\/"}}]}},"_links":{"self":[{"href":"https:\/\/tallersautoada.com\/es\/wp-json\/wp\/v2\/product\/26413","targetHints":{"allow":["GET"]}}],"collection":[{"href":"https:\/\/tallersautoada.com\/es\/wp-json\/wp\/v2\/product"}],"about":[{"href":"https:\/\/tallersautoada.com\/es\/wp-json\/wp\/v2\/types\/product"}],"version-history":[{"count":6,"href":"https:\/\/tallersautoada.com\/es\/wp-json\/wp\/v2\/product\/26413\/revisions"}],"predecessor-version":[{"id":30843,"href":"https:\/\/tallersautoada.com\/es\/wp-json\/wp\/v2\/product\/26413\/revisions\/30843"}],"wp:featuredmedia":[{"embeddable":true,"href":"https:\/\/tallersautoada.com\/es\/wp-json\/wp\/v2\/media\/26416"}],"wp:attachment":[{"href":"https:\/\/tallersautoada.com\/es\/wp-json\/wp\/v2\/media?parent=26413"}],"wp:term":[{"taxonomy":"product_cat","embeddable":true,"href":"https:\/\/tallersautoada.com\/es\/wp-json\/wp\/v2\/product_cat?post=26413"},{"taxonomy":"product_tag","embeddable":true,"href":"https:\/\/tallersautoada.com\/es\/wp-json\/wp\/v2\/product_tag?post=26413"}],"curies":[{"name":"wp","href":"https:\/\/api.w.org\/{rel}","templated":true}]}}