{"id":28226,"date":"2026-01-13T13:39:46","date_gmt":"2026-01-13T11:39:46","guid":{"rendered":"https:\/\/tallersautoada.com\/?post_type=product&#038;p=28226"},"modified":"2026-03-24T11:01:27","modified_gmt":"2026-03-24T09:01:27","slug":"seat-leon","status":"publish","type":"product","link":"https:\/\/tallersautoada.com\/es\/producte\/seat-leon\/","title":{"rendered":"SEAT LEON"},"content":{"rendered":"<div id=\"div_info\">\n<div class=\"row\">\n<div class=\"Slice UCIEquipments\">\n<div class=\"UCIVehicleDetailsSection\">\n<p class=\"UCIVehicleDetailsSection__title\">equipamiento de serie<span class=\"UCIVehicleDetailsSection__subTitle\">lista no contractual<\/span><\/p>\n<div class=\"UCIVehicleDetailsSection__inner\">\n<ul class=\"UCIEquipments__list\">\n<li class=\"UCIEquipments__listItem\">Toma 12V en consola central<\/li>\n<li class=\"UCIEquipments__listItem\">Radio Media System Plus 8&#8243; Black Pannel. Pantalla t\u00e1ctil a color de 8&#8243; Lector CD Formatos MP3\/WMA Conectividad USB (x2)\/Tarjeta SD\/Aux-In 8 altavoces Reconocimiento de voz<\/li>\n<li class=\"UCIEquipments__listItem\">Suspensi\u00f3n confort<\/li>\n<li class=\"UCIEquipments__listItem\">ASR + ABS<\/li>\n<li class=\"UCIEquipments__listItem\">Paquete exterior cromado: Marcos cromados en las ventanas laterales<\/li>\n<li class=\"UCIEquipments__listItem\">Asientos traseros plegables 1\/3 &amp; 2\/3<\/li>\n<li class=\"UCIEquipments__listItem\">Elevalunas el\u00e9ctricos delanteros<\/li>\n<li class=\"UCIEquipments__listItem\">Retrovisores y manetas de puerta color carrocer\u00eda<\/li>\n<li class=\"UCIEquipments__listItem\">Direcci\u00f3n asistida<\/li>\n<li class=\"UCIEquipments__listItem\">Sistema de Frenado Autom\u00e1tico Postcolisi\u00f3n<\/li>\n<li class=\"UCIEquipments__listItem\">Estribera XCELLENCE en puertas delanteras en aluminio<\/li>\n<li class=\"UCIEquipments__listItem\">Indicador eficiente de cambio de marcha.<\/li>\n<li class=\"UCIEquipments__listItem\">Faros hal\u00f3genos con luces LED diurnas<\/li>\n<li class=\"UCIEquipments__listItem\">Reposabrazos delantero<\/li>\n<li class=\"UCIEquipments__listItem\">Tapa de combustible lincada al cierre central<\/li>\n<li class=\"UCIEquipments__listItem\">ESC + XDS<\/li>\n<li class=\"UCIEquipments__listItem\">Luz ambiente multicolor en panel de puerta<\/li>\n<li class=\"UCIEquipments__listItem\">Funci\u00f3n Coming and Leaving Home<\/li>\n<li class=\"UCIEquipments__listItem\">Tapicer\u00eda tela<\/li>\n<li class=\"UCIEquipments__listItem\">Cristales oscurecidos<\/li>\n<li class=\"UCIEquipments__listItem\">Reposacabezas delanteros con funci\u00f3n WOKS y tres reposacabeza traseros<\/li>\n<li class=\"UCIEquipments__listItem\">Elevalunas el\u00e9ctricos traseros<\/li>\n<li class=\"UCIEquipments__listItem\">Ordenador de abordo<\/li>\n<li class=\"UCIEquipments__listItem\">Convenience Pack. Sensor de luz (con funci\u00f3n Coming &amp; Leaving home), sensor de lluvia, espejo interior electrocrom\u00e1tico<\/li>\n<li class=\"UCIEquipments__listItem\">7 airbags (2 delanteros + 2 laterales + 2 de cortina + airbag de rodilla)<\/li>\n<li class=\"UCIEquipments__listItem\">Llantas de aleaci\u00f3n 17&#8221; DYNAMIC 30\/1 + kit reparapinchazos<\/li>\n<li class=\"UCIEquipments__listItem\">Sistema Kessy de apertura y arranque sin llave con funcion SAFE (bloqueo autom.)<\/li>\n<li class=\"UCIEquipments__listItem\">Climatizador bizona<\/li>\n<li class=\"UCIEquipments__listItem\">ESC + sensor de presi\u00f3n de los neum\u00e1ticos<\/li>\n<li class=\"UCIEquipments__listItem\">Control velocidad crucero<\/li>\n<li class=\"UCIEquipments__listItem\">Pack interior cromado<\/li>\n<li class=\"UCIEquipments__listItem\">Asientos delanteros deportivos XCELLENCE<\/li>\n<li class=\"UCIEquipments__listItem\">Luces delanteras antiniebla LED con funci\u00f3n cornering y luces LED traseras<\/li>\n<li class=\"UCIEquipments__listItem\">Asistente de arranque en pendiente<\/li>\n<li class=\"UCIEquipments__listItem\">Retrovisores el\u00e9ctricos, calefactados, color carrocer\u00eda y con posici\u00f3n parking<\/li>\n<li class=\"UCIEquipments__listItem\">Isofix en asientos traseros<\/li>\n<li class=\"UCIEquipments__listItem\">Asiento conductor y acomp.regulaci\u00f3n lumbar<\/li>\n<li class=\"UCIEquipments__listItem\">Caj\u00f3n bajo asiento conductor<\/li>\n<li class=\"UCIEquipments__listItem\">Desconexi\u00f3n airbag pasajero<\/li>\n<li class=\"UCIEquipments__listItem\">Recordatorio cintur\u00f3n desabrochado en asientos delanteros<\/li>\n<li class=\"UCIEquipments__listItem\">Top Tether en asientos traseros<\/li>\n<li class=\"UCIEquipments__listItem\">Bluetooth<\/li>\n<li class=\"UCIEquipments__listItem\">Cierre centralizado y control remoto<\/li>\n<li class=\"UCIEquipments__listItem\">Freno de mano el\u00e9ctrico con funci\u00f3n Auto-Hold<\/li>\n<li class=\"UCIEquipments__listItem\">Pack iluminaci\u00f3n interior LED Luces delanteras de lectura LED + Luces LED en cortinilla parasol + Iluminaci\u00f3n LED en zona de pies + Luces LED maletero<\/li>\n<li class=\"UCIEquipments__listItem\">Bolsa en respaldo de asientos delanteros<\/li>\n<li class=\"UCIEquipments__listItem\">Volante XCELLENCE multifunci\u00f3n en cuero<\/li>\n<li class=\"UCIEquipments__listItem\">Sensores de aparcamiento delanteros y traseros + OPS (Visi\u00f3n esquem\u00e1tica del coche y obst\u00e1culos)<\/li>\n<\/ul>\n<\/div>\n<\/div>\n<\/div>\n<div class=\"Slice UCIOptionsDetails\">\n<div class=\"UCIVehicleDetailsSection\">\n<p class=\"UCIVehicleDetailsSection__title\">opciones incluidas <span class=\"UCIVehicleDetailsSection__subTitle\">lista no contractual<\/span><\/p>\n<div class=\"UCIVehicleDetailsSection__inner\">\n<div class=\"UCIOptionsDetails__list\">\n<ul>\n<li class=\"UCIOptionsDetails__listItem\">\n<p class=\"UCIOptionsDetails__listItemContent\">C\u00e1mara de visi\u00f3n trasera<\/p>\n<\/li>\n<li class=\"UCIOptionsDetails__listItem\">\n<p class=\"UCIOptionsDetails__listItemContent\">Pintura metalizada<\/p>\n<\/li>\n<li class=\"UCIOptionsDetails__listItem\">\n<p class=\"UCIOptionsDetails__listItemContent\">Gancho de remolque.<\/p>\n<\/li>\n<li class=\"UCIOptionsDetails__listItem\">\n<p class=\"UCIOptionsDetails__listItemContent\">Alarma<\/p>\n<\/li>\n<li class=\"UCIOptionsDetails__listItem\">\n<p class=\"UCIOptionsDetails__listItemContent\">Control de crucero adaptativo con radar de proximidad<\/p>\n<\/li>\n<li class=\"UCIOptionsDetails__listItem\">\n<p class=\"UCIOptionsDetails__listItemContent\">Safety Pack. Recordatorio de abrochado de cintur\u00f3n en plazas traseras, detector de fatiga<\/p>\n<\/li>\n<li class=\"UCIOptionsDetails__listItem\">\n<p class=\"UCIOptionsDetails__listItemContent\">Levas en el volante<\/p>\n<\/li>\n<li class=\"UCIOptionsDetails__listItem\">\n<p class=\"UCIOptionsDetails__listItemContent\">SEAT Full LED e Iluminaci\u00f3n de matr\u00edcula LED<\/p>\n<\/li>\n<li class=\"UCIOptionsDetails__listItem\">\n<p class=\"UCIOptionsDetails__listItemContent\">Rueda repuesto de 18\u00b4\u00b4 minimizada<\/p>\n<\/li>\n<li class=\"UCIOptionsDetails__listItem\">\n<p class=\"UCIOptionsDetails__listItemContent\">Driving Assistance Pack. Asistentes de luces de carretera cortas\/largas, asistente de salida involuntaria de carril<\/p>\n<\/li>\n<li class=\"UCIOptionsDetails__listItem\">\n<p class=\"UCIOptionsDetails__listItemContent\">Full Link. Mirror Link + Android Auto + Apple Carplay.<\/p>\n<\/li>\n<\/ul>\n<\/div>\n<\/div>\n<\/div>\n<\/div>\n<div class=\"Slice UCIAccessoriesDetails\"><\/div>\n<div class=\"Slice UCIDealerComment\">\n<div class=\"UCIVehicleDetailsSection\">\n<p class=\"UCIVehicleDetailsSection__title\">\n<\/div>\n<\/div>\n<\/div>\n<\/div>\n<div id=\"div_equipamiento\">\n<div class=\"row\">\n<div id=\"divEquipamiento1\" class=\"equipamiento content\">\n<div class=\"equipamiento\">\n<div id=\"divEquipamiento1\" class=\"equipamiento content\">\n<div class=\"equipamiento\"><\/div>\n<div class=\"equipamiento\"><\/div>\n<\/div>\n<\/div>\n<div class=\"equipamiento\"><\/div>\n<\/div>\n<\/div>\n<\/div>\n","protected":false},"excerpt":{"rendered":"<p><strong>SEAT LEON Xcellence\u00a0 2017<\/strong><\/p>\n<p><strong>Estado:<\/strong> ocasion<\/p>\n<p><em><strong>Matriculacion:\u00a0\u00a0<\/strong><\/em>marzo 2017<\/p>\n<p><strong>Color:<\/strong>\u00a0 blanco<\/p>\n<p><strong>Combustible:<\/strong> gasolina<\/p>\n<p><strong>Transmision:<\/strong> automatica dsg<\/p>\n<p style=\"text-align: left;\"><strong>Potencia:\u00a0<\/strong>\u00a0 110kw\/150cv<\/p>\n<p style=\"text-align: left;\"><strong>Cilindrada:<\/strong>\u00a0 1395cc<\/p>\n<p style=\"text-align: left;\"><strong>Tarjeta emisiones:<\/strong> C (verde)<\/p>\n<p style=\"text-align: left;\"><strong>Kilometros:<\/strong>\u00a0 51.200<\/p>\n<p style=\"text-align: left;\"><strong>Garantia:<\/strong> 12 meses garantia<\/p>\n<p style=\"text-align: left;\"><strong>PRECIO CONTADO:\u00a0<\/strong>\u00a0 17.000\u20ac<\/p>\n<p style=\"text-align: left;\"><strong>PRECIO FINANCIADO:\u00a0<\/strong> 17.000\u20ac (sujeto a campa\u00f1a de financiacion,consulta condiciones)<\/p>\n<p><em><strong>AUTOADA OCASIO<\/strong>.<\/em><br \/>\nVenta vehiculos multimarca seminuevos y ocasion.<\/p>\n<p>Gastos gestoria no incluidos en el precio.12 meses garantia contractual.Financiamos el 100% consulta condiciones.Gestion de financiacion.Valoramos y aceptamos su vehiculo actual como entrada.Este anuncio y el precio sera valido salvo error tipografico.Este anuncio no es vinculante se muestra a titulo informativo no contractual.<\/p>\n<p style=\"text-align: left;\">\n","protected":false},"featured_media":28229,"template":"","meta":{"inline_featured_image":false},"product_cat":[77],"product_tag":[],"class_list":{"0":"post-28226","1":"product","2":"type-product","3":"status-publish","4":"has-post-thumbnail","6":"product_brand-seat","7":"product_cat-berlina","9":"first","10":"instock","11":"featured","12":"shipping-taxable","13":"purchasable","14":"product-type-simple"},"yoast_head":"<!-- This site is optimized with the Yoast SEO plugin v27.3 - https:\/\/yoast.com\/product\/yoast-seo-wordpress\/ -->\n<title>SEAT LEON - Tallers Autoada<\/title>\n<meta name=\"robots\" content=\"noindex, follow\" \/>\n<meta property=\"og:locale\" content=\"es_ES\" \/>\n<meta property=\"og:type\" content=\"article\" \/>\n<meta property=\"og:title\" content=\"SEAT LEON - Tallers Autoada\" \/>\n<meta property=\"og:description\" content=\"SEAT LEON Xcellence\u00a0 2017  Estado: ocasion  Matriculacion:\u00a0\u00a0marzo 2017  Color:\u00a0 blanco  Combustible: gasolina  Transmision: automatica dsg Potencia:\u00a0\u00a0 110kw\/150cv Cilindrada:\u00a0 1395cc Tarjeta emisiones: C (verde) Kilometros:\u00a0 51.200 Garantia: 12 meses garantia PRECIO CONTADO:\u00a0\u00a0 17.000\u20ac PRECIO FINANCIADO:\u00a0 17.000\u20ac (sujeto a campa\u00f1a de financiacion,consulta condiciones) AUTOADA OCASIO. Venta vehiculos multimarca seminuevos y ocasion.  Gastos gestoria no incluidos en el precio.12 meses garantia contractual.Financiamos el 100% consulta condiciones.Gestion de financiacion.Valoramos y aceptamos su vehiculo actual como entrada.Este anuncio y el precio sera valido salvo error tipografico.Este anuncio no es vinculante se muestra a titulo informativo no contractual.\" \/>\n<meta property=\"og:url\" content=\"https:\/\/tallersautoada.com\/producte\/seat-leon\/\" \/>\n<meta property=\"og:site_name\" content=\"Tallers Autoada\" \/>\n<meta property=\"article:modified_time\" content=\"2026-03-24T09:01:27+00:00\" \/>\n<meta property=\"og:image\" content=\"https:\/\/tallersautoada.com\/wp-content\/uploads\/2026\/01\/Diapositiva37-1.png\" \/>\n\t<meta property=\"og:image:width\" content=\"960\" \/>\n\t<meta property=\"og:image:height\" content=\"720\" \/>\n\t<meta property=\"og:image:type\" content=\"image\/png\" \/>\n<meta name=\"twitter:card\" content=\"summary_large_image\" \/>\n<meta name=\"twitter:label1\" content=\"Est. reading time\" \/>\n\t<meta name=\"twitter:data1\" content=\"3 minutes\" \/>\n<script type=\"application\/ld+json\" class=\"yoast-schema-graph\">{\"@context\":\"https:\\\/\\\/schema.org\",\"@graph\":[{\"@type\":\"WebPage\",\"@id\":\"https:\\\/\\\/tallersautoada.com\\\/producte\\\/seat-leon\\\/\",\"url\":\"https:\\\/\\\/tallersautoada.com\\\/producte\\\/seat-leon\\\/\",\"name\":\"SEAT LEON - Tallers Autoada\",\"isPartOf\":{\"@id\":\"https:\\\/\\\/tallersautoada.com\\\/#website\"},\"primaryImageOfPage\":{\"@id\":\"https:\\\/\\\/tallersautoada.com\\\/producte\\\/seat-leon\\\/#primaryimage\"},\"image\":{\"@id\":\"https:\\\/\\\/tallersautoada.com\\\/producte\\\/seat-leon\\\/#primaryimage\"},\"thumbnailUrl\":\"https:\\\/\\\/tallersautoada.com\\\/wp-content\\\/uploads\\\/2026\\\/01\\\/Diapositiva37-1.png\",\"datePublished\":\"2026-01-13T11:39:46+00:00\",\"dateModified\":\"2026-03-24T09:01:27+00:00\",\"breadcrumb\":{\"@id\":\"https:\\\/\\\/tallersautoada.com\\\/producte\\\/seat-leon\\\/#breadcrumb\"},\"inLanguage\":\"es-ES\",\"potentialAction\":[{\"@type\":\"ReadAction\",\"target\":[\"https:\\\/\\\/tallersautoada.com\\\/producte\\\/seat-leon\\\/\"]}]},{\"@type\":\"ImageObject\",\"inLanguage\":\"es-ES\",\"@id\":\"https:\\\/\\\/tallersautoada.com\\\/producte\\\/seat-leon\\\/#primaryimage\",\"url\":\"https:\\\/\\\/tallersautoada.com\\\/wp-content\\\/uploads\\\/2026\\\/01\\\/Diapositiva37-1.png\",\"contentUrl\":\"https:\\\/\\\/tallersautoada.com\\\/wp-content\\\/uploads\\\/2026\\\/01\\\/Diapositiva37-1.png\",\"width\":960,\"height\":720},{\"@type\":\"BreadcrumbList\",\"@id\":\"https:\\\/\\\/tallersautoada.com\\\/producte\\\/seat-leon\\\/#breadcrumb\",\"itemListElement\":[{\"@type\":\"ListItem\",\"position\":1,\"name\":\"Inici\",\"item\":\"https:\\\/\\\/tallersautoada.com\\\/es\\\/inicio\\\/\"},{\"@type\":\"ListItem\",\"position\":2,\"name\":\"Veh\u00edculos en Venta\",\"item\":\"https:\\\/\\\/tallersautoada.com\\\/es\\\/vehiculos-en-venta-2\\\/\"},{\"@type\":\"ListItem\",\"position\":3,\"name\":\"SEAT LEON\"}]},{\"@type\":\"WebSite\",\"@id\":\"https:\\\/\\\/tallersautoada.com\\\/#website\",\"url\":\"https:\\\/\\\/tallersautoada.com\\\/\",\"name\":\"Tallers Autoada\",\"description\":\"Taller mec\u00e0nic, electricitat, planxa i pintura i centre de rentat\",\"publisher\":{\"@id\":\"https:\\\/\\\/tallersautoada.com\\\/#organization\"},\"potentialAction\":[{\"@type\":\"SearchAction\",\"target\":{\"@type\":\"EntryPoint\",\"urlTemplate\":\"https:\\\/\\\/tallersautoada.com\\\/?s={search_term_string}\"},\"query-input\":{\"@type\":\"PropertyValueSpecification\",\"valueRequired\":true,\"valueName\":\"search_term_string\"}}],\"inLanguage\":\"es-ES\"},{\"@type\":\"Organization\",\"@id\":\"https:\\\/\\\/tallersautoada.com\\\/#organization\",\"name\":\"Tallers Autoada\",\"url\":\"https:\\\/\\\/tallersautoada.com\\\/\",\"logo\":{\"@type\":\"ImageObject\",\"inLanguage\":\"es-ES\",\"@id\":\"https:\\\/\\\/tallersautoada.com\\\/#\\\/schema\\\/logo\\\/image\\\/\",\"url\":\"https:\\\/\\\/tallersautoada.com\\\/wp-content\\\/uploads\\\/2023\\\/01\\\/tallersautoada-logo.png\",\"contentUrl\":\"https:\\\/\\\/tallersautoada.com\\\/wp-content\\\/uploads\\\/2023\\\/01\\\/tallersautoada-logo.png\",\"width\":1006,\"height\":395,\"caption\":\"Tallers Autoada\"},\"image\":{\"@id\":\"https:\\\/\\\/tallersautoada.com\\\/#\\\/schema\\\/logo\\\/image\\\/\"}}]}<\/script>\n<!-- \/ Yoast SEO plugin. -->","yoast_head_json":{"title":"SEAT LEON - Tallers Autoada","robots":{"index":"noindex","follow":"follow"},"og_locale":"es_ES","og_type":"article","og_title":"SEAT LEON - Tallers Autoada","og_description":"SEAT LEON Xcellence\u00a0 2017  Estado: ocasion  Matriculacion:\u00a0\u00a0marzo 2017  Color:\u00a0 blanco  Combustible: gasolina  Transmision: automatica dsg Potencia:\u00a0\u00a0 110kw\/150cv Cilindrada:\u00a0 1395cc Tarjeta emisiones: C (verde) Kilometros:\u00a0 51.200 Garantia: 12 meses garantia PRECIO CONTADO:\u00a0\u00a0 17.000\u20ac PRECIO FINANCIADO:\u00a0 17.000\u20ac (sujeto a campa\u00f1a de financiacion,consulta condiciones) AUTOADA OCASIO. Venta vehiculos multimarca seminuevos y ocasion.  Gastos gestoria no incluidos en el precio.12 meses garantia contractual.Financiamos el 100% consulta condiciones.Gestion de financiacion.Valoramos y aceptamos su vehiculo actual como entrada.Este anuncio y el precio sera valido salvo error tipografico.Este anuncio no es vinculante se muestra a titulo informativo no contractual.","og_url":"https:\/\/tallersautoada.com\/producte\/seat-leon\/","og_site_name":"Tallers Autoada","article_modified_time":"2026-03-24T09:01:27+00:00","og_image":[{"width":960,"height":720,"url":"https:\/\/tallersautoada.com\/wp-content\/uploads\/2026\/01\/Diapositiva37-1.png","type":"image\/png"}],"twitter_card":"summary_large_image","twitter_misc":{"Est. reading time":"3 minutes"},"schema":{"@context":"https:\/\/schema.org","@graph":[{"@type":"WebPage","@id":"https:\/\/tallersautoada.com\/producte\/seat-leon\/","url":"https:\/\/tallersautoada.com\/producte\/seat-leon\/","name":"SEAT LEON - Tallers Autoada","isPartOf":{"@id":"https:\/\/tallersautoada.com\/#website"},"primaryImageOfPage":{"@id":"https:\/\/tallersautoada.com\/producte\/seat-leon\/#primaryimage"},"image":{"@id":"https:\/\/tallersautoada.com\/producte\/seat-leon\/#primaryimage"},"thumbnailUrl":"https:\/\/tallersautoada.com\/wp-content\/uploads\/2026\/01\/Diapositiva37-1.png","datePublished":"2026-01-13T11:39:46+00:00","dateModified":"2026-03-24T09:01:27+00:00","breadcrumb":{"@id":"https:\/\/tallersautoada.com\/producte\/seat-leon\/#breadcrumb"},"inLanguage":"es-ES","potentialAction":[{"@type":"ReadAction","target":["https:\/\/tallersautoada.com\/producte\/seat-leon\/"]}]},{"@type":"ImageObject","inLanguage":"es-ES","@id":"https:\/\/tallersautoada.com\/producte\/seat-leon\/#primaryimage","url":"https:\/\/tallersautoada.com\/wp-content\/uploads\/2026\/01\/Diapositiva37-1.png","contentUrl":"https:\/\/tallersautoada.com\/wp-content\/uploads\/2026\/01\/Diapositiva37-1.png","width":960,"height":720},{"@type":"BreadcrumbList","@id":"https:\/\/tallersautoada.com\/producte\/seat-leon\/#breadcrumb","itemListElement":[{"@type":"ListItem","position":1,"name":"Inici","item":"https:\/\/tallersautoada.com\/es\/inicio\/"},{"@type":"ListItem","position":2,"name":"Veh\u00edculos en Venta","item":"https:\/\/tallersautoada.com\/es\/vehiculos-en-venta-2\/"},{"@type":"ListItem","position":3,"name":"SEAT LEON"}]},{"@type":"WebSite","@id":"https:\/\/tallersautoada.com\/#website","url":"https:\/\/tallersautoada.com\/","name":"Tallers Autoada","description":"Taller mec\u00e0nic, electricitat, planxa i pintura i centre de rentat","publisher":{"@id":"https:\/\/tallersautoada.com\/#organization"},"potentialAction":[{"@type":"SearchAction","target":{"@type":"EntryPoint","urlTemplate":"https:\/\/tallersautoada.com\/?s={search_term_string}"},"query-input":{"@type":"PropertyValueSpecification","valueRequired":true,"valueName":"search_term_string"}}],"inLanguage":"es-ES"},{"@type":"Organization","@id":"https:\/\/tallersautoada.com\/#organization","name":"Tallers Autoada","url":"https:\/\/tallersautoada.com\/","logo":{"@type":"ImageObject","inLanguage":"es-ES","@id":"https:\/\/tallersautoada.com\/#\/schema\/logo\/image\/","url":"https:\/\/tallersautoada.com\/wp-content\/uploads\/2023\/01\/tallersautoada-logo.png","contentUrl":"https:\/\/tallersautoada.com\/wp-content\/uploads\/2023\/01\/tallersautoada-logo.png","width":1006,"height":395,"caption":"Tallers Autoada"},"image":{"@id":"https:\/\/tallersautoada.com\/#\/schema\/logo\/image\/"}}]}},"_links":{"self":[{"href":"https:\/\/tallersautoada.com\/es\/wp-json\/wp\/v2\/product\/28226","targetHints":{"allow":["GET"]}}],"collection":[{"href":"https:\/\/tallersautoada.com\/es\/wp-json\/wp\/v2\/product"}],"about":[{"href":"https:\/\/tallersautoada.com\/es\/wp-json\/wp\/v2\/types\/product"}],"version-history":[{"count":9,"href":"https:\/\/tallersautoada.com\/es\/wp-json\/wp\/v2\/product\/28226\/revisions"}],"predecessor-version":[{"id":30841,"href":"https:\/\/tallersautoada.com\/es\/wp-json\/wp\/v2\/product\/28226\/revisions\/30841"}],"wp:featuredmedia":[{"embeddable":true,"href":"https:\/\/tallersautoada.com\/es\/wp-json\/wp\/v2\/media\/28229"}],"wp:attachment":[{"href":"https:\/\/tallersautoada.com\/es\/wp-json\/wp\/v2\/media?parent=28226"}],"wp:term":[{"taxonomy":"product_cat","embeddable":true,"href":"https:\/\/tallersautoada.com\/es\/wp-json\/wp\/v2\/product_cat?post=28226"},{"taxonomy":"product_tag","embeddable":true,"href":"https:\/\/tallersautoada.com\/es\/wp-json\/wp\/v2\/product_tag?post=28226"}],"curies":[{"name":"wp","href":"https:\/\/api.w.org\/{rel}","templated":true}]}}