{"id":28387,"date":"2026-01-13T16:31:52","date_gmt":"2026-01-13T14:31:52","guid":{"rendered":"https:\/\/tallersautoada.com\/?post_type=product&#038;p=28387"},"modified":"2026-03-24T11:00:10","modified_gmt":"2026-03-24T09:00:10","slug":"kia-sportatge","status":"publish","type":"product","link":"https:\/\/tallersautoada.com\/es\/producte\/kia-sportatge\/","title":{"rendered":"KIA SPORTATGE"},"content":{"rendered":"<div id=\"div_info\">\n<div class=\"row\">\n<div class=\"Slice UCIEquipments\">\n<div class=\"UCIVehicleDetailsSection\">\n<div class=\"Slice UCIDifferentiatingEquipments\">\n<div class=\"UCIVehicleDetailsSection\">\n<p class=\"UCIVehicleDetailsSection__title\">equipamiento diferenciador<\/p>\n<div class=\"UCIVehicleDetailsSection__inner\">\n<ul class=\"UCIDifferentiatingEquipments__list\">\n<li class=\"UCIDifferentiatingEquipments__listItem\">\n<p class=\"UCIDifferentiatingEquipments__listItemContent\">asistente de aparcamiento<\/p>\n<\/li>\n<li class=\"UCIDifferentiatingEquipments__listItem\">\n<p class=\"UCIDifferentiatingEquipments__listItemContent\">control de crucero y\/o limitador de velocidad<\/p>\n<\/li>\n<li class=\"UCIDifferentiatingEquipments__listItem\">\n<p class=\"UCIDifferentiatingEquipments__listItemContent\">llantas de aleaci\u00f3n<\/p>\n<\/li>\n<li class=\"UCIDifferentiatingEquipments__listItem\">\n<p class=\"UCIDifferentiatingEquipments__listItemContent\">faros led \/ xen\u00f3n<\/p>\n<\/li>\n<\/ul>\n<\/div>\n<\/div>\n<\/div>\n<div class=\"Slice UCIEquipments\">\n<div class=\"UCIVehicleDetailsSection\">\n<p class=\"UCIVehicleDetailsSection__title\">equipamiento de serie<span class=\"UCIVehicleDetailsSection__subTitle\">lista no contractual<\/span><\/p>\n<div class=\"UCIVehicleDetailsSection__inner\">\n<ul class=\"UCIEquipments__list\">\n<li class=\"UCIEquipments__listItem\">Sensor de lluvia<\/li>\n<li class=\"UCIEquipments__listItem\">Sensores aparcamiento trasero<\/li>\n<li class=\"UCIEquipments__listItem\">Sistema de Audio con conexi\u00f3n AUX + USB<\/li>\n<li class=\"UCIEquipments__listItem\">Panel de instrumentos tipo Supervision (4,2&#8221;)<\/li>\n<li class=\"UCIEquipments__listItem\">Faros antiniebla delanteros<\/li>\n<li class=\"UCIEquipments__listItem\">Sistema de asistencia de mantenimiento de carril + Sistema reconocimiento de se\u00f1ales de tr\u00e1fico<\/li>\n<li class=\"UCIEquipments__listItem\">Reposacabezas regulables en altura<\/li>\n<li class=\"UCIEquipments__listItem\">Retrovisores exteriores calefactables y plegables con el intermitente incorporado<\/li>\n<li class=\"UCIEquipments__listItem\">Volante y palanca cambios en piel<\/li>\n<li class=\"UCIEquipments__listItem\">Control de crucero con limitador de velocidad<\/li>\n<li class=\"UCIEquipments__listItem\">Sensor de luces<\/li>\n<li class=\"UCIEquipments__listItem\">ESC (Programa Electr\u00f3nico de Estabilidad)<\/li>\n<li class=\"UCIEquipments__listItem\">Direcci\u00f3n Asistida<\/li>\n<li class=\"UCIEquipments__listItem\">Lunas oscurecidas<\/li>\n<li class=\"UCIEquipments__listItem\">Doble airbag frontal<\/li>\n<li class=\"UCIEquipments__listItem\">Airbag laterales delanteros y de cortina<\/li>\n<li class=\"UCIEquipments__listItem\">DBC (Control de Freno en Descenso)<\/li>\n<li class=\"UCIEquipments__listItem\">Asiento conductor de altura regulable<\/li>\n<li class=\"UCIEquipments__listItem\">Spoiler trasero<\/li>\n<li class=\"UCIEquipments__listItem\">ESS (Activaci\u00f3n parpadeo luces de freno en caso de frenada de emergencia)<\/li>\n<li class=\"UCIEquipments__listItem\">Llantas aleaci\u00f3n 17&#8221; con neum\u00e1ticos 225 \/ 60<\/li>\n<li class=\"UCIEquipments__listItem\">Retrovisores exteriores el\u00e9ctricos<\/li>\n<li class=\"UCIEquipments__listItem\">HAC (Sistema de ayuda de arranque en pendiente)<\/li>\n<li class=\"UCIEquipments__listItem\">Sistema de control de presi\u00f3n de los neum\u00e1ticos<\/li>\n<li class=\"UCIEquipments__listItem\">VSM (Sistema de gesti\u00f3n de Estabilidad) + TSA (Asistente de conducci\u00f3n con trailer)<\/li>\n<li class=\"UCIEquipments__listItem\">Retrovisor interior electrocr\u00f3mico<\/li>\n<li class=\"UCIEquipments__listItem\">Funci\u00f3n seguridad elevalunas (lado conductor)<\/li>\n<li class=\"UCIEquipments__listItem\">Cargador de USB<\/li>\n<li class=\"UCIEquipments__listItem\">Tapicer\u00eda en tela<\/li>\n<li class=\"UCIEquipments__listItem\">Asistente din\u00e1mico para luces de carretera<\/li>\n<li class=\"UCIEquipments__listItem\">Asiento del pasajero regulable en altura<\/li>\n<li class=\"UCIEquipments__listItem\">Combinaci\u00f3n \u00f3pticas traseras con tecnolog\u00eda LED<\/li>\n<li class=\"UCIEquipments__listItem\">Elevalunas el\u00e9ctricos delanteros y traseros<\/li>\n<li class=\"UCIEquipments__listItem\">Barras de techo<\/li>\n<li class=\"UCIEquipments__listItem\">Cierre centralizado con llave plegable<\/li>\n<li class=\"UCIEquipments__listItem\">TCS (Sistema de Control de Tracci\u00f3n)<\/li>\n<li class=\"UCIEquipments__listItem\">Bluetooth<\/li>\n<li class=\"UCIEquipments__listItem\">Acabado Puertas en piel sint\u00e9tica<\/li>\n<li class=\"UCIEquipments__listItem\">Mandos de control de audio en el volante<\/li>\n<li class=\"UCIEquipments__listItem\">Climatizador bizona Autom\u00e1tico<\/li>\n<li class=\"UCIEquipments__listItem\">ABS<\/li>\n<li class=\"UCIEquipments__listItem\">Luces de circulaci\u00f3n diurna con tecnolog\u00eda LED<\/li>\n<\/ul>\n<\/div>\n<\/div>\n<\/div>\n<\/div>\n<\/div>\n<div class=\"Slice UCIAccessoriesDetails\"><\/div>\n<div class=\"Slice UCIDealerComment\">\n<div class=\"UCIVehicleDetailsSection\">\n<p class=\"UCIVehicleDetailsSection__title\">\n<\/div>\n<\/div>\n<\/div>\n<\/div>\n<div id=\"div_equipamiento\">\n<div class=\"row\">\n<div id=\"divEquipamiento1\" class=\"equipamiento content\">\n<div class=\"equipamiento\">\n<div id=\"divEquipamiento1\" class=\"equipamiento content\">\n<div class=\"equipamiento\"><\/div>\n<div class=\"equipamiento\"><\/div>\n<\/div>\n<\/div>\n<div class=\"equipamiento\"><\/div>\n<\/div>\n<\/div>\n<\/div>\n","protected":false},"excerpt":{"rendered":"<p><strong>KIA SPORTATGE\u00a0 X-Tech 2018<\/strong><\/p>\n<p><strong>Estado:<\/strong> ocasion<\/p>\n<p><em><strong>Matriculacion:\u00a0\u00a0<\/strong><\/em>marzo 2018<\/p>\n<p><strong>Color:<\/strong>\u00a0 blanco<\/p>\n<p><strong>Combustible:<\/strong> gasolina<\/p>\n<p><strong>Transmision:<\/strong> manual<\/p>\n<p style=\"text-align: left;\"><strong>Potencia:\u00a0<\/strong>\u00a0 97kw\/132cv<\/p>\n<p style=\"text-align: left;\"><strong>Cilindrada:<\/strong>\u00a0 \u00a01591cc<\/p>\n<p style=\"text-align: left;\"><strong>Tarjeta emisiones:<\/strong> C (verde)<\/p>\n<p style=\"text-align: left;\"><strong>Kilometros:<\/strong>\u00a0 70.300<\/p>\n<p style=\"text-align: left;\"><strong>Garantia:<\/strong> 12 meses garantia<\/p>\n<p style=\"text-align: left;\"><strong>PRECIO CONTADO:\u00a0<\/strong> \u00a015.000\u20ac<\/p>\n<p style=\"text-align: left;\"><strong>PRECIO FINANCIADO:\u00a0<\/strong> 15.000\u20ac (sujeto a campa\u00f1a de financiacion,consulta condiciones)<\/p>\n<p><em><strong>AUTOADA OCASIO<\/strong>.<\/em><br \/>\nVenta vehiculos multimarca seminuevos y ocasion.<\/p>\n<p>Gastos gestoria no incluidos en el precio.12 meses garantia contractual.Financiamos el 100% consulta condiciones.Gestion de financiacion.Valoramos y aceptamos su vehiculo actual como entrada.Este anuncio y el precio sera valido salvo error tipografico.Este anuncio no es vinculante se muestra a titulo informativo no contractual.<\/p>\n<p style=\"text-align: left;\">\n","protected":false},"featured_media":28390,"template":"","meta":{"inline_featured_image":false},"product_cat":[56],"product_tag":[],"class_list":{"0":"post-28387","1":"product","2":"type-product","3":"status-publish","4":"has-post-thumbnail","6":"product_brand-kia","7":"product_cat-suv","9":"first","10":"instock","11":"featured","12":"shipping-taxable","13":"purchasable","14":"product-type-simple"},"yoast_head":"<!-- This site is optimized with the Yoast SEO plugin v27.3 - https:\/\/yoast.com\/product\/yoast-seo-wordpress\/ -->\n<title>KIA SPORTATGE - Tallers Autoada<\/title>\n<meta name=\"robots\" content=\"noindex, follow\" \/>\n<meta property=\"og:locale\" content=\"es_ES\" \/>\n<meta property=\"og:type\" content=\"article\" \/>\n<meta property=\"og:title\" content=\"KIA SPORTATGE - Tallers Autoada\" \/>\n<meta property=\"og:description\" content=\"KIA SPORTATGE\u00a0 X-Tech 2018  Estado: ocasion  Matriculacion:\u00a0\u00a0marzo 2018  Color:\u00a0 blanco  Combustible: gasolina  Transmision: manual Potencia:\u00a0\u00a0 97kw\/132cv Cilindrada:\u00a0 \u00a01591cc Tarjeta emisiones: C (verde) Kilometros:\u00a0 70.300 Garantia: 12 meses garantia PRECIO CONTADO:\u00a0 \u00a015.000\u20ac PRECIO FINANCIADO:\u00a0 15.000\u20ac (sujeto a campa\u00f1a de financiacion,consulta condiciones) AUTOADA OCASIO. Venta vehiculos multimarca seminuevos y ocasion.  Gastos gestoria no incluidos en el precio.12 meses garantia contractual.Financiamos el 100% consulta condiciones.Gestion de financiacion.Valoramos y aceptamos su vehiculo actual como entrada.Este anuncio y el precio sera valido salvo error tipografico.Este anuncio no es vinculante se muestra a titulo informativo no contractual.\" \/>\n<meta property=\"og:url\" content=\"https:\/\/tallersautoada.com\/producte\/kia-sportatge\/\" \/>\n<meta property=\"og:site_name\" content=\"Tallers Autoada\" \/>\n<meta property=\"article:modified_time\" content=\"2026-03-24T09:00:10+00:00\" \/>\n<meta property=\"og:image\" content=\"https:\/\/tallersautoada.com\/wp-content\/uploads\/2026\/01\/Diapositiva39-3.png\" \/>\n\t<meta property=\"og:image:width\" content=\"960\" \/>\n\t<meta property=\"og:image:height\" content=\"720\" \/>\n\t<meta property=\"og:image:type\" content=\"image\/png\" \/>\n<meta name=\"twitter:card\" content=\"summary_large_image\" \/>\n<meta name=\"twitter:label1\" content=\"Est. reading time\" \/>\n\t<meta name=\"twitter:data1\" content=\"2 minutes\" \/>\n<script type=\"application\/ld+json\" class=\"yoast-schema-graph\">{\"@context\":\"https:\\\/\\\/schema.org\",\"@graph\":[{\"@type\":\"WebPage\",\"@id\":\"https:\\\/\\\/tallersautoada.com\\\/producte\\\/kia-sportatge\\\/\",\"url\":\"https:\\\/\\\/tallersautoada.com\\\/producte\\\/kia-sportatge\\\/\",\"name\":\"KIA SPORTATGE - Tallers Autoada\",\"isPartOf\":{\"@id\":\"https:\\\/\\\/tallersautoada.com\\\/#website\"},\"primaryImageOfPage\":{\"@id\":\"https:\\\/\\\/tallersautoada.com\\\/producte\\\/kia-sportatge\\\/#primaryimage\"},\"image\":{\"@id\":\"https:\\\/\\\/tallersautoada.com\\\/producte\\\/kia-sportatge\\\/#primaryimage\"},\"thumbnailUrl\":\"https:\\\/\\\/tallersautoada.com\\\/wp-content\\\/uploads\\\/2026\\\/01\\\/Diapositiva39-3.png\",\"datePublished\":\"2026-01-13T14:31:52+00:00\",\"dateModified\":\"2026-03-24T09:00:10+00:00\",\"breadcrumb\":{\"@id\":\"https:\\\/\\\/tallersautoada.com\\\/producte\\\/kia-sportatge\\\/#breadcrumb\"},\"inLanguage\":\"es-ES\",\"potentialAction\":[{\"@type\":\"ReadAction\",\"target\":[\"https:\\\/\\\/tallersautoada.com\\\/producte\\\/kia-sportatge\\\/\"]}]},{\"@type\":\"ImageObject\",\"inLanguage\":\"es-ES\",\"@id\":\"https:\\\/\\\/tallersautoada.com\\\/producte\\\/kia-sportatge\\\/#primaryimage\",\"url\":\"https:\\\/\\\/tallersautoada.com\\\/wp-content\\\/uploads\\\/2026\\\/01\\\/Diapositiva39-3.png\",\"contentUrl\":\"https:\\\/\\\/tallersautoada.com\\\/wp-content\\\/uploads\\\/2026\\\/01\\\/Diapositiva39-3.png\",\"width\":960,\"height\":720},{\"@type\":\"BreadcrumbList\",\"@id\":\"https:\\\/\\\/tallersautoada.com\\\/producte\\\/kia-sportatge\\\/#breadcrumb\",\"itemListElement\":[{\"@type\":\"ListItem\",\"position\":1,\"name\":\"Inici\",\"item\":\"https:\\\/\\\/tallersautoada.com\\\/es\\\/inicio\\\/\"},{\"@type\":\"ListItem\",\"position\":2,\"name\":\"Veh\u00edculos en Venta\",\"item\":\"https:\\\/\\\/tallersautoada.com\\\/es\\\/vehiculos-en-venta-2\\\/\"},{\"@type\":\"ListItem\",\"position\":3,\"name\":\"KIA SPORTATGE\"}]},{\"@type\":\"WebSite\",\"@id\":\"https:\\\/\\\/tallersautoada.com\\\/#website\",\"url\":\"https:\\\/\\\/tallersautoada.com\\\/\",\"name\":\"Tallers Autoada\",\"description\":\"Taller mec\u00e0nic, electricitat, planxa i pintura i centre de rentat\",\"publisher\":{\"@id\":\"https:\\\/\\\/tallersautoada.com\\\/#organization\"},\"potentialAction\":[{\"@type\":\"SearchAction\",\"target\":{\"@type\":\"EntryPoint\",\"urlTemplate\":\"https:\\\/\\\/tallersautoada.com\\\/?s={search_term_string}\"},\"query-input\":{\"@type\":\"PropertyValueSpecification\",\"valueRequired\":true,\"valueName\":\"search_term_string\"}}],\"inLanguage\":\"es-ES\"},{\"@type\":\"Organization\",\"@id\":\"https:\\\/\\\/tallersautoada.com\\\/#organization\",\"name\":\"Tallers Autoada\",\"url\":\"https:\\\/\\\/tallersautoada.com\\\/\",\"logo\":{\"@type\":\"ImageObject\",\"inLanguage\":\"es-ES\",\"@id\":\"https:\\\/\\\/tallersautoada.com\\\/#\\\/schema\\\/logo\\\/image\\\/\",\"url\":\"https:\\\/\\\/tallersautoada.com\\\/wp-content\\\/uploads\\\/2023\\\/01\\\/tallersautoada-logo.png\",\"contentUrl\":\"https:\\\/\\\/tallersautoada.com\\\/wp-content\\\/uploads\\\/2023\\\/01\\\/tallersautoada-logo.png\",\"width\":1006,\"height\":395,\"caption\":\"Tallers Autoada\"},\"image\":{\"@id\":\"https:\\\/\\\/tallersautoada.com\\\/#\\\/schema\\\/logo\\\/image\\\/\"}}]}<\/script>\n<!-- \/ Yoast SEO plugin. -->","yoast_head_json":{"title":"KIA SPORTATGE - Tallers Autoada","robots":{"index":"noindex","follow":"follow"},"og_locale":"es_ES","og_type":"article","og_title":"KIA SPORTATGE - Tallers Autoada","og_description":"KIA SPORTATGE\u00a0 X-Tech 2018  Estado: ocasion  Matriculacion:\u00a0\u00a0marzo 2018  Color:\u00a0 blanco  Combustible: gasolina  Transmision: manual Potencia:\u00a0\u00a0 97kw\/132cv Cilindrada:\u00a0 \u00a01591cc Tarjeta emisiones: C (verde) Kilometros:\u00a0 70.300 Garantia: 12 meses garantia PRECIO CONTADO:\u00a0 \u00a015.000\u20ac PRECIO FINANCIADO:\u00a0 15.000\u20ac (sujeto a campa\u00f1a de financiacion,consulta condiciones) AUTOADA OCASIO. Venta vehiculos multimarca seminuevos y ocasion.  Gastos gestoria no incluidos en el precio.12 meses garantia contractual.Financiamos el 100% consulta condiciones.Gestion de financiacion.Valoramos y aceptamos su vehiculo actual como entrada.Este anuncio y el precio sera valido salvo error tipografico.Este anuncio no es vinculante se muestra a titulo informativo no contractual.","og_url":"https:\/\/tallersautoada.com\/producte\/kia-sportatge\/","og_site_name":"Tallers Autoada","article_modified_time":"2026-03-24T09:00:10+00:00","og_image":[{"width":960,"height":720,"url":"https:\/\/tallersautoada.com\/wp-content\/uploads\/2026\/01\/Diapositiva39-3.png","type":"image\/png"}],"twitter_card":"summary_large_image","twitter_misc":{"Est. reading time":"2 minutes"},"schema":{"@context":"https:\/\/schema.org","@graph":[{"@type":"WebPage","@id":"https:\/\/tallersautoada.com\/producte\/kia-sportatge\/","url":"https:\/\/tallersautoada.com\/producte\/kia-sportatge\/","name":"KIA SPORTATGE - Tallers Autoada","isPartOf":{"@id":"https:\/\/tallersautoada.com\/#website"},"primaryImageOfPage":{"@id":"https:\/\/tallersautoada.com\/producte\/kia-sportatge\/#primaryimage"},"image":{"@id":"https:\/\/tallersautoada.com\/producte\/kia-sportatge\/#primaryimage"},"thumbnailUrl":"https:\/\/tallersautoada.com\/wp-content\/uploads\/2026\/01\/Diapositiva39-3.png","datePublished":"2026-01-13T14:31:52+00:00","dateModified":"2026-03-24T09:00:10+00:00","breadcrumb":{"@id":"https:\/\/tallersautoada.com\/producte\/kia-sportatge\/#breadcrumb"},"inLanguage":"es-ES","potentialAction":[{"@type":"ReadAction","target":["https:\/\/tallersautoada.com\/producte\/kia-sportatge\/"]}]},{"@type":"ImageObject","inLanguage":"es-ES","@id":"https:\/\/tallersautoada.com\/producte\/kia-sportatge\/#primaryimage","url":"https:\/\/tallersautoada.com\/wp-content\/uploads\/2026\/01\/Diapositiva39-3.png","contentUrl":"https:\/\/tallersautoada.com\/wp-content\/uploads\/2026\/01\/Diapositiva39-3.png","width":960,"height":720},{"@type":"BreadcrumbList","@id":"https:\/\/tallersautoada.com\/producte\/kia-sportatge\/#breadcrumb","itemListElement":[{"@type":"ListItem","position":1,"name":"Inici","item":"https:\/\/tallersautoada.com\/es\/inicio\/"},{"@type":"ListItem","position":2,"name":"Veh\u00edculos en Venta","item":"https:\/\/tallersautoada.com\/es\/vehiculos-en-venta-2\/"},{"@type":"ListItem","position":3,"name":"KIA SPORTATGE"}]},{"@type":"WebSite","@id":"https:\/\/tallersautoada.com\/#website","url":"https:\/\/tallersautoada.com\/","name":"Tallers Autoada","description":"Taller mec\u00e0nic, electricitat, planxa i pintura i centre de rentat","publisher":{"@id":"https:\/\/tallersautoada.com\/#organization"},"potentialAction":[{"@type":"SearchAction","target":{"@type":"EntryPoint","urlTemplate":"https:\/\/tallersautoada.com\/?s={search_term_string}"},"query-input":{"@type":"PropertyValueSpecification","valueRequired":true,"valueName":"search_term_string"}}],"inLanguage":"es-ES"},{"@type":"Organization","@id":"https:\/\/tallersautoada.com\/#organization","name":"Tallers Autoada","url":"https:\/\/tallersautoada.com\/","logo":{"@type":"ImageObject","inLanguage":"es-ES","@id":"https:\/\/tallersautoada.com\/#\/schema\/logo\/image\/","url":"https:\/\/tallersautoada.com\/wp-content\/uploads\/2023\/01\/tallersautoada-logo.png","contentUrl":"https:\/\/tallersautoada.com\/wp-content\/uploads\/2023\/01\/tallersautoada-logo.png","width":1006,"height":395,"caption":"Tallers Autoada"},"image":{"@id":"https:\/\/tallersautoada.com\/#\/schema\/logo\/image\/"}}]}},"_links":{"self":[{"href":"https:\/\/tallersautoada.com\/es\/wp-json\/wp\/v2\/product\/28387","targetHints":{"allow":["GET"]}}],"collection":[{"href":"https:\/\/tallersautoada.com\/es\/wp-json\/wp\/v2\/product"}],"about":[{"href":"https:\/\/tallersautoada.com\/es\/wp-json\/wp\/v2\/types\/product"}],"version-history":[{"count":5,"href":"https:\/\/tallersautoada.com\/es\/wp-json\/wp\/v2\/product\/28387\/revisions"}],"predecessor-version":[{"id":30840,"href":"https:\/\/tallersautoada.com\/es\/wp-json\/wp\/v2\/product\/28387\/revisions\/30840"}],"wp:featuredmedia":[{"embeddable":true,"href":"https:\/\/tallersautoada.com\/es\/wp-json\/wp\/v2\/media\/28390"}],"wp:attachment":[{"href":"https:\/\/tallersautoada.com\/es\/wp-json\/wp\/v2\/media?parent=28387"}],"wp:term":[{"taxonomy":"product_cat","embeddable":true,"href":"https:\/\/tallersautoada.com\/es\/wp-json\/wp\/v2\/product_cat?post=28387"},{"taxonomy":"product_tag","embeddable":true,"href":"https:\/\/tallersautoada.com\/es\/wp-json\/wp\/v2\/product_tag?post=28387"}],"curies":[{"name":"wp","href":"https:\/\/api.w.org\/{rel}","templated":true}]}}