{"id":28853,"date":"2026-02-10T17:13:14","date_gmt":"2026-02-10T15:13:14","guid":{"rendered":"https:\/\/tallersautoada.com\/?post_type=product&#038;p=28853"},"modified":"2026-03-12T10:56:22","modified_gmt":"2026-03-12T08:56:22","slug":"mobilize-duo","status":"publish","type":"product","link":"https:\/\/tallersautoada.com\/es\/producte\/mobilize-duo\/","title":{"rendered":"MOBILIZE  DUO"},"content":{"rendered":"<ul class=\"mt-ListModelDetails-list\">\n<li class=\"mt-ListModelDetails-listItem\" data-testid=\"TECHNICAL_DETAILS_TOP_SPEED_MODEL_DETAILS\"><strong>Velocidad M\u00e1xima<\/strong>:\u00a080 km\/h<\/li>\n<li class=\"mt-ListModelDetails-listItem\" data-testid=\"TECHNICAL_DETAILS_DIMENSIONS_MODEL_DETAILS\"><strong>Largo x ancho x alto<\/strong>:\u00a02434 x 1298 x 1456mm<\/li>\n<li class=\"mt-ListModelDetails-listItem\" data-testid=\"TECHNICAL_DETAILS_WEIGHT_MODEL_DETAILS\"><strong>Peso<\/strong>:\u00a0419 kg con conductor<\/li>\n<li class=\"mt-ListModelDetails-listItem\" data-testid=\"TECHNICAL_DETAILS_ENGINE.BATTERY_CAPACITY\"><strong>Capacidad de la bater\u00eda<\/strong>:\u00a010.3 kWh<\/li>\n<\/ul>\n<div class=\"mt-PanelEquipment-group\" data-testid=\"tab-content-standard\">\n<div class=\"mt-TitleBasic-titleWrapper mt-TitleBasic-titleWrapper--black mt-TitleBasic-titleWrapper--left\">\n<h5 class=\"mt-TitleBasic-title mt-TitleBasic-title--xs mt-TitleBasic-title--black\">Ficha T\u00e9cnica<\/h5>\n<\/div>\n<ul class=\"mt-ListBasic-list\">\n<li class=\"mt-ListBasic-listItem mt-ListBasic-listItem--marginBottomL mt-ListBasic-listItem-disc\">\n<div>\n<div class=\"mt-ListBasic-listItemContent\">Acabado EVO (clasificaci\u00f3n JATO: lujo L1)<\/div>\n<\/div>\n<\/li>\n<li class=\"mt-ListBasic-listItem mt-ListBasic-listItem--marginBottomL mt-ListBasic-listItem-disc\">\n<div>\n<div class=\"mt-ListBasic-listItemContent\">Carrocer\u00eda tipo cuadriciclo de 2 puertas, batalla corta normal, volante al lado izquierdo, carrocer\u00eda &amp; puertas (local): cuadriciclo de 2 puertas<\/div>\n<\/div>\n<\/li>\n<li class=\"mt-ListBasic-listItem mt-ListBasic-listItem--marginBottomL mt-ListBasic-listItem-disc\">\n<div>\n<div class=\"mt-ListBasic-listItemContent\">Cuatro frenos de disco<\/div>\n<\/div>\n<\/li>\n<li class=\"mt-ListBasic-listItem mt-ListBasic-listItem--marginBottomL mt-ListBasic-listItem-disc\">\n<div>\n<div class=\"mt-ListBasic-listItemContent\">Tracci\u00f3n trasera<\/div>\n<\/div>\n<\/li>\n<li class=\"mt-ListBasic-listItem mt-ListBasic-listItem--marginBottomL mt-ListBasic-listItem-disc\">\n<div>\n<div class=\"mt-ListBasic-listItemContent\">Combustible: el\u00e9ctrico y Combustible primario: el\u00e9ctrico<\/div>\n<\/div>\n<\/li>\n<li class=\"mt-ListBasic-listItem mt-ListBasic-listItem--marginBottomL mt-ListBasic-listItem-disc\">\n<div>\n<div class=\"mt-ListBasic-listItemContent\">Prestaciones: 80 km\/h de velocidad m\u00e1xima<\/div>\n<\/div>\n<\/li>\n<li class=\"mt-ListBasic-listItem mt-ListBasic-listItem--marginBottomL mt-ListBasic-listItem-disc\">\n<div>\n<div class=\"mt-ListBasic-listItemContent\">Potencia de 10 CV 7 kW ; 10 CV (potencia m\u00e1x. motor el\u00e9ctrico) y 7 kW (potencia m\u00e1x. motor el\u00e9ctrico)<\/div>\n<\/div>\n<\/li>\n<li class=\"mt-ListBasic-listItem mt-ListBasic-listItem--marginBottomL mt-ListBasic-listItem-disc\">\n<div>\n<div class=\"mt-ListBasic-listItemContent\">Suspensi\u00f3n delantera, trasera de doble horquilla<\/div>\n<\/div>\n<\/li>\n<li class=\"mt-ListBasic-listItem mt-ListBasic-listItem--marginBottomL mt-ListBasic-listItem-disc\">\n<div>\n<div class=\"mt-ListBasic-listItemContent\">Transmisi\u00f3n de tipo autom\u00e1tico con cambio totalmente autom\u00e1tico de una \u00fanica velocidad<\/div>\n<\/div>\n<\/li>\n<\/ul>\n<\/div>\n<div class=\"mt-PanelEquipment-group\" data-testid=\"tab-content-standard\">\n<div class=\"mt-TitleBasic-titleWrapper mt-TitleBasic-titleWrapper--black mt-TitleBasic-titleWrapper--left\">\n<h5 class=\"mt-TitleBasic-title mt-TitleBasic-title--xs mt-TitleBasic-title--black\">Informaci\u00f3n B\u00e1sica<\/h5>\n<\/div>\n<ul class=\"mt-ListBasic-list\">\n<li class=\"mt-ListBasic-listItem mt-ListBasic-listItem--marginBottomL mt-ListBasic-listItem-disc\">\n<div>\n<div class=\"mt-ListBasic-listItemContent\">Impuestos: I.V.A. (21%), Impuesto de Matriculaci\u00f3n (0%), 2.254,46, 0,00 y IVA de IVA IVA al 21,00 % 2.254,46 \u20ac de IVA<\/div>\n<\/div>\n<\/li>\n<li class=\"mt-ListBasic-listItem mt-ListBasic-listItem--marginBottomL mt-ListBasic-listItem-disc\">\n<div>\n<div class=\"mt-ListBasic-listItemContent\">Garant\u00eda completa del veh\u00edculo: 36 meses y 9.999.999 km<\/div>\n<\/div>\n<\/li>\n<\/ul>\n<\/div>\n<div class=\"mt-PanelEquipment-group\" data-testid=\"tab-content-standard\">\n<div class=\"mt-TitleBasic-titleWrapper mt-TitleBasic-titleWrapper--black mt-TitleBasic-titleWrapper--left\">\n<h5 class=\"mt-TitleBasic-title mt-TitleBasic-title--xs mt-TitleBasic-title--black\">Dimensiones<\/h5>\n<\/div>\n<ul class=\"mt-ListBasic-list\">\n<li class=\"mt-ListBasic-listItem mt-ListBasic-listItem--marginBottomL mt-ListBasic-listItem-disc\">\n<div>\n<div class=\"mt-ListBasic-listItemContent\">Dimensiones exteriores: 2.434 mm de largo, 1.298 mm de ancho, 1.456 mm de alto, 1.686 mm de batalla, 1.162 mm de ancho de v\u00eda delantero, 1.142 mm de ancho de v\u00eda trasero y 6.800 mm de di\u00e1metro de giro entre bordillos<\/div>\n<\/div>\n<\/li>\n<\/ul>\n<\/div>\n<div class=\"mt-PanelEquipment-group\" data-testid=\"tab-content-standard\">\n<div class=\"mt-TitleBasic-titleWrapper mt-TitleBasic-titleWrapper--black mt-TitleBasic-titleWrapper--left\">\n<h5 class=\"mt-TitleBasic-title mt-TitleBasic-title--xs mt-TitleBasic-title--black\">Confort<\/h5>\n<\/div>\n<ul class=\"mt-ListBasic-list\">\n<li class=\"mt-ListBasic-listItem mt-ListBasic-listItem--marginBottomL mt-ListBasic-listItem-disc\">\n<div>\n<div class=\"mt-ListBasic-listItemContent\">Faros con bombilla LED y luz larga con bombilla LED<\/div>\n<\/div>\n<\/li>\n<li class=\"mt-ListBasic-listItem mt-ListBasic-listItem--marginBottomL mt-ListBasic-listItem-disc\">\n<div>\n<div class=\"mt-ListBasic-listItemContent\">Regulaci\u00f3n de los faros<\/div>\n<\/div>\n<\/li>\n<li class=\"mt-ListBasic-listItem mt-ListBasic-listItem--marginBottomL mt-ListBasic-listItem-disc\">\n<div>\n<div class=\"mt-ListBasic-listItemContent\">Cierre centralizado con mando a distancia<\/div>\n<\/div>\n<\/li>\n<li class=\"mt-ListBasic-listItem mt-ListBasic-listItem--marginBottomL mt-ListBasic-listItem-disc\">\n<div>\n<div class=\"mt-ListBasic-listItemContent\">Volante en material pl\u00e1stico<\/div>\n<\/div>\n<\/li>\n<li class=\"mt-ListBasic-listItem mt-ListBasic-listItem--marginBottomL mt-ListBasic-listItem-disc\">\n<div>\n<div class=\"mt-ListBasic-listItemContent\">Sistema de ventilaci\u00f3n calefacci\u00f3n el\u00e9ctrica<\/div>\n<\/div>\n<\/li>\n<li class=\"mt-ListBasic-listItem mt-ListBasic-listItem--marginBottomL mt-ListBasic-listItem-disc\">\n<div>\n<div class=\"mt-ListBasic-listItemContent\">Limpiaparabrisas delantero<\/div>\n<\/div>\n<\/li>\n<\/ul>\n<\/div>\n<div class=\"mt-PanelEquipment-group\" data-testid=\"tab-content-standard\">\n<div class=\"mt-TitleBasic-titleWrapper mt-TitleBasic-titleWrapper--black mt-TitleBasic-titleWrapper--left\">\n<h5 class=\"mt-TitleBasic-title mt-TitleBasic-title--xs mt-TitleBasic-title--black\">Acabado Exterior<\/h5>\n<\/div>\n<ul class=\"mt-ListBasic-list\">\n<li class=\"mt-ListBasic-listItem mt-ListBasic-listItem--marginBottomL mt-ListBasic-listItem-disc\">\n<div>\n<div class=\"mt-ListBasic-listItemContent\">Neum\u00e1ticos delanteros de 125 mm de ancho y 80 % de perfil, neum\u00e1ticos traseros de 145 mm de ancho y 80 % de perfil<\/div>\n<\/div>\n<\/li>\n<li class=\"mt-ListBasic-listItem mt-ListBasic-listItem--marginBottomL mt-ListBasic-listItem-disc\">\n<div>\n<div class=\"mt-ListBasic-listItemContent\">Retrovisor exterior del conductor y acompa\u00f1ante negro\/gris (no pintado) y ajustable desde el exterior<\/div>\n<\/div>\n<\/li>\n<li class=\"mt-ListBasic-listItem mt-ListBasic-listItem--marginBottomL mt-ListBasic-listItem-disc\">\n<div>\n<div class=\"mt-ListBasic-listItemContent\">Llantas delanteras y traseras en acero de 13 pulgadas de di\u00e1metro 33,0<\/div>\n<\/div>\n<\/li>\n<li class=\"mt-ListBasic-listItem mt-ListBasic-listItem--marginBottomL mt-ListBasic-listItem-disc\">\n<div>\n<div class=\"mt-ListBasic-listItemContent\">Puerta conductor y pasajero ( tijera )<\/div>\n<\/div>\n<\/li>\n<\/ul>\n<\/div>\n<div class=\"mt-PanelEquipment-group\" data-testid=\"tab-content-standard\">\n<div class=\"mt-TitleBasic-titleWrapper mt-TitleBasic-titleWrapper--black mt-TitleBasic-titleWrapper--left\">\n<h5 class=\"mt-TitleBasic-title mt-TitleBasic-title--xs mt-TitleBasic-title--black\">Seguridad<\/h5>\n<\/div>\n<ul class=\"mt-ListBasic-list\">\n<li class=\"mt-ListBasic-listItem mt-ListBasic-listItem--marginBottomL mt-ListBasic-listItem-disc\">\n<div>\n<div class=\"mt-ListBasic-listItemContent\">Airbag frontal del conductor<\/div>\n<\/div>\n<\/li>\n<li class=\"mt-ListBasic-listItem mt-ListBasic-listItem--marginBottomL mt-ListBasic-listItem-disc\">\n<div>\n<div class=\"mt-ListBasic-listItemContent\">Cintur\u00f3n de seguridad delantero en asiento conductor<\/div>\n<\/div>\n<\/li>\n<li class=\"mt-ListBasic-listItem mt-ListBasic-listItem--marginBottomL mt-ListBasic-listItem-disc\">\n<div>\n<div class=\"mt-ListBasic-listItemContent\">Cintur\u00f3n de seguridad trasero en lado conductor<\/div>\n<\/div>\n<\/li>\n<\/ul>\n<\/div>\n<div class=\"mt-PanelEquipment-group\" data-testid=\"tab-content-standard\">\n<div class=\"mt-TitleBasic-titleWrapper mt-TitleBasic-titleWrapper--black mt-TitleBasic-titleWrapper--left\">\n<h5 class=\"mt-TitleBasic-title mt-TitleBasic-title--xs mt-TitleBasic-title--black\">Acabado Interior<\/h5>\n<\/div>\n<ul class=\"mt-ListBasic-list\">\n<li class=\"mt-ListBasic-listItem mt-ListBasic-listItem--marginBottomL mt-ListBasic-listItem-disc\">\n<div>\n<div class=\"mt-ListBasic-listItemContent\">Reposacabezas integrados en asientos delanteros<\/div>\n<\/div>\n<\/li>\n<li class=\"mt-ListBasic-listItem mt-ListBasic-listItem--marginBottomL mt-ListBasic-listItem-disc\">\n<div>\n<div class=\"mt-ListBasic-listItemContent\">Asiento delantero del conductor individual, t\u00e9rmico y ajuste longitudinal manual<\/div>\n<\/div>\n<\/li>\n<li class=\"mt-ListBasic-listItem mt-ListBasic-listItem--marginBottomL mt-ListBasic-listItem-disc\">\n<div>\n<div class=\"mt-ListBasic-listItemContent\">Asientos traseros de una plaza y orientaci\u00f3n delantera<\/div>\n<\/div>\n<\/li>\n<\/ul>\n<\/div>\n<p>&nbsp;<\/p>\n<p>&nbsp;<\/p>\n","protected":false},"excerpt":{"rendered":"<p><strong>MOBILIZE DUI EVO 80<\/strong><\/p>\n<p><strong>Estado: <\/strong>\u00a0ocasion<\/p>\n<p><strong>Matriculacion:<\/strong>\u00a0 \u00a02025<\/p>\n<p><strong>Color:<\/strong> negro<\/p>\n<p><strong>Combustible:<\/strong> electrico<\/p>\n<p><strong>Transmision:<\/strong> automatico<\/p>\n<p style=\"text-align: left;\"><strong>Potencia:<\/strong>\u00a0 \u00a010cv<\/p>\n<p style=\"text-align: left;\"><strong>Cilindrada:<\/strong>\u00a0 \u00a0&#8212;&#8211; (125cc)<\/p>\n<p style=\"text-align: left;\"><strong>Tarjeta emisiones:<\/strong>\u00a0 \u00a00(azul)<\/p>\n<p style=\"text-align: left;\"><strong>Kilometros:<\/strong>\u00a0 1000<\/p>\n<p style=\"text-align: left;\"><strong>Garantia:<\/strong>\u00a0 24 meses<\/p>\n<p><strong>PRECIO CONTADO:\u00a0<\/strong> 13.000\u20ac\u00a0 IVA DEDUCIBLE<\/p>\n<p><em><strong>AUTOADA OCASIO<\/strong><\/em><\/p>\n<p>Gastos gestoria no incluidos en el precio.12 meses garantia contractual.Financiamos el 100% consulta condiciones.Gestion de financiacion.Valoramos y aceptamos su vehiculo actual como entrada.Este anuncio y el precio sera valido salvo error tipografico.Este anuncio no es vinculante se muestra a titulo informativo no contractual.<\/p>\n<p style=\"text-align: left;\">\n","protected":false},"featured_media":28856,"template":"","meta":{"inline_featured_image":false},"product_cat":[98],"product_tag":[],"class_list":{"0":"post-28853","1":"product","2":"type-product","3":"status-publish","4":"has-post-thumbnail","6":"product_brand-mobilize","7":"product_brand-silence","8":"product_cat-nano-car","10":"first","11":"instock","12":"featured","13":"shipping-taxable","14":"purchasable","15":"product-type-simple"},"yoast_head":"<!-- This site is optimized with the Yoast SEO plugin v27.3 - https:\/\/yoast.com\/product\/yoast-seo-wordpress\/ -->\n<title>MOBILIZE DUO - Tallers Autoada<\/title>\n<meta name=\"robots\" content=\"noindex, follow\" \/>\n<meta property=\"og:locale\" content=\"es_ES\" \/>\n<meta property=\"og:type\" content=\"article\" \/>\n<meta property=\"og:title\" content=\"MOBILIZE DUO - Tallers Autoada\" \/>\n<meta property=\"og:description\" content=\"MOBILIZE DUI EVO 80  Estado: \u00a0ocasion  Matriculacion:\u00a0 \u00a02025  Color: negro  Combustible: electrico  Transmision: automatico Potencia:\u00a0 \u00a010cv Cilindrada:\u00a0 \u00a0----- (125cc) Tarjeta emisiones:\u00a0 \u00a00(azul) Kilometros:\u00a0 1000 Garantia:\u00a0 24 meses PRECIO CONTADO:\u00a0 13.000\u20ac\u00a0 IVA DEDUCIBLE  AUTOADA OCASIO  Gastos gestoria no incluidos en el precio.12 meses garantia contractual.Financiamos el 100% consulta condiciones.Gestion de financiacion.Valoramos y aceptamos su vehiculo actual como entrada.Este anuncio y el precio sera valido salvo error tipografico.Este anuncio no es vinculante se muestra a titulo informativo no contractual.\" \/>\n<meta property=\"og:url\" content=\"https:\/\/tallersautoada.com\/producte\/mobilize-duo\/\" \/>\n<meta property=\"og:site_name\" content=\"Tallers Autoada\" \/>\n<meta property=\"article:modified_time\" content=\"2026-03-12T08:56:22+00:00\" \/>\n<meta property=\"og:image\" content=\"https:\/\/tallersautoada.com\/wp-content\/uploads\/2026\/02\/Diapositiva2-1.jpg\" \/>\n\t<meta property=\"og:image:width\" content=\"960\" \/>\n\t<meta property=\"og:image:height\" content=\"720\" \/>\n\t<meta property=\"og:image:type\" content=\"image\/jpeg\" \/>\n<meta name=\"twitter:card\" content=\"summary_large_image\" \/>\n<meta name=\"twitter:label1\" content=\"Est. reading time\" \/>\n\t<meta name=\"twitter:data1\" content=\"2 minutes\" \/>\n<script type=\"application\/ld+json\" class=\"yoast-schema-graph\">{\"@context\":\"https:\\\/\\\/schema.org\",\"@graph\":[{\"@type\":\"WebPage\",\"@id\":\"https:\\\/\\\/tallersautoada.com\\\/producte\\\/mobilize-duo\\\/\",\"url\":\"https:\\\/\\\/tallersautoada.com\\\/producte\\\/mobilize-duo\\\/\",\"name\":\"MOBILIZE DUO - Tallers Autoada\",\"isPartOf\":{\"@id\":\"https:\\\/\\\/tallersautoada.com\\\/#website\"},\"primaryImageOfPage\":{\"@id\":\"https:\\\/\\\/tallersautoada.com\\\/producte\\\/mobilize-duo\\\/#primaryimage\"},\"image\":{\"@id\":\"https:\\\/\\\/tallersautoada.com\\\/producte\\\/mobilize-duo\\\/#primaryimage\"},\"thumbnailUrl\":\"https:\\\/\\\/tallersautoada.com\\\/wp-content\\\/uploads\\\/2026\\\/02\\\/Diapositiva2-1.jpg\",\"datePublished\":\"2026-02-10T15:13:14+00:00\",\"dateModified\":\"2026-03-12T08:56:22+00:00\",\"breadcrumb\":{\"@id\":\"https:\\\/\\\/tallersautoada.com\\\/producte\\\/mobilize-duo\\\/#breadcrumb\"},\"inLanguage\":\"es-ES\",\"potentialAction\":[{\"@type\":\"ReadAction\",\"target\":[\"https:\\\/\\\/tallersautoada.com\\\/producte\\\/mobilize-duo\\\/\"]}]},{\"@type\":\"ImageObject\",\"inLanguage\":\"es-ES\",\"@id\":\"https:\\\/\\\/tallersautoada.com\\\/producte\\\/mobilize-duo\\\/#primaryimage\",\"url\":\"https:\\\/\\\/tallersautoada.com\\\/wp-content\\\/uploads\\\/2026\\\/02\\\/Diapositiva2-1.jpg\",\"contentUrl\":\"https:\\\/\\\/tallersautoada.com\\\/wp-content\\\/uploads\\\/2026\\\/02\\\/Diapositiva2-1.jpg\",\"width\":960,\"height\":720},{\"@type\":\"BreadcrumbList\",\"@id\":\"https:\\\/\\\/tallersautoada.com\\\/producte\\\/mobilize-duo\\\/#breadcrumb\",\"itemListElement\":[{\"@type\":\"ListItem\",\"position\":1,\"name\":\"Inici\",\"item\":\"https:\\\/\\\/tallersautoada.com\\\/es\\\/inicio\\\/\"},{\"@type\":\"ListItem\",\"position\":2,\"name\":\"Veh\u00edculos en Venta\",\"item\":\"https:\\\/\\\/tallersautoada.com\\\/es\\\/vehiculos-en-venta-2\\\/\"},{\"@type\":\"ListItem\",\"position\":3,\"name\":\"MOBILIZE DUO\"}]},{\"@type\":\"WebSite\",\"@id\":\"https:\\\/\\\/tallersautoada.com\\\/#website\",\"url\":\"https:\\\/\\\/tallersautoada.com\\\/\",\"name\":\"Tallers Autoada\",\"description\":\"Taller mec\u00e0nic, electricitat, planxa i pintura i centre de rentat\",\"publisher\":{\"@id\":\"https:\\\/\\\/tallersautoada.com\\\/#organization\"},\"potentialAction\":[{\"@type\":\"SearchAction\",\"target\":{\"@type\":\"EntryPoint\",\"urlTemplate\":\"https:\\\/\\\/tallersautoada.com\\\/?s={search_term_string}\"},\"query-input\":{\"@type\":\"PropertyValueSpecification\",\"valueRequired\":true,\"valueName\":\"search_term_string\"}}],\"inLanguage\":\"es-ES\"},{\"@type\":\"Organization\",\"@id\":\"https:\\\/\\\/tallersautoada.com\\\/#organization\",\"name\":\"Tallers Autoada\",\"url\":\"https:\\\/\\\/tallersautoada.com\\\/\",\"logo\":{\"@type\":\"ImageObject\",\"inLanguage\":\"es-ES\",\"@id\":\"https:\\\/\\\/tallersautoada.com\\\/#\\\/schema\\\/logo\\\/image\\\/\",\"url\":\"https:\\\/\\\/tallersautoada.com\\\/wp-content\\\/uploads\\\/2023\\\/01\\\/tallersautoada-logo.png\",\"contentUrl\":\"https:\\\/\\\/tallersautoada.com\\\/wp-content\\\/uploads\\\/2023\\\/01\\\/tallersautoada-logo.png\",\"width\":1006,\"height\":395,\"caption\":\"Tallers Autoada\"},\"image\":{\"@id\":\"https:\\\/\\\/tallersautoada.com\\\/#\\\/schema\\\/logo\\\/image\\\/\"}}]}<\/script>\n<!-- \/ Yoast SEO plugin. -->","yoast_head_json":{"title":"MOBILIZE DUO - Tallers Autoada","robots":{"index":"noindex","follow":"follow"},"og_locale":"es_ES","og_type":"article","og_title":"MOBILIZE DUO - Tallers Autoada","og_description":"MOBILIZE DUI EVO 80  Estado: \u00a0ocasion  Matriculacion:\u00a0 \u00a02025  Color: negro  Combustible: electrico  Transmision: automatico Potencia:\u00a0 \u00a010cv Cilindrada:\u00a0 \u00a0----- (125cc) Tarjeta emisiones:\u00a0 \u00a00(azul) Kilometros:\u00a0 1000 Garantia:\u00a0 24 meses PRECIO CONTADO:\u00a0 13.000\u20ac\u00a0 IVA DEDUCIBLE  AUTOADA OCASIO  Gastos gestoria no incluidos en el precio.12 meses garantia contractual.Financiamos el 100% consulta condiciones.Gestion de financiacion.Valoramos y aceptamos su vehiculo actual como entrada.Este anuncio y el precio sera valido salvo error tipografico.Este anuncio no es vinculante se muestra a titulo informativo no contractual.","og_url":"https:\/\/tallersautoada.com\/producte\/mobilize-duo\/","og_site_name":"Tallers Autoada","article_modified_time":"2026-03-12T08:56:22+00:00","og_image":[{"width":960,"height":720,"url":"https:\/\/tallersautoada.com\/wp-content\/uploads\/2026\/02\/Diapositiva2-1.jpg","type":"image\/jpeg"}],"twitter_card":"summary_large_image","twitter_misc":{"Est. reading time":"2 minutes"},"schema":{"@context":"https:\/\/schema.org","@graph":[{"@type":"WebPage","@id":"https:\/\/tallersautoada.com\/producte\/mobilize-duo\/","url":"https:\/\/tallersautoada.com\/producte\/mobilize-duo\/","name":"MOBILIZE DUO - Tallers Autoada","isPartOf":{"@id":"https:\/\/tallersautoada.com\/#website"},"primaryImageOfPage":{"@id":"https:\/\/tallersautoada.com\/producte\/mobilize-duo\/#primaryimage"},"image":{"@id":"https:\/\/tallersautoada.com\/producte\/mobilize-duo\/#primaryimage"},"thumbnailUrl":"https:\/\/tallersautoada.com\/wp-content\/uploads\/2026\/02\/Diapositiva2-1.jpg","datePublished":"2026-02-10T15:13:14+00:00","dateModified":"2026-03-12T08:56:22+00:00","breadcrumb":{"@id":"https:\/\/tallersautoada.com\/producte\/mobilize-duo\/#breadcrumb"},"inLanguage":"es-ES","potentialAction":[{"@type":"ReadAction","target":["https:\/\/tallersautoada.com\/producte\/mobilize-duo\/"]}]},{"@type":"ImageObject","inLanguage":"es-ES","@id":"https:\/\/tallersautoada.com\/producte\/mobilize-duo\/#primaryimage","url":"https:\/\/tallersautoada.com\/wp-content\/uploads\/2026\/02\/Diapositiva2-1.jpg","contentUrl":"https:\/\/tallersautoada.com\/wp-content\/uploads\/2026\/02\/Diapositiva2-1.jpg","width":960,"height":720},{"@type":"BreadcrumbList","@id":"https:\/\/tallersautoada.com\/producte\/mobilize-duo\/#breadcrumb","itemListElement":[{"@type":"ListItem","position":1,"name":"Inici","item":"https:\/\/tallersautoada.com\/es\/inicio\/"},{"@type":"ListItem","position":2,"name":"Veh\u00edculos en Venta","item":"https:\/\/tallersautoada.com\/es\/vehiculos-en-venta-2\/"},{"@type":"ListItem","position":3,"name":"MOBILIZE DUO"}]},{"@type":"WebSite","@id":"https:\/\/tallersautoada.com\/#website","url":"https:\/\/tallersautoada.com\/","name":"Tallers Autoada","description":"Taller mec\u00e0nic, electricitat, planxa i pintura i centre de rentat","publisher":{"@id":"https:\/\/tallersautoada.com\/#organization"},"potentialAction":[{"@type":"SearchAction","target":{"@type":"EntryPoint","urlTemplate":"https:\/\/tallersautoada.com\/?s={search_term_string}"},"query-input":{"@type":"PropertyValueSpecification","valueRequired":true,"valueName":"search_term_string"}}],"inLanguage":"es-ES"},{"@type":"Organization","@id":"https:\/\/tallersautoada.com\/#organization","name":"Tallers Autoada","url":"https:\/\/tallersautoada.com\/","logo":{"@type":"ImageObject","inLanguage":"es-ES","@id":"https:\/\/tallersautoada.com\/#\/schema\/logo\/image\/","url":"https:\/\/tallersautoada.com\/wp-content\/uploads\/2023\/01\/tallersautoada-logo.png","contentUrl":"https:\/\/tallersautoada.com\/wp-content\/uploads\/2023\/01\/tallersautoada-logo.png","width":1006,"height":395,"caption":"Tallers Autoada"},"image":{"@id":"https:\/\/tallersautoada.com\/#\/schema\/logo\/image\/"}}]}},"_links":{"self":[{"href":"https:\/\/tallersautoada.com\/es\/wp-json\/wp\/v2\/product\/28853","targetHints":{"allow":["GET"]}}],"collection":[{"href":"https:\/\/tallersautoada.com\/es\/wp-json\/wp\/v2\/product"}],"about":[{"href":"https:\/\/tallersautoada.com\/es\/wp-json\/wp\/v2\/types\/product"}],"version-history":[{"count":4,"href":"https:\/\/tallersautoada.com\/es\/wp-json\/wp\/v2\/product\/28853\/revisions"}],"predecessor-version":[{"id":30747,"href":"https:\/\/tallersautoada.com\/es\/wp-json\/wp\/v2\/product\/28853\/revisions\/30747"}],"wp:featuredmedia":[{"embeddable":true,"href":"https:\/\/tallersautoada.com\/es\/wp-json\/wp\/v2\/media\/28856"}],"wp:attachment":[{"href":"https:\/\/tallersautoada.com\/es\/wp-json\/wp\/v2\/media?parent=28853"}],"wp:term":[{"taxonomy":"product_cat","embeddable":true,"href":"https:\/\/tallersautoada.com\/es\/wp-json\/wp\/v2\/product_cat?post=28853"},{"taxonomy":"product_tag","embeddable":true,"href":"https:\/\/tallersautoada.com\/es\/wp-json\/wp\/v2\/product_tag?post=28853"}],"curies":[{"name":"wp","href":"https:\/\/api.w.org\/{rel}","templated":true}]}}