{"id":29232,"date":"2026-03-02T17:16:33","date_gmt":"2026-03-02T15:16:33","guid":{"rendered":"https:\/\/tallersautoada.com\/?post_type=product&#038;p=29232"},"modified":"2026-03-02T17:16:34","modified_gmt":"2026-03-02T15:16:34","slug":"renault-megane","status":"publish","type":"product","link":"https:\/\/tallersautoada.com\/es\/producte\/renault-megane\/","title":{"rendered":"RENAULT MEGANE"},"content":{"rendered":"<div id=\"divEquipamiento1\" class=\"equipamiento content\">\n<div class=\"equipamiento\"><\/div>\n<div class=\"equipamiento\">\n<div>\n<div class=\"UCIVehicleDetailsSection\">\n<div class=\"UCIVehicleDetailsSection__inner\">\n<div class=\"UCIEquipments__list\">\n<div class=\"Slice Slice_vertical\">\n<div class=\"UCIEquipments__listItem\">\n<div class=\"row\"><span class=\"title\">Equipamiento:B<\/span><span class=\"text\">OSE FULL EQUIP<br \/>\nPintura especial Metalizado Dezir rojo | Easy-Park-Assistent | Llantas de aleaci\u00f3n 7,5&#215;18 (Voyage) | Llantas de aleaci\u00f3n 7,5&#215;18 (Grandtour) | Llantas de aleaci\u00f3n | Rueda de repuesto de emergencia | Rueda de repuesto<\/span><\/div>\n<div class=\"row\"><span id=\"vehiculoEquipamiento1\" class=\"collapsible active\">Equipamiento Serie<\/span><\/p>\n<div id=\"divEquipamiento1\" class=\"equipamiento content\">\n<div class=\"equipamiento\">&#8211; Paquete confort<\/div>\n<div class=\"equipamiento\">&#8211; Paquete modularidad<\/div>\n<div class=\"equipamiento\">&#8211; Paquete Look<\/div>\n<div class=\"equipamiento\">&#8211; Paquete-Easy<\/div>\n<div class=\"equipamiento\">&#8211; Paquete fumador<\/div>\n<div class=\"equipamiento\">&#8211; Paquete Navegaci\u00f3n<\/div>\n<div class=\"equipamiento\">&#8211; Paquete: City<\/div>\n<div class=\"equipamiento\">&#8211; Carrocer\u00eda: 5 puertas<\/div>\n<div class=\"equipamiento\">&#8211; Retrovisor exterior color carrocer\u00eda<\/div>\n<div class=\"equipamiento\">&#8211; Luces antiniebla<\/div>\n<div class=\"equipamiento\">&#8211; Asistente a la conducci\u00f3n: Asistente luz carretera<\/div>\n<div class=\"equipamiento\">&#8211; Asistente a la conducci\u00f3n: Reconocimiento de se\u00f1ales de tr\u00e1fico<\/div>\n<div class=\"equipamiento\">&#8211; Pilotos traseros LED<\/div>\n<div class=\"equipamiento\">&#8211; Indicador de la velocidad (Instrumentos) digital<\/div>\n<div class=\"equipamiento\">&#8211; Sistema de navegaci\u00f3n<\/div>\n<div class=\"equipamiento\">&#8211; Sistema control presi\u00f3n neum\u00e1ticos<\/div>\n<div class=\"equipamiento\">&#8211; Control de crucero (Tempomat)<\/div>\n<div class=\"equipamiento\">&#8211; Airbag conductor\/acompa\u00f1ante<\/div>\n<div class=\"equipamiento\">&#8211; Sistema de airbag para la cabeza delante<\/div>\n<div class=\"equipamiento\">&#8211; Sistema de airbag para la cabeza detr\u00e1s<\/div>\n<div class=\"equipamiento\">&#8211; Airbag lateral delante<\/div>\n<div class=\"equipamiento\">&#8211; Airbag acompa\u00f1ante Desconectable<\/div>\n<div class=\"equipamiento\">&#8211; Reposabrazos central delante con Guantera<\/div>\n<div class=\"equipamiento\">&#8211; Reposabrazos central detr\u00e1s con Portavasos<\/div>\n<div class=\"equipamiento\">&#8211; Toberas de aire atr\u00e1s<\/div>\n<div class=\"equipamiento\">&#8211; tapicer\u00eda asientos: piel sint\u00e9tica \/ Tela<\/div>\n<div class=\"equipamiento\">&#8211; Asiento delante izquierda regulable en altura<\/div>\n<div class=\"equipamiento\">&#8211; Asiento delante derecha regulable en altura<\/div>\n<div class=\"equipamiento\">&#8211; Asiento delante izquierda con funci\u00f3n masaje<\/div>\n<div class=\"equipamiento\">&#8211; Soporte lumbar Asiento delante izquierda<\/div>\n<div class=\"equipamiento\">&#8211; Asiento trasero dividido\/abatible (1\/3-2\/3)<\/div>\n<div class=\"equipamiento\">&#8211; Elevalunas el\u00e9ctric. delante + detr\u00e1s<\/div>\n<div class=\"equipamiento\">&#8211; Iluminaci\u00f3n ambiente<\/div>\n<div class=\"equipamiento\">&#8211; Retrovisor interior con sistema antideslumbramiento autom.<\/div>\n<div class=\"equipamiento\">&#8211; Parasoles con Espejo (iluminaci\u00f3n)<\/div>\n<div class=\"equipamiento\">&#8211; Anclajes Isofix para Asiento para ni\u00f1os<\/div>\n<div class=\"equipamiento\">&#8211; Enchufe (enchufe 12V) 2\u00aa fila de asientos<\/div>\n<div class=\"equipamiento\">&#8211; Sistema antibloqueo (ABS)<\/div>\n<div class=\"equipamiento\">&#8211; Asistente a la conducci\u00f3n: Sistema de aviso-cambio de v\u00eda<\/div>\n<div class=\"equipamiento\">&#8211; Kit reparaci\u00f3n de neum\u00e1ticos<\/div>\n<div class=\"equipamiento\">&#8211; Volante (cuero &#8220;Napa&#8221;, 3 radios)<\/div>\n<div class=\"equipamiento\">&#8211; Columna de direcci\u00f3n (Volante) regulable en altura<\/div>\n<div class=\"equipamiento\">&#8211; Regulaci\u00f3n antideslizante (ASR)<\/div>\n<div class=\"equipamiento\">&#8211; Programa electr\u00f3nico de estabilidad (ESP)<\/div>\n<div class=\"equipamiento\">&#8211; Asistente a la conducci\u00f3n: Multi-Sense (Conmutador del modo de conducci\u00f3n)<\/div>\n<div class=\"equipamiento\">&#8211; Asistente a la conducci\u00f3n: Asistente de subidas (HSA)<\/div>\n<div class=\"equipamiento\">&#8211; Regeneraci\u00f3n de energ\u00eda (Energy Smart Management)<\/div>\n<div class=\"equipamiento\">&#8211; Caja de cambios 6-marcha<\/div>\n<div class=\"equipamiento\">&#8211; Reducci\u00f3n poluci\u00f3n seg\u00fan norma gases escape Euro 6<\/div>\n<div class=\"equipamiento\">&#8211; Reducci\u00f3n poluci\u00f3n seg\u00fan norma gases escape Euro 6d-TEMP<\/div>\n<div class=\"equipamiento\">&#8211; Eco &#8220;Moda&#8221; (Conmutador del modo de conducci\u00f3n)<\/div>\n<div class=\"equipamiento\">&#8211; Sistema Start\/Stop<\/div>\n<div class=\"equipamiento\">&#8211; Filtro part\u00edculas-Otto (GPF) (GPF)<\/div>\n<div class=\"equipamiento\">&#8211; Motor 1,3 Ltr. &#8211; 103 kW TCE<\/div>\n<\/div>\n<\/div>\n<div class=\"row\"><span id=\"vehiculoEquipamiento2\" class=\"collapsible\">Equipamiento Opcional<\/span><\/div>\n<\/div>\n<\/div>\n<\/div>\n<\/div>\n<\/div>\n<\/div>\n<\/div>\n<div class=\"equipamiento\">\n<div class=\"Slice UCIDifferentiatingEquipments\">\n<div class=\"UCIVehicleDetailsSection\">\n<p class=\"UCIVehicleDetailsSection__title\">\n<\/div>\n<\/div>\n<\/div>\n<\/div>\n","protected":false},"excerpt":{"rendered":"<p><strong>RENAULT MEGANE\u00a0 Bose Edition 2019<\/strong><\/p>\n<p><strong>Estado:<\/strong> ocasion<\/p>\n<p><strong>Matriculacion:<\/strong>\u00a0 agosto 2019<\/p>\n<p><strong>Color:<\/strong> rojo<\/p>\n<p><strong>Combustible:<\/strong> gasolina<\/p>\n<p><strong>Transmision:<\/strong>\u00a0 automatico 7vel<\/p>\n<p style=\"text-align: left;\"><strong>Potencia:<\/strong>\u00a0 103kw\/140cv<\/p>\n<p style=\"text-align: left;\"><strong>Cilindrada:<\/strong>\u00a0 \u00a01333cc<\/p>\n<p style=\"text-align: left;\"><strong>Tarjeta emisiones:<\/strong>\u00a0 C(verde)<\/p>\n<p style=\"text-align: left;\"><strong>Kilometros:<\/strong>\u00a0 59.645<\/p>\n<p style=\"text-align: left;\"><strong>Garantia:<\/strong>\u00a0 12 meses garantia<\/p>\n<p><strong>PRECIO CONTADO:\u00a0<\/strong>\u00a0 19.500\u20ac<\/p>\n<p style=\"text-align: left;\"><strong>PRECIO FINANCIADO:<\/strong>\u00a0 \u00a018.500\u20ac (sujeto a campa\u00f1a de financiacion,consulta condiciones)<\/p>\n<p><strong><em>AUTOADA OCASIO<\/em><\/strong>.<br \/>\nVenta vehiculos multimarca seminuevos y ocasion.<\/p>\n<p>Gastos gestoria no incluidos en el precio.12 meses garantia contractual.Financiamos el 100% consulta condiciones.Gestion de financiacion.Valoramos y aceptamos su vehiculo actual como entrada.Este anuncio y el precio sera valido salvo error tipografico.Este anuncio no es vinculante se muestra a titulo informativo no contractual.<\/p>\n<p style=\"text-align: left;\">\n","protected":false},"featured_media":29415,"template":"","meta":{"inline_featured_image":false},"product_cat":[83],"product_tag":[],"class_list":{"0":"post-29232","1":"product","2":"type-product","3":"status-publish","4":"has-post-thumbnail","6":"product_brand-renault","7":"product_cat-familiar","9":"first","10":"instock","11":"featured","12":"shipping-taxable","13":"purchasable","14":"product-type-simple"},"yoast_head":"<!-- This site is optimized with the Yoast SEO plugin v27.3 - https:\/\/yoast.com\/product\/yoast-seo-wordpress\/ -->\n<title>RENAULT MEGANE - Tallers Autoada<\/title>\n<meta name=\"robots\" content=\"noindex, follow\" \/>\n<meta property=\"og:locale\" content=\"es_ES\" \/>\n<meta property=\"og:type\" content=\"article\" \/>\n<meta property=\"og:title\" content=\"RENAULT MEGANE - Tallers Autoada\" \/>\n<meta property=\"og:description\" content=\"RENAULT MEGANE\u00a0 Bose Edition 2019  Estado: ocasion  Matriculacion:\u00a0 agosto 2019  Color: rojo  Combustible: gasolina  Transmision:\u00a0 automatico 7vel Potencia:\u00a0 103kw\/140cv Cilindrada:\u00a0 \u00a01333cc Tarjeta emisiones:\u00a0 C(verde) Kilometros:\u00a0 59.645 Garantia:\u00a0 12 meses garantia PRECIO CONTADO:\u00a0\u00a0 19.500\u20ac PRECIO FINANCIADO:\u00a0 \u00a018.500\u20ac (sujeto a campa\u00f1a de financiacion,consulta condiciones) AUTOADA OCASIO. Venta vehiculos multimarca seminuevos y ocasion.  Gastos gestoria no incluidos en el precio.12 meses garantia contractual.Financiamos el 100% consulta condiciones.Gestion de financiacion.Valoramos y aceptamos su vehiculo actual como entrada.Este anuncio y el precio sera valido salvo error tipografico.Este anuncio no es vinculante se muestra a titulo informativo no contractual.\" \/>\n<meta property=\"og:url\" content=\"https:\/\/tallersautoada.com\/producte\/renault-megane\/\" \/>\n<meta property=\"og:site_name\" content=\"Tallers Autoada\" \/>\n<meta property=\"article:modified_time\" content=\"2026-03-02T15:16:34+00:00\" \/>\n<meta property=\"og:image\" content=\"https:\/\/tallersautoada.com\/wp-content\/uploads\/2026\/03\/Diapositiva3-2.jpg\" \/>\n\t<meta property=\"og:image:width\" content=\"960\" \/>\n\t<meta property=\"og:image:height\" content=\"720\" \/>\n\t<meta property=\"og:image:type\" content=\"image\/jpeg\" \/>\n<meta name=\"twitter:card\" content=\"summary_large_image\" \/>\n<meta name=\"twitter:label1\" content=\"Est. reading time\" \/>\n\t<meta name=\"twitter:data1\" content=\"2 minutes\" \/>\n<script type=\"application\/ld+json\" class=\"yoast-schema-graph\">{\"@context\":\"https:\\\/\\\/schema.org\",\"@graph\":[{\"@type\":\"WebPage\",\"@id\":\"https:\\\/\\\/tallersautoada.com\\\/producte\\\/renault-megane\\\/\",\"url\":\"https:\\\/\\\/tallersautoada.com\\\/producte\\\/renault-megane\\\/\",\"name\":\"RENAULT MEGANE - Tallers Autoada\",\"isPartOf\":{\"@id\":\"https:\\\/\\\/tallersautoada.com\\\/#website\"},\"primaryImageOfPage\":{\"@id\":\"https:\\\/\\\/tallersautoada.com\\\/producte\\\/renault-megane\\\/#primaryimage\"},\"image\":{\"@id\":\"https:\\\/\\\/tallersautoada.com\\\/producte\\\/renault-megane\\\/#primaryimage\"},\"thumbnailUrl\":\"https:\\\/\\\/tallersautoada.com\\\/wp-content\\\/uploads\\\/2026\\\/03\\\/Diapositiva3-2.jpg\",\"datePublished\":\"2026-03-02T15:16:33+00:00\",\"dateModified\":\"2026-03-02T15:16:34+00:00\",\"breadcrumb\":{\"@id\":\"https:\\\/\\\/tallersautoada.com\\\/producte\\\/renault-megane\\\/#breadcrumb\"},\"inLanguage\":\"es-ES\",\"potentialAction\":[{\"@type\":\"ReadAction\",\"target\":[\"https:\\\/\\\/tallersautoada.com\\\/producte\\\/renault-megane\\\/\"]}]},{\"@type\":\"ImageObject\",\"inLanguage\":\"es-ES\",\"@id\":\"https:\\\/\\\/tallersautoada.com\\\/producte\\\/renault-megane\\\/#primaryimage\",\"url\":\"https:\\\/\\\/tallersautoada.com\\\/wp-content\\\/uploads\\\/2026\\\/03\\\/Diapositiva3-2.jpg\",\"contentUrl\":\"https:\\\/\\\/tallersautoada.com\\\/wp-content\\\/uploads\\\/2026\\\/03\\\/Diapositiva3-2.jpg\",\"width\":960,\"height\":720},{\"@type\":\"BreadcrumbList\",\"@id\":\"https:\\\/\\\/tallersautoada.com\\\/producte\\\/renault-megane\\\/#breadcrumb\",\"itemListElement\":[{\"@type\":\"ListItem\",\"position\":1,\"name\":\"Inici\",\"item\":\"https:\\\/\\\/tallersautoada.com\\\/es\\\/inicio\\\/\"},{\"@type\":\"ListItem\",\"position\":2,\"name\":\"Veh\u00edculos en Venta\",\"item\":\"https:\\\/\\\/tallersautoada.com\\\/es\\\/vehiculos-en-venta-2\\\/\"},{\"@type\":\"ListItem\",\"position\":3,\"name\":\"RENAULT MEGANE\"}]},{\"@type\":\"WebSite\",\"@id\":\"https:\\\/\\\/tallersautoada.com\\\/#website\",\"url\":\"https:\\\/\\\/tallersautoada.com\\\/\",\"name\":\"Tallers Autoada\",\"description\":\"Taller mec\u00e0nic, electricitat, planxa i pintura i centre de rentat\",\"publisher\":{\"@id\":\"https:\\\/\\\/tallersautoada.com\\\/#organization\"},\"potentialAction\":[{\"@type\":\"SearchAction\",\"target\":{\"@type\":\"EntryPoint\",\"urlTemplate\":\"https:\\\/\\\/tallersautoada.com\\\/?s={search_term_string}\"},\"query-input\":{\"@type\":\"PropertyValueSpecification\",\"valueRequired\":true,\"valueName\":\"search_term_string\"}}],\"inLanguage\":\"es-ES\"},{\"@type\":\"Organization\",\"@id\":\"https:\\\/\\\/tallersautoada.com\\\/#organization\",\"name\":\"Tallers Autoada\",\"url\":\"https:\\\/\\\/tallersautoada.com\\\/\",\"logo\":{\"@type\":\"ImageObject\",\"inLanguage\":\"es-ES\",\"@id\":\"https:\\\/\\\/tallersautoada.com\\\/#\\\/schema\\\/logo\\\/image\\\/\",\"url\":\"https:\\\/\\\/tallersautoada.com\\\/wp-content\\\/uploads\\\/2023\\\/01\\\/tallersautoada-logo.png\",\"contentUrl\":\"https:\\\/\\\/tallersautoada.com\\\/wp-content\\\/uploads\\\/2023\\\/01\\\/tallersautoada-logo.png\",\"width\":1006,\"height\":395,\"caption\":\"Tallers Autoada\"},\"image\":{\"@id\":\"https:\\\/\\\/tallersautoada.com\\\/#\\\/schema\\\/logo\\\/image\\\/\"}}]}<\/script>\n<!-- \/ Yoast SEO plugin. -->","yoast_head_json":{"title":"RENAULT MEGANE - Tallers Autoada","robots":{"index":"noindex","follow":"follow"},"og_locale":"es_ES","og_type":"article","og_title":"RENAULT MEGANE - Tallers Autoada","og_description":"RENAULT MEGANE\u00a0 Bose Edition 2019  Estado: ocasion  Matriculacion:\u00a0 agosto 2019  Color: rojo  Combustible: gasolina  Transmision:\u00a0 automatico 7vel Potencia:\u00a0 103kw\/140cv Cilindrada:\u00a0 \u00a01333cc Tarjeta emisiones:\u00a0 C(verde) Kilometros:\u00a0 59.645 Garantia:\u00a0 12 meses garantia PRECIO CONTADO:\u00a0\u00a0 19.500\u20ac PRECIO FINANCIADO:\u00a0 \u00a018.500\u20ac (sujeto a campa\u00f1a de financiacion,consulta condiciones) AUTOADA OCASIO. Venta vehiculos multimarca seminuevos y ocasion.  Gastos gestoria no incluidos en el precio.12 meses garantia contractual.Financiamos el 100% consulta condiciones.Gestion de financiacion.Valoramos y aceptamos su vehiculo actual como entrada.Este anuncio y el precio sera valido salvo error tipografico.Este anuncio no es vinculante se muestra a titulo informativo no contractual.","og_url":"https:\/\/tallersautoada.com\/producte\/renault-megane\/","og_site_name":"Tallers Autoada","article_modified_time":"2026-03-02T15:16:34+00:00","og_image":[{"width":960,"height":720,"url":"https:\/\/tallersautoada.com\/wp-content\/uploads\/2026\/03\/Diapositiva3-2.jpg","type":"image\/jpeg"}],"twitter_card":"summary_large_image","twitter_misc":{"Est. reading time":"2 minutes"},"schema":{"@context":"https:\/\/schema.org","@graph":[{"@type":"WebPage","@id":"https:\/\/tallersautoada.com\/producte\/renault-megane\/","url":"https:\/\/tallersautoada.com\/producte\/renault-megane\/","name":"RENAULT MEGANE - Tallers Autoada","isPartOf":{"@id":"https:\/\/tallersautoada.com\/#website"},"primaryImageOfPage":{"@id":"https:\/\/tallersautoada.com\/producte\/renault-megane\/#primaryimage"},"image":{"@id":"https:\/\/tallersautoada.com\/producte\/renault-megane\/#primaryimage"},"thumbnailUrl":"https:\/\/tallersautoada.com\/wp-content\/uploads\/2026\/03\/Diapositiva3-2.jpg","datePublished":"2026-03-02T15:16:33+00:00","dateModified":"2026-03-02T15:16:34+00:00","breadcrumb":{"@id":"https:\/\/tallersautoada.com\/producte\/renault-megane\/#breadcrumb"},"inLanguage":"es-ES","potentialAction":[{"@type":"ReadAction","target":["https:\/\/tallersautoada.com\/producte\/renault-megane\/"]}]},{"@type":"ImageObject","inLanguage":"es-ES","@id":"https:\/\/tallersautoada.com\/producte\/renault-megane\/#primaryimage","url":"https:\/\/tallersautoada.com\/wp-content\/uploads\/2026\/03\/Diapositiva3-2.jpg","contentUrl":"https:\/\/tallersautoada.com\/wp-content\/uploads\/2026\/03\/Diapositiva3-2.jpg","width":960,"height":720},{"@type":"BreadcrumbList","@id":"https:\/\/tallersautoada.com\/producte\/renault-megane\/#breadcrumb","itemListElement":[{"@type":"ListItem","position":1,"name":"Inici","item":"https:\/\/tallersautoada.com\/es\/inicio\/"},{"@type":"ListItem","position":2,"name":"Veh\u00edculos en Venta","item":"https:\/\/tallersautoada.com\/es\/vehiculos-en-venta-2\/"},{"@type":"ListItem","position":3,"name":"RENAULT MEGANE"}]},{"@type":"WebSite","@id":"https:\/\/tallersautoada.com\/#website","url":"https:\/\/tallersautoada.com\/","name":"Tallers Autoada","description":"Taller mec\u00e0nic, electricitat, planxa i pintura i centre de rentat","publisher":{"@id":"https:\/\/tallersautoada.com\/#organization"},"potentialAction":[{"@type":"SearchAction","target":{"@type":"EntryPoint","urlTemplate":"https:\/\/tallersautoada.com\/?s={search_term_string}"},"query-input":{"@type":"PropertyValueSpecification","valueRequired":true,"valueName":"search_term_string"}}],"inLanguage":"es-ES"},{"@type":"Organization","@id":"https:\/\/tallersautoada.com\/#organization","name":"Tallers Autoada","url":"https:\/\/tallersautoada.com\/","logo":{"@type":"ImageObject","inLanguage":"es-ES","@id":"https:\/\/tallersautoada.com\/#\/schema\/logo\/image\/","url":"https:\/\/tallersautoada.com\/wp-content\/uploads\/2023\/01\/tallersautoada-logo.png","contentUrl":"https:\/\/tallersautoada.com\/wp-content\/uploads\/2023\/01\/tallersautoada-logo.png","width":1006,"height":395,"caption":"Tallers Autoada"},"image":{"@id":"https:\/\/tallersautoada.com\/#\/schema\/logo\/image\/"}}]}},"_links":{"self":[{"href":"https:\/\/tallersautoada.com\/es\/wp-json\/wp\/v2\/product\/29232","targetHints":{"allow":["GET"]}}],"collection":[{"href":"https:\/\/tallersautoada.com\/es\/wp-json\/wp\/v2\/product"}],"about":[{"href":"https:\/\/tallersautoada.com\/es\/wp-json\/wp\/v2\/types\/product"}],"version-history":[{"count":3,"href":"https:\/\/tallersautoada.com\/es\/wp-json\/wp\/v2\/product\/29232\/revisions"}],"predecessor-version":[{"id":29499,"href":"https:\/\/tallersautoada.com\/es\/wp-json\/wp\/v2\/product\/29232\/revisions\/29499"}],"wp:featuredmedia":[{"embeddable":true,"href":"https:\/\/tallersautoada.com\/es\/wp-json\/wp\/v2\/media\/29415"}],"wp:attachment":[{"href":"https:\/\/tallersautoada.com\/es\/wp-json\/wp\/v2\/media?parent=29232"}],"wp:term":[{"taxonomy":"product_cat","embeddable":true,"href":"https:\/\/tallersautoada.com\/es\/wp-json\/wp\/v2\/product_cat?post=29232"},{"taxonomy":"product_tag","embeddable":true,"href":"https:\/\/tallersautoada.com\/es\/wp-json\/wp\/v2\/product_tag?post=29232"}],"curies":[{"name":"wp","href":"https:\/\/api.w.org\/{rel}","templated":true}]}}