{"id":29500,"date":"2026-03-02T17:48:37","date_gmt":"2026-03-02T15:48:37","guid":{"rendered":"https:\/\/tallersautoada.com\/?post_type=product&#038;p=29500"},"modified":"2026-03-02T18:00:38","modified_gmt":"2026-03-02T16:00:38","slug":"lexus-lbx","status":"publish","type":"product","link":"https:\/\/tallersautoada.com\/es\/producte\/lexus-lbx\/","title":{"rendered":"LEXUS LBX"},"content":{"rendered":"<div id=\"divEquipamiento1\" class=\"equipamiento content\">\n<div class=\"equipamiento\">\n<div id=\"divEquipamiento1\" class=\"equipamiento content\">\n<div class=\"equipamiento\">\n<div class=\"row\">\n<p><span id=\"vehiculoEquipamiento1\" class=\"collapsible active\">Equipamiento Serie<\/span><\/p>\n<div id=\"divEquipamiento1\" class=\"equipamiento content\">\n<div class=\"equipamiento\">&#8211; Paquete asistente a la conducci\u00f3n Lexus Safety Sistema<\/div>\n<div class=\"equipamiento\">&#8211; Carrocer\u00eda: 5 puertas<\/div>\n<div class=\"equipamiento\">&#8211; Retrovisor exterior regulable el\u00e9ctricamente y calefactable<\/div>\n<div class=\"equipamiento\">&#8211; Faro LED<\/div>\n<div class=\"equipamiento\">&#8211; Regulaci\u00f3n del alcance de las luces.<\/div>\n<div class=\"equipamiento\">&#8211; Intermitente en Retrovisor exterior integrado.<\/div>\n<div class=\"equipamiento\">&#8211; Encendido autom\u00e1tico de luces<\/div>\n<div class=\"equipamiento\">&#8211; Luz antiniebla trasera LED<\/div>\n<div class=\"equipamiento\">&#8211; Pilotos traseros LED<\/div>\n<div class=\"equipamiento\">&#8211; Luz de d\u00eda LED<\/div>\n<div class=\"equipamiento\">&#8211; Aler\u00f3n trasero<\/div>\n<div class=\"equipamiento\">&#8211; Lunas at\u00e9rmicas tintado<\/div>\n<div class=\"equipamiento\">&#8211; Parabrisas Cristal protector ruido<\/div>\n<div class=\"equipamiento\">&#8211; Sintonizador DAB (Receptor de radio digital)<\/div>\n<div class=\"equipamiento\">&#8211; 6 Altavoces<\/div>\n<div class=\"equipamiento\">&#8211; Instalaci\u00f3n de manos libres Bluetooth<\/div>\n<div class=\"equipamiento\">&#8211; Instalaci\u00f3n de Bluetooth<\/div>\n<div class=\"equipamiento\">&#8211; Conector-Universal (Conexi\u00f3n USB\/iPod\/AUX)<\/div>\n<div class=\"equipamiento\">&#8211; Integraci\u00f3n de Smartphone (Apple CarPlay y Android Auto)<\/div>\n<div class=\"equipamiento\">&#8211; Multimedia Lexus Smart Connect<\/div>\n<div class=\"equipamiento\">&#8211; Inspecci\u00f3n conectada Lexus Link Premium<\/div>\n<div class=\"equipamiento\">&#8211; Asistente a la conducci\u00f3n: Modo\/h\u00edbrido EV<\/div>\n<div class=\"equipamiento\">&#8211; Sistema de control de presi\u00f3n de neum\u00e1ticos<\/div>\n<div class=\"equipamiento\">&#8211; Display multifunci\u00f3n t\u00e1ctil (9,8 Pulgada)<\/div>\n<div class=\"equipamiento\">&#8211; Tablero de instrumentos en Tela<\/div>\n<div class=\"equipamiento\">&#8211; Airbag de rodilla lado del conductor<\/div>\n<div class=\"equipamiento\">&#8211; Conductor\/acompa\u00f1ante del airbag<\/div>\n<div class=\"equipamiento\">&#8211; Airbag lateral delante centro (Center-Airbag)<\/div>\n<div class=\"equipamiento\">&#8211; Sistema de airbag para la cabeza<\/div>\n<div class=\"equipamiento\">&#8211; Airbag lateral delantero<\/div>\n<div class=\"equipamiento\">&#8211; Airbag acompa\u00f1ante Desconectable<\/div>\n<div class=\"equipamiento\">&#8211; consola central delante &#8220;decoraci\u00f3n-madera&#8221;<\/div>\n<div class=\"equipamiento\">&#8211; Climatizador autom\u00e1tico con control del aire circulante autom\u00e1tico.<\/div>\n<div class=\"equipamiento\">&#8211; Asiento trasero de hidromasaje<\/div>\n<div class=\"equipamiento\">&#8211; Asiento trasero plegable<\/div>\n<div class=\"equipamiento\">&#8211; Asiento ni\u00f1o Isofix<\/div>\n<div class=\"equipamiento\">&#8211; Reposacabezas delante y detr\u00e1s regulable<\/div>\n<div class=\"equipamiento\">&#8211; Elevalunas el\u00e9ctricas. delante + detr\u00e1s<\/div>\n<div class=\"equipamiento\">&#8211; Cierre centralizado con Mando a distancia<\/div>\n<div class=\"equipamiento\">&#8211; Bloqueo de la puerta autom<\/div>\n<div class=\"equipamiento\">&#8211; Revestimiento de la puerta Tela<\/div>\n<div class=\"equipamiento\">&#8211; Dispositivo de alarma para cinturones de seguridad delante<\/div>\n<div class=\"equipamiento\">&#8211; Dispositivo de alarma para cinturones de seguridad detr\u00e1s<\/div>\n<div class=\"equipamiento\">&#8211; Tensor del cintur\u00f3n delante<\/div>\n<div class=\"equipamiento\">&#8211; Alarma antirrobo con Vigilancia del habit\u00e1culo interior y Sensor de rotura de cristal.<\/div>\n<div class=\"equipamiento\">&#8211; Protecci\u00f3n ac\u00fastica de peatones (Sonido exterior, AVAS)<\/div>\n<div class=\"equipamiento\">&#8211; Pomo palanca cambios piel sint\u00e9tica Tahara<\/div>\n<div class=\"equipamiento\">&#8211; Asistente de aparcamiento con c\u00e1mara de marcha atr\u00e1s<\/div>\n<div class=\"equipamiento\">&#8211; Sistema antibloqueo (ABS)<\/div>\n<div class=\"equipamiento\">&#8211; Distribuidor electrico de frenada<\/div>\n<div class=\"equipamiento\">&#8211; Asistente del freno<\/div>\n<div class=\"equipamiento\">&#8211; Freno de estacionamiento el\u00e9ctrico. (EPB)<\/div>\n<div class=\"equipamiento\">&#8211; Kit reparacion de neumaticos<\/div>\n<div class=\"equipamiento\">&#8211; Volante (3 radios)<\/div>\n<div class=\"equipamiento\">&#8211; Volante (piel sint\u00e9tica)<\/div>\n<div class=\"equipamiento\">&#8211; Columna de direcci\u00f3n (Volante) regulable<\/div>\n<div class=\"equipamiento\">&#8211; Direcci\u00f3n asistida el\u00e9ctrica.<\/div>\n<div class=\"equipamiento\">&#8211; Programa electr\u00f3nico de estabilidad con Regulaci\u00f3n antideslizante (VSC con TRC)<\/div>\n<div class=\"equipamiento\">&#8211; Tipo de transmisi\u00f3n: Tracci\u00f3n delantera<\/div>\n<div class=\"equipamiento\">&#8211; Asistente a la conducci\u00f3n: Control de subidas en montes (HAC)<\/div>\n<div class=\"equipamiento\">&#8211; Batalla Est\u00e1ndar<\/div>\n<div class=\"equipamiento\">&#8211; Caja de cambios autom\u00e1ticos continuos<\/div>\n<div class=\"equipamiento\">&#8211; Reducci\u00f3n poluci\u00f3n seg\u00fan norma gases escape Euro 6e<\/div>\n<div class=\"equipamiento\">&#8211; Motor el\u00e9ctrico 69 kW (Propulsi\u00f3n h\u00edbrida)<\/div>\n<div class=\"equipamiento\">&#8211; Motor 1,5 litros. &#8211; 67 kW 16V H\u00edbrido<\/div>\n<\/div>\n<\/div>\n<div class=\"row\"><span id=\"vehiculoEquipamiento2\" class=\"collapsible\">Equipamiento Opcional<\/span><\/div>\n<\/div>\n<div class=\"equipamiento\"><\/div>\n<\/div>\n<\/div>\n<\/div>\n<div><\/div>\n<div><\/div>\n","protected":false},"excerpt":{"rendered":"<p><strong>LEXUS\u00a0 LBX Elegant\u00a0<\/strong><\/p>\n<p><strong>Estado:<\/strong> gerencia<\/p>\n<p><strong>Matriculacion:<\/strong> julio 2025<\/p>\n<p><strong>Color:<\/strong>\u00a0 azul menorca<\/p>\n<p><strong>Combustible:<\/strong> gasolina .hibrido autorrecargable<\/p>\n<p><strong>Transmision:<\/strong> automatico<\/p>\n<p style=\"text-align: left;\"><strong>Potencia:<\/strong>\u00a0 \u00a0100kw\/136cv<\/p>\n<p style=\"text-align: left;\"><strong>Cilindrada:<\/strong>\u00a0 \u00a01490cc<\/p>\n<p style=\"text-align: left;\"><strong>Tarjeta emisiones:<\/strong> ECO (verde\/azul)<\/p>\n<p style=\"text-align: left;\"><strong>Kilometros:<\/strong>\u00a0 9.350<\/p>\n<p style=\"text-align: left;\"><strong>Garantia:<\/strong>\u00a0 \u00a024 meses garantia con km ilimitados oficial LEXUS. Relax\u00a0 LEXUS 15 a\u00f1os de garantia desde matriculacion &#8211; hasta 250.000km<\/p>\n<p><strong>PRECIO CONTADO:\u00a0<\/strong> 34.500\u20ac\u00a0 iva deducible<\/p>\n<p style=\"text-align: left;\"><strong>PRECIO FINANCIADO:<\/strong>\u00a0 33.500\u20ac (sujeto a campa\u00f1a de financiacion,consulta condiciones).<span style=\"font-family: Georgia, 'Times New Roman', 'Bitstream Charter', Times, serif;\">Tambien financiacion multiopcion consulta condiciones.<\/span><\/p>\n<p>Todos nuestros vehiculos LEXUS han pasado una revision de 150 puntos bajo la premisa de los estandares de calidad que certifican su kilometraje y la no siniestralidad estructural.Mantenimiento realizados en servicio oficial.<\/p>\n<p><em><strong>AUTOADA OCASIO.<\/strong><\/em><br \/>\nVenta vehiculos multimarca seminuevos y ocasion.<\/p>\n<p>Gastos gestoria no incluidos en el precio.12 meses garantia contractual.Financiamos el 100% consulta condiciones.Gestion de financiacion.Valoramos y aceptamos su vehiculo actual como entrada.Este anuncio y el precio sera valido salvo error tipografico.Este anuncio no es vinculante se muestra a titulo informativo no contractual.<\/p>\n","protected":false},"featured_media":29503,"template":"","meta":{"inline_featured_image":false},"product_cat":[56],"product_tag":[],"class_list":{"0":"post-29500","1":"product","2":"type-product","3":"status-publish","4":"has-post-thumbnail","6":"product_brand-lexus","7":"product_cat-suv","9":"first","10":"instock","11":"featured","12":"shipping-taxable","13":"purchasable","14":"product-type-simple"},"yoast_head":"<!-- This site is optimized with the Yoast SEO plugin v27.3 - https:\/\/yoast.com\/product\/yoast-seo-wordpress\/ -->\n<title>LEXUS LBX - Tallers Autoada<\/title>\n<meta name=\"robots\" content=\"noindex, follow\" \/>\n<meta property=\"og:locale\" content=\"es_ES\" \/>\n<meta property=\"og:type\" content=\"article\" \/>\n<meta property=\"og:title\" content=\"LEXUS LBX - Tallers Autoada\" \/>\n<meta property=\"og:description\" content=\"LEXUS\u00a0 LBX Elegant\u00a0  Estado: gerencia  Matriculacion: julio 2025  Color:\u00a0 azul menorca  Combustible: gasolina .hibrido autorrecargable  Transmision: automatico Potencia:\u00a0 \u00a0100kw\/136cv Cilindrada:\u00a0 \u00a01490cc Tarjeta emisiones: ECO (verde\/azul) Kilometros:\u00a0 9.350 Garantia:\u00a0 \u00a024 meses garantia con km ilimitados oficial LEXUS. Relax\u00a0 LEXUS 15 a\u00f1os de garantia desde matriculacion - hasta 250.000km PRECIO CONTADO:\u00a0 34.500\u20ac\u00a0 iva deducible PRECIO FINANCIADO:\u00a0 33.500\u20ac (sujeto a campa\u00f1a de financiacion,consulta condiciones).Tambien financiacion multiopcion consulta condiciones. Todos nuestros vehiculos LEXUS han pasado una revision de 150 puntos bajo la premisa de los estandares de calidad que certifican su kilometraje y la no siniestralidad estructural.Mantenimiento realizados en servicio oficial.  AUTOADA OCASIO. Venta vehiculos multimarca seminuevos y ocasion.  Gastos gestoria no incluidos en el precio.12 meses garantia contractual.Financiamos el 100% consulta condiciones.Gestion de financiacion.Valoramos y aceptamos su vehiculo actual como entrada.Este anuncio y el precio sera valido salvo error tipografico.Este anuncio no es vinculante se muestra a titulo informativo no contractual.\" \/>\n<meta property=\"og:url\" content=\"https:\/\/tallersautoada.com\/producte\/lexus-lbx\/\" \/>\n<meta property=\"og:site_name\" content=\"Tallers Autoada\" \/>\n<meta property=\"article:modified_time\" content=\"2026-03-02T16:00:38+00:00\" \/>\n<meta property=\"og:image\" content=\"https:\/\/tallersautoada.com\/wp-content\/uploads\/2026\/03\/Diapositiva1-3.jpg\" \/>\n\t<meta property=\"og:image:width\" content=\"960\" \/>\n\t<meta property=\"og:image:height\" content=\"720\" \/>\n\t<meta property=\"og:image:type\" content=\"image\/jpeg\" \/>\n<meta name=\"twitter:card\" content=\"summary_large_image\" \/>\n<meta name=\"twitter:label1\" content=\"Est. reading time\" \/>\n\t<meta name=\"twitter:data1\" content=\"3 minutes\" \/>\n<script type=\"application\/ld+json\" class=\"yoast-schema-graph\">{\"@context\":\"https:\\\/\\\/schema.org\",\"@graph\":[{\"@type\":\"WebPage\",\"@id\":\"https:\\\/\\\/tallersautoada.com\\\/producte\\\/lexus-lbx\\\/\",\"url\":\"https:\\\/\\\/tallersautoada.com\\\/producte\\\/lexus-lbx\\\/\",\"name\":\"LEXUS LBX - Tallers Autoada\",\"isPartOf\":{\"@id\":\"https:\\\/\\\/tallersautoada.com\\\/#website\"},\"primaryImageOfPage\":{\"@id\":\"https:\\\/\\\/tallersautoada.com\\\/producte\\\/lexus-lbx\\\/#primaryimage\"},\"image\":{\"@id\":\"https:\\\/\\\/tallersautoada.com\\\/producte\\\/lexus-lbx\\\/#primaryimage\"},\"thumbnailUrl\":\"https:\\\/\\\/tallersautoada.com\\\/wp-content\\\/uploads\\\/2026\\\/03\\\/Diapositiva1-3.jpg\",\"datePublished\":\"2026-03-02T15:48:37+00:00\",\"dateModified\":\"2026-03-02T16:00:38+00:00\",\"breadcrumb\":{\"@id\":\"https:\\\/\\\/tallersautoada.com\\\/producte\\\/lexus-lbx\\\/#breadcrumb\"},\"inLanguage\":\"es-ES\",\"potentialAction\":[{\"@type\":\"ReadAction\",\"target\":[\"https:\\\/\\\/tallersautoada.com\\\/producte\\\/lexus-lbx\\\/\"]}]},{\"@type\":\"ImageObject\",\"inLanguage\":\"es-ES\",\"@id\":\"https:\\\/\\\/tallersautoada.com\\\/producte\\\/lexus-lbx\\\/#primaryimage\",\"url\":\"https:\\\/\\\/tallersautoada.com\\\/wp-content\\\/uploads\\\/2026\\\/03\\\/Diapositiva1-3.jpg\",\"contentUrl\":\"https:\\\/\\\/tallersautoada.com\\\/wp-content\\\/uploads\\\/2026\\\/03\\\/Diapositiva1-3.jpg\",\"width\":960,\"height\":720},{\"@type\":\"BreadcrumbList\",\"@id\":\"https:\\\/\\\/tallersautoada.com\\\/producte\\\/lexus-lbx\\\/#breadcrumb\",\"itemListElement\":[{\"@type\":\"ListItem\",\"position\":1,\"name\":\"Inici\",\"item\":\"https:\\\/\\\/tallersautoada.com\\\/es\\\/inicio\\\/\"},{\"@type\":\"ListItem\",\"position\":2,\"name\":\"Veh\u00edculos en Venta\",\"item\":\"https:\\\/\\\/tallersautoada.com\\\/es\\\/vehiculos-en-venta-2\\\/\"},{\"@type\":\"ListItem\",\"position\":3,\"name\":\"LEXUS LBX\"}]},{\"@type\":\"WebSite\",\"@id\":\"https:\\\/\\\/tallersautoada.com\\\/#website\",\"url\":\"https:\\\/\\\/tallersautoada.com\\\/\",\"name\":\"Tallers Autoada\",\"description\":\"Taller mec\u00e0nic, electricitat, planxa i pintura i centre de rentat\",\"publisher\":{\"@id\":\"https:\\\/\\\/tallersautoada.com\\\/#organization\"},\"potentialAction\":[{\"@type\":\"SearchAction\",\"target\":{\"@type\":\"EntryPoint\",\"urlTemplate\":\"https:\\\/\\\/tallersautoada.com\\\/?s={search_term_string}\"},\"query-input\":{\"@type\":\"PropertyValueSpecification\",\"valueRequired\":true,\"valueName\":\"search_term_string\"}}],\"inLanguage\":\"es-ES\"},{\"@type\":\"Organization\",\"@id\":\"https:\\\/\\\/tallersautoada.com\\\/#organization\",\"name\":\"Tallers Autoada\",\"url\":\"https:\\\/\\\/tallersautoada.com\\\/\",\"logo\":{\"@type\":\"ImageObject\",\"inLanguage\":\"es-ES\",\"@id\":\"https:\\\/\\\/tallersautoada.com\\\/#\\\/schema\\\/logo\\\/image\\\/\",\"url\":\"https:\\\/\\\/tallersautoada.com\\\/wp-content\\\/uploads\\\/2023\\\/01\\\/tallersautoada-logo.png\",\"contentUrl\":\"https:\\\/\\\/tallersautoada.com\\\/wp-content\\\/uploads\\\/2023\\\/01\\\/tallersautoada-logo.png\",\"width\":1006,\"height\":395,\"caption\":\"Tallers Autoada\"},\"image\":{\"@id\":\"https:\\\/\\\/tallersautoada.com\\\/#\\\/schema\\\/logo\\\/image\\\/\"}}]}<\/script>\n<!-- \/ Yoast SEO plugin. -->","yoast_head_json":{"title":"LEXUS LBX - Tallers Autoada","robots":{"index":"noindex","follow":"follow"},"og_locale":"es_ES","og_type":"article","og_title":"LEXUS LBX - Tallers Autoada","og_description":"LEXUS\u00a0 LBX Elegant\u00a0  Estado: gerencia  Matriculacion: julio 2025  Color:\u00a0 azul menorca  Combustible: gasolina .hibrido autorrecargable  Transmision: automatico Potencia:\u00a0 \u00a0100kw\/136cv Cilindrada:\u00a0 \u00a01490cc Tarjeta emisiones: ECO (verde\/azul) Kilometros:\u00a0 9.350 Garantia:\u00a0 \u00a024 meses garantia con km ilimitados oficial LEXUS. Relax\u00a0 LEXUS 15 a\u00f1os de garantia desde matriculacion - hasta 250.000km PRECIO CONTADO:\u00a0 34.500\u20ac\u00a0 iva deducible PRECIO FINANCIADO:\u00a0 33.500\u20ac (sujeto a campa\u00f1a de financiacion,consulta condiciones).Tambien financiacion multiopcion consulta condiciones. Todos nuestros vehiculos LEXUS han pasado una revision de 150 puntos bajo la premisa de los estandares de calidad que certifican su kilometraje y la no siniestralidad estructural.Mantenimiento realizados en servicio oficial.  AUTOADA OCASIO. Venta vehiculos multimarca seminuevos y ocasion.  Gastos gestoria no incluidos en el precio.12 meses garantia contractual.Financiamos el 100% consulta condiciones.Gestion de financiacion.Valoramos y aceptamos su vehiculo actual como entrada.Este anuncio y el precio sera valido salvo error tipografico.Este anuncio no es vinculante se muestra a titulo informativo no contractual.","og_url":"https:\/\/tallersautoada.com\/producte\/lexus-lbx\/","og_site_name":"Tallers Autoada","article_modified_time":"2026-03-02T16:00:38+00:00","og_image":[{"width":960,"height":720,"url":"https:\/\/tallersautoada.com\/wp-content\/uploads\/2026\/03\/Diapositiva1-3.jpg","type":"image\/jpeg"}],"twitter_card":"summary_large_image","twitter_misc":{"Est. reading time":"3 minutes"},"schema":{"@context":"https:\/\/schema.org","@graph":[{"@type":"WebPage","@id":"https:\/\/tallersautoada.com\/producte\/lexus-lbx\/","url":"https:\/\/tallersautoada.com\/producte\/lexus-lbx\/","name":"LEXUS LBX - Tallers Autoada","isPartOf":{"@id":"https:\/\/tallersautoada.com\/#website"},"primaryImageOfPage":{"@id":"https:\/\/tallersautoada.com\/producte\/lexus-lbx\/#primaryimage"},"image":{"@id":"https:\/\/tallersautoada.com\/producte\/lexus-lbx\/#primaryimage"},"thumbnailUrl":"https:\/\/tallersautoada.com\/wp-content\/uploads\/2026\/03\/Diapositiva1-3.jpg","datePublished":"2026-03-02T15:48:37+00:00","dateModified":"2026-03-02T16:00:38+00:00","breadcrumb":{"@id":"https:\/\/tallersautoada.com\/producte\/lexus-lbx\/#breadcrumb"},"inLanguage":"es-ES","potentialAction":[{"@type":"ReadAction","target":["https:\/\/tallersautoada.com\/producte\/lexus-lbx\/"]}]},{"@type":"ImageObject","inLanguage":"es-ES","@id":"https:\/\/tallersautoada.com\/producte\/lexus-lbx\/#primaryimage","url":"https:\/\/tallersautoada.com\/wp-content\/uploads\/2026\/03\/Diapositiva1-3.jpg","contentUrl":"https:\/\/tallersautoada.com\/wp-content\/uploads\/2026\/03\/Diapositiva1-3.jpg","width":960,"height":720},{"@type":"BreadcrumbList","@id":"https:\/\/tallersautoada.com\/producte\/lexus-lbx\/#breadcrumb","itemListElement":[{"@type":"ListItem","position":1,"name":"Inici","item":"https:\/\/tallersautoada.com\/es\/inicio\/"},{"@type":"ListItem","position":2,"name":"Veh\u00edculos en Venta","item":"https:\/\/tallersautoada.com\/es\/vehiculos-en-venta-2\/"},{"@type":"ListItem","position":3,"name":"LEXUS LBX"}]},{"@type":"WebSite","@id":"https:\/\/tallersautoada.com\/#website","url":"https:\/\/tallersautoada.com\/","name":"Tallers Autoada","description":"Taller mec\u00e0nic, electricitat, planxa i pintura i centre de rentat","publisher":{"@id":"https:\/\/tallersautoada.com\/#organization"},"potentialAction":[{"@type":"SearchAction","target":{"@type":"EntryPoint","urlTemplate":"https:\/\/tallersautoada.com\/?s={search_term_string}"},"query-input":{"@type":"PropertyValueSpecification","valueRequired":true,"valueName":"search_term_string"}}],"inLanguage":"es-ES"},{"@type":"Organization","@id":"https:\/\/tallersautoada.com\/#organization","name":"Tallers Autoada","url":"https:\/\/tallersautoada.com\/","logo":{"@type":"ImageObject","inLanguage":"es-ES","@id":"https:\/\/tallersautoada.com\/#\/schema\/logo\/image\/","url":"https:\/\/tallersautoada.com\/wp-content\/uploads\/2023\/01\/tallersautoada-logo.png","contentUrl":"https:\/\/tallersautoada.com\/wp-content\/uploads\/2023\/01\/tallersautoada-logo.png","width":1006,"height":395,"caption":"Tallers Autoada"},"image":{"@id":"https:\/\/tallersautoada.com\/#\/schema\/logo\/image\/"}}]}},"_links":{"self":[{"href":"https:\/\/tallersautoada.com\/es\/wp-json\/wp\/v2\/product\/29500","targetHints":{"allow":["GET"]}}],"collection":[{"href":"https:\/\/tallersautoada.com\/es\/wp-json\/wp\/v2\/product"}],"about":[{"href":"https:\/\/tallersautoada.com\/es\/wp-json\/wp\/v2\/types\/product"}],"version-history":[{"count":3,"href":"https:\/\/tallersautoada.com\/es\/wp-json\/wp\/v2\/product\/29500\/revisions"}],"predecessor-version":[{"id":29577,"href":"https:\/\/tallersautoada.com\/es\/wp-json\/wp\/v2\/product\/29500\/revisions\/29577"}],"wp:featuredmedia":[{"embeddable":true,"href":"https:\/\/tallersautoada.com\/es\/wp-json\/wp\/v2\/media\/29503"}],"wp:attachment":[{"href":"https:\/\/tallersautoada.com\/es\/wp-json\/wp\/v2\/media?parent=29500"}],"wp:term":[{"taxonomy":"product_cat","embeddable":true,"href":"https:\/\/tallersautoada.com\/es\/wp-json\/wp\/v2\/product_cat?post=29500"},{"taxonomy":"product_tag","embeddable":true,"href":"https:\/\/tallersautoada.com\/es\/wp-json\/wp\/v2\/product_tag?post=29500"}],"curies":[{"name":"wp","href":"https:\/\/api.w.org\/{rel}","templated":true}]}}