{"id":30152,"date":"2026-03-11T19:09:06","date_gmt":"2026-03-11T17:09:06","guid":{"rendered":"https:\/\/tallersautoada.com\/?post_type=product&#038;p=30152"},"modified":"2026-03-11T19:10:33","modified_gmt":"2026-03-11T17:10:33","slug":"toyota-c-hr-3","status":"publish","type":"product","link":"https:\/\/tallersautoada.com\/es\/producte\/toyota-c-hr-3\/","title":{"rendered":"TOYOTA C-HR"},"content":{"rendered":"<div id=\"divEquipamiento1\" class=\"equipamiento content\">\n<div class=\"equipamiento\">\n<div id=\"divEquipamiento1\" class=\"equipamiento content\">\n<div class=\"equipamiento\"><\/div>\n<div class=\"equipamiento\">\n<div id=\"div_equipamiento\">\n<div class=\"row\">\n<p><span id=\"vehiculoEquipamiento1\" class=\"collapsible active\">Equipamiento Serie<\/span><\/p>\n<div id=\"divEquipamiento1\" class=\"equipamiento content\">\n<div class=\"equipamiento\">&#8211; Mantenimiento del modelo<\/div>\n<div class=\"equipamiento\">&#8211; Carrocer\u00eda: 5 puertas<\/div>\n<div class=\"equipamiento\">&#8211; Retrovisor exterior plegable el\u00e9ctricamente<\/div>\n<div class=\"equipamiento\">&#8211; Retrovisor exterior regulable el\u00e9ctricamente y calefactable<\/div>\n<div class=\"equipamiento\">&#8211; Retrovisor exterior pintado<\/div>\n<div class=\"equipamiento\">&#8211; Retrovisor exterior color de contraste<\/div>\n<div class=\"equipamiento\">&#8211; Faro LED<\/div>\n<div class=\"equipamiento\">&#8211; Intermitente en Retrovisor exterior integrad.<\/div>\n<div class=\"equipamiento\">&#8211; Regulaci\u00f3n del alcance de las luces autom<\/div>\n<div class=\"equipamiento\">&#8211; Luces antiniebla<\/div>\n<div class=\"equipamiento\">&#8211; Luz de d\u00eda LED<\/div>\n<div class=\"equipamiento\">&#8211; Limpiaparabrisas con Sensor de lluvia<\/div>\n<div class=\"equipamiento\">&#8211; Lunas detr\u00e1s tintadas<\/div>\n<div class=\"equipamiento\">&#8211; Sistema de audio: Multimedia Toyota Touch 3<\/div>\n<div class=\"equipamiento\">&#8211; 6 Altavoces<\/div>\n<div class=\"equipamiento\">&#8211; Instalaci\u00f3n de manos libres con Silenciador del audio y Sistema de control por voz<\/div>\n<div class=\"equipamiento\">&#8211; Instalaci\u00f3n de manos libres Bluetooth<\/div>\n<div class=\"equipamiento\">&#8211; Asistente a la conducci\u00f3n: sistema de seguridad Toyota Connect con autom\u00e1tico Aviso de socorro (eCall)<\/div>\n<div class=\"equipamiento\">&#8211; Conector-Universal (Conexi\u00f3n USB\/iPod\/AUX)<\/div>\n<div class=\"equipamiento\">&#8211; Smartphone-Integraci\u00f3n x-connect (Apple CarPlay y Android Auto)<\/div>\n<div class=\"equipamiento\">&#8211; Sistema de navegaci\u00f3n (Touch &amp; Go)<\/div>\n<div class=\"equipamiento\">&#8211; Ayuda aparcamiento delante y detr\u00e1s<\/div>\n<div class=\"equipamiento\">&#8211; Sistema control presi\u00f3n neum\u00e1ticos<\/div>\n<div class=\"equipamiento\">&#8211; Airbag de rodilla lado del conductor<\/div>\n<div class=\"equipamiento\">&#8211; Airbag conductor\/acompa\u00f1ante<\/div>\n<div class=\"equipamiento\">&#8211; Sistema de airbag para la cabeza<\/div>\n<div class=\"equipamiento\">&#8211; Airbag lateral delante<\/div>\n<div class=\"equipamiento\">&#8211; Airbag acompa\u00f1ante Desconectable<\/div>\n<div class=\"equipamiento\">&#8211; Reposabrazos central delante con Portaobjetos<\/div>\n<div class=\"equipamiento\">&#8211; Climatizador autom\u00e1tico 2-zonas<\/div>\n<div class=\"equipamiento\">&#8211; Calefacci\u00f3n del asiento delante<\/div>\n<div class=\"equipamiento\">&#8211; tapicer\u00eda asientos: Tela<\/div>\n<div class=\"equipamiento\">&#8211; Asiento delante izquierda regulable el\u00e9ctricamente<\/div>\n<div class=\"equipamiento\">&#8211; Asiento delante izquierda regulable en altura<\/div>\n<div class=\"equipamiento\">&#8211; Asiento trasero plegable<\/div>\n<div class=\"equipamiento\">&#8211; Elevalunas el\u00e9ctric. delante + detr\u00e1s<\/div>\n<div class=\"equipamiento\">&#8211; Cierre centralizado con Mando a distancia<\/div>\n<div class=\"equipamiento\">&#8211; Cierre centralizado \/ Instalaci\u00f3n de arranque Smart-Key, Entry&amp;drive<\/div>\n<div class=\"equipamiento\">&#8211; Agarraderos de la puerta ext. color carrocer\u00eda<\/div>\n<div class=\"equipamiento\">&#8211; Dispositivo de alarma para Cinturones de seguridad delante<\/div>\n<div class=\"equipamiento\">&#8211; Toyota Safety Sense<\/div>\n<div class=\"equipamiento\">&#8211; Retrovisor interior con sistema antideslumbramiento autom.<\/div>\n<div class=\"equipamiento\">&#8211; Parasoles con Espejo (iluminaci\u00f3n)<\/div>\n<div class=\"equipamiento\">&#8211; Pomo palanca cambios cuero<\/div>\n<div class=\"equipamiento\">&#8211; Anclajes Isofix para Asiento para ni\u00f1os<\/div>\n<div class=\"equipamiento\">&#8211; C\u00e1mara de marcha atr\u00e1s<\/div>\n<div class=\"equipamiento\">&#8211; Sistema antibloqueo (ABS)<\/div>\n<div class=\"equipamiento\">&#8211; Asistente del freno<\/div>\n<div class=\"equipamiento\">&#8211; Freno de estacionamiento el\u00e9ctric. (EPB)<\/div>\n<div class=\"equipamiento\">&#8211; Asistente a la conducci\u00f3n: Asistente del tr\u00e1fico transversal Parte trasera (Rear Cross Traffic Alert, RCTA)<\/div>\n<div class=\"equipamiento\">&#8211; Asistente a la conducci\u00f3n: Asistente de \u00e1ngulo muerto (BLIS)<\/div>\n<div class=\"equipamiento\">&#8211; Llantas de aleaci\u00f3n 7&#215;18 (5 radios dobles, Negro, brillante)<\/div>\n<div class=\"equipamiento\">&#8211; Kit reparaci\u00f3n de neum\u00e1ticos<\/div>\n<div class=\"equipamiento\">&#8211; Volante calefactable(s)<\/div>\n<div class=\"equipamiento\">&#8211; Volante (cuero)<\/div>\n<div class=\"equipamiento\">&#8211; Columna de direcci\u00f3n (Volante) regulable<\/div>\n<div class=\"equipamiento\">&#8211; Direcci\u00f3n asistida el\u00e9ctric.<\/div>\n<div class=\"equipamiento\">&#8211; Programa electr\u00f3nico de estabilidad con Regulaci\u00f3n antideslizante (VSC con TRC)<\/div>\n<div class=\"equipamiento\">&#8211; Tipo transmisi\u00f3n: Tracci\u00f3n delantera<\/div>\n<div class=\"equipamiento\">&#8211; Asistente a la conducci\u00f3n: Control de subidas en montes (HAC)<\/div>\n<div class=\"equipamiento\">&#8211; Batalla 2640 mm<\/div>\n<div class=\"equipamiento\">&#8211; Caja de cambios autom\u00e1tica continua &#8211; CVT<\/div>\n<div class=\"equipamiento\">&#8211; Reducci\u00f3n poluci\u00f3n seg\u00fan norma gases escape Euro 6d<\/div>\n<div class=\"equipamiento\">&#8211; Motor 1,8 Ltr. &#8211; 72 kW (Sistema: 90 kW) 16V H\u00edbrido<\/div>\n<\/div>\n<\/div>\n<div class=\"row\"><\/div>\n<\/div>\n<div id=\"divInformacionInterna\">\n<div class=\"row\"><\/div>\n<\/div>\n<\/div>\n<\/div>\n<\/div>\n<div class=\"equipamiento\"><\/div>\n<\/div>\n<div><\/div>\n<div><\/div>\n","protected":false},"excerpt":{"rendered":"<p><strong>TOYOTA C-HR Advance 2022\u00a0\u00a0<\/strong><\/p>\n<p><strong>Estado:<\/strong> ocasion<\/p>\n<p><strong>Matriculacion:<\/strong>\u00a0 febrero 2022<\/p>\n<p><strong>Color:<\/strong>\u00a0 blanco bi tono<\/p>\n<p><strong>Combustible:<\/strong> gasolina-hibrido autorregargable<\/p>\n<p><strong>Transmision:<\/strong> automatico continua<\/p>\n<p style=\"text-align: left;\"><strong>Potencia:<\/strong>\u00a0 \u00a0135kw\/184cv<\/p>\n<p style=\"text-align: left;\"><strong>Cilindrada:<\/strong>\u00a0 \u00a01987cc<\/p>\n<p style=\"text-align: left;\"><strong>Tarjeta emisiones:<\/strong>\u00a0 \u00a0eco(verde\/azul)<\/p>\n<p style=\"text-align: left;\"><strong>Kilometros:<\/strong>\u00a0 82.678<\/p>\n<p style=\"text-align: left;\"><strong>Garantia:<\/strong>\u00a0 \u00a0 24 meses garantia con km ilimitados oficial Toyota. Relax Toyota 15 a\u00f1os de garantia desde matriculacion &#8211; hasta 250.000km<\/p>\n<p><strong>PRECIO CONTADO:\u00a0 \u00a0<\/strong>25.975\u20ac<\/p>\n<p style=\"text-align: left;\"><strong>PRECIO FINANCIADO:<\/strong>\u00a0 \u00a0 \u00a024.875\u20ac (sujeto a campa\u00f1a de financiacion,consulta condiciones).<span style=\"font-family: Georgia, 'Times New Roman', 'Bitstream Charter', Times, serif;\">Tambien financiacion multiopcion consulta condiciones.<\/span><\/p>\n<p>Todos nuestros vehiculos Toyota han pasado una revision de 150 puntos bajo la premisa de los estandares de calidad que certifican su kilometraje y la no siniestralidad estructural.Mantenimiento realizados en servicio oficial.<\/p>\n<p><em><strong>AUTOADA OCASIO.<\/strong><\/em><br \/>\nVenta vehiculos multimarca seminuevos y ocasion.<\/p>\n<p>Gastos gestoria no incluidos en el precio.12 meses garantia contractual.Financiamos el 100% consulta condiciones.Gestion de financiacion.Valoramos y aceptamos su vehiculo actual como entrada.Este anuncio y el precio sera valido salvo error tipografico.Este anuncio no es vinculante se muestra a titulo informativo no contractual.<\/p>\n","protected":false},"featured_media":30154,"template":"","meta":{"inline_featured_image":false},"product_cat":[56],"product_tag":[],"class_list":{"0":"post-30152","1":"product","2":"type-product","3":"status-publish","4":"has-post-thumbnail","6":"product_brand-toyota","7":"product_cat-suv","9":"first","10":"instock","11":"featured","12":"shipping-taxable","13":"purchasable","14":"product-type-simple"},"yoast_head":"<!-- This site is optimized with the Yoast SEO plugin v27.3 - https:\/\/yoast.com\/product\/yoast-seo-wordpress\/ -->\n<title>TOYOTA C-HR - Tallers Autoada<\/title>\n<meta name=\"robots\" content=\"noindex, follow\" \/>\n<meta property=\"og:locale\" content=\"es_ES\" \/>\n<meta property=\"og:type\" content=\"article\" \/>\n<meta property=\"og:title\" content=\"TOYOTA C-HR - Tallers Autoada\" \/>\n<meta property=\"og:description\" content=\"TOYOTA C-HR Advance 2022\u00a0\u00a0  Estado: ocasion  Matriculacion:\u00a0 febrero 2022  Color:\u00a0 blanco bi tono  Combustible: gasolina-hibrido autorregargable  Transmision: automatico continua Potencia:\u00a0 \u00a0135kw\/184cv Cilindrada:\u00a0 \u00a01987cc Tarjeta emisiones:\u00a0 \u00a0eco(verde\/azul) Kilometros:\u00a0 82.678 Garantia:\u00a0 \u00a0 24 meses garantia con km ilimitados oficial Toyota. Relax Toyota 15 a\u00f1os de garantia desde matriculacion - hasta 250.000km PRECIO CONTADO:\u00a0 \u00a025.975\u20ac PRECIO FINANCIADO:\u00a0 \u00a0 \u00a024.875\u20ac (sujeto a campa\u00f1a de financiacion,consulta condiciones).Tambien financiacion multiopcion consulta condiciones. Todos nuestros vehiculos Toyota han pasado una revision de 150 puntos bajo la premisa de los estandares de calidad que certifican su kilometraje y la no siniestralidad estructural.Mantenimiento realizados en servicio oficial.  AUTOADA OCASIO. Venta vehiculos multimarca seminuevos y ocasion.  Gastos gestoria no incluidos en el precio.12 meses garantia contractual.Financiamos el 100% consulta condiciones.Gestion de financiacion.Valoramos y aceptamos su vehiculo actual como entrada.Este anuncio y el precio sera valido salvo error tipografico.Este anuncio no es vinculante se muestra a titulo informativo no contractual.\" \/>\n<meta property=\"og:url\" content=\"https:\/\/tallersautoada.com\/producte\/toyota-c-hr-3\/\" \/>\n<meta property=\"og:site_name\" content=\"Tallers Autoada\" \/>\n<meta property=\"article:modified_time\" content=\"2026-03-11T17:10:33+00:00\" \/>\n<meta property=\"og:image\" content=\"https:\/\/tallersautoada.com\/wp-content\/uploads\/2026\/03\/Diapositiva3-8.jpg\" \/>\n\t<meta property=\"og:image:width\" content=\"960\" \/>\n\t<meta property=\"og:image:height\" content=\"720\" \/>\n\t<meta property=\"og:image:type\" content=\"image\/jpeg\" \/>\n<meta name=\"twitter:card\" content=\"summary_large_image\" \/>\n<meta name=\"twitter:label1\" content=\"Est. reading time\" \/>\n\t<meta name=\"twitter:data1\" content=\"3 minutes\" \/>\n<script type=\"application\/ld+json\" class=\"yoast-schema-graph\">{\"@context\":\"https:\\\/\\\/schema.org\",\"@graph\":[{\"@type\":\"WebPage\",\"@id\":\"https:\\\/\\\/tallersautoada.com\\\/producte\\\/toyota-c-hr-3\\\/\",\"url\":\"https:\\\/\\\/tallersautoada.com\\\/producte\\\/toyota-c-hr-3\\\/\",\"name\":\"TOYOTA C-HR - Tallers Autoada\",\"isPartOf\":{\"@id\":\"https:\\\/\\\/tallersautoada.com\\\/#website\"},\"primaryImageOfPage\":{\"@id\":\"https:\\\/\\\/tallersautoada.com\\\/producte\\\/toyota-c-hr-3\\\/#primaryimage\"},\"image\":{\"@id\":\"https:\\\/\\\/tallersautoada.com\\\/producte\\\/toyota-c-hr-3\\\/#primaryimage\"},\"thumbnailUrl\":\"https:\\\/\\\/tallersautoada.com\\\/wp-content\\\/uploads\\\/2026\\\/03\\\/Diapositiva3-8.jpg\",\"datePublished\":\"2026-03-11T17:09:06+00:00\",\"dateModified\":\"2026-03-11T17:10:33+00:00\",\"breadcrumb\":{\"@id\":\"https:\\\/\\\/tallersautoada.com\\\/producte\\\/toyota-c-hr-3\\\/#breadcrumb\"},\"inLanguage\":\"es-ES\",\"potentialAction\":[{\"@type\":\"ReadAction\",\"target\":[\"https:\\\/\\\/tallersautoada.com\\\/producte\\\/toyota-c-hr-3\\\/\"]}]},{\"@type\":\"ImageObject\",\"inLanguage\":\"es-ES\",\"@id\":\"https:\\\/\\\/tallersautoada.com\\\/producte\\\/toyota-c-hr-3\\\/#primaryimage\",\"url\":\"https:\\\/\\\/tallersautoada.com\\\/wp-content\\\/uploads\\\/2026\\\/03\\\/Diapositiva3-8.jpg\",\"contentUrl\":\"https:\\\/\\\/tallersautoada.com\\\/wp-content\\\/uploads\\\/2026\\\/03\\\/Diapositiva3-8.jpg\",\"width\":960,\"height\":720},{\"@type\":\"BreadcrumbList\",\"@id\":\"https:\\\/\\\/tallersautoada.com\\\/producte\\\/toyota-c-hr-3\\\/#breadcrumb\",\"itemListElement\":[{\"@type\":\"ListItem\",\"position\":1,\"name\":\"Inici\",\"item\":\"https:\\\/\\\/tallersautoada.com\\\/es\\\/inicio\\\/\"},{\"@type\":\"ListItem\",\"position\":2,\"name\":\"Veh\u00edculos en Venta\",\"item\":\"https:\\\/\\\/tallersautoada.com\\\/es\\\/vehiculos-en-venta-2\\\/\"},{\"@type\":\"ListItem\",\"position\":3,\"name\":\"TOYOTA C-HR\"}]},{\"@type\":\"WebSite\",\"@id\":\"https:\\\/\\\/tallersautoada.com\\\/#website\",\"url\":\"https:\\\/\\\/tallersautoada.com\\\/\",\"name\":\"Tallers Autoada\",\"description\":\"Taller mec\u00e0nic, electricitat, planxa i pintura i centre de rentat\",\"publisher\":{\"@id\":\"https:\\\/\\\/tallersautoada.com\\\/#organization\"},\"potentialAction\":[{\"@type\":\"SearchAction\",\"target\":{\"@type\":\"EntryPoint\",\"urlTemplate\":\"https:\\\/\\\/tallersautoada.com\\\/?s={search_term_string}\"},\"query-input\":{\"@type\":\"PropertyValueSpecification\",\"valueRequired\":true,\"valueName\":\"search_term_string\"}}],\"inLanguage\":\"es-ES\"},{\"@type\":\"Organization\",\"@id\":\"https:\\\/\\\/tallersautoada.com\\\/#organization\",\"name\":\"Tallers Autoada\",\"url\":\"https:\\\/\\\/tallersautoada.com\\\/\",\"logo\":{\"@type\":\"ImageObject\",\"inLanguage\":\"es-ES\",\"@id\":\"https:\\\/\\\/tallersautoada.com\\\/#\\\/schema\\\/logo\\\/image\\\/\",\"url\":\"https:\\\/\\\/tallersautoada.com\\\/wp-content\\\/uploads\\\/2023\\\/01\\\/tallersautoada-logo.png\",\"contentUrl\":\"https:\\\/\\\/tallersautoada.com\\\/wp-content\\\/uploads\\\/2023\\\/01\\\/tallersautoada-logo.png\",\"width\":1006,\"height\":395,\"caption\":\"Tallers Autoada\"},\"image\":{\"@id\":\"https:\\\/\\\/tallersautoada.com\\\/#\\\/schema\\\/logo\\\/image\\\/\"}}]}<\/script>\n<!-- \/ Yoast SEO plugin. -->","yoast_head_json":{"title":"TOYOTA C-HR - Tallers Autoada","robots":{"index":"noindex","follow":"follow"},"og_locale":"es_ES","og_type":"article","og_title":"TOYOTA C-HR - Tallers Autoada","og_description":"TOYOTA C-HR Advance 2022\u00a0\u00a0  Estado: ocasion  Matriculacion:\u00a0 febrero 2022  Color:\u00a0 blanco bi tono  Combustible: gasolina-hibrido autorregargable  Transmision: automatico continua Potencia:\u00a0 \u00a0135kw\/184cv Cilindrada:\u00a0 \u00a01987cc Tarjeta emisiones:\u00a0 \u00a0eco(verde\/azul) Kilometros:\u00a0 82.678 Garantia:\u00a0 \u00a0 24 meses garantia con km ilimitados oficial Toyota. Relax Toyota 15 a\u00f1os de garantia desde matriculacion - hasta 250.000km PRECIO CONTADO:\u00a0 \u00a025.975\u20ac PRECIO FINANCIADO:\u00a0 \u00a0 \u00a024.875\u20ac (sujeto a campa\u00f1a de financiacion,consulta condiciones).Tambien financiacion multiopcion consulta condiciones. Todos nuestros vehiculos Toyota han pasado una revision de 150 puntos bajo la premisa de los estandares de calidad que certifican su kilometraje y la no siniestralidad estructural.Mantenimiento realizados en servicio oficial.  AUTOADA OCASIO. Venta vehiculos multimarca seminuevos y ocasion.  Gastos gestoria no incluidos en el precio.12 meses garantia contractual.Financiamos el 100% consulta condiciones.Gestion de financiacion.Valoramos y aceptamos su vehiculo actual como entrada.Este anuncio y el precio sera valido salvo error tipografico.Este anuncio no es vinculante se muestra a titulo informativo no contractual.","og_url":"https:\/\/tallersautoada.com\/producte\/toyota-c-hr-3\/","og_site_name":"Tallers Autoada","article_modified_time":"2026-03-11T17:10:33+00:00","og_image":[{"width":960,"height":720,"url":"https:\/\/tallersautoada.com\/wp-content\/uploads\/2026\/03\/Diapositiva3-8.jpg","type":"image\/jpeg"}],"twitter_card":"summary_large_image","twitter_misc":{"Est. reading time":"3 minutes"},"schema":{"@context":"https:\/\/schema.org","@graph":[{"@type":"WebPage","@id":"https:\/\/tallersautoada.com\/producte\/toyota-c-hr-3\/","url":"https:\/\/tallersautoada.com\/producte\/toyota-c-hr-3\/","name":"TOYOTA C-HR - Tallers Autoada","isPartOf":{"@id":"https:\/\/tallersautoada.com\/#website"},"primaryImageOfPage":{"@id":"https:\/\/tallersautoada.com\/producte\/toyota-c-hr-3\/#primaryimage"},"image":{"@id":"https:\/\/tallersautoada.com\/producte\/toyota-c-hr-3\/#primaryimage"},"thumbnailUrl":"https:\/\/tallersautoada.com\/wp-content\/uploads\/2026\/03\/Diapositiva3-8.jpg","datePublished":"2026-03-11T17:09:06+00:00","dateModified":"2026-03-11T17:10:33+00:00","breadcrumb":{"@id":"https:\/\/tallersautoada.com\/producte\/toyota-c-hr-3\/#breadcrumb"},"inLanguage":"es-ES","potentialAction":[{"@type":"ReadAction","target":["https:\/\/tallersautoada.com\/producte\/toyota-c-hr-3\/"]}]},{"@type":"ImageObject","inLanguage":"es-ES","@id":"https:\/\/tallersautoada.com\/producte\/toyota-c-hr-3\/#primaryimage","url":"https:\/\/tallersautoada.com\/wp-content\/uploads\/2026\/03\/Diapositiva3-8.jpg","contentUrl":"https:\/\/tallersautoada.com\/wp-content\/uploads\/2026\/03\/Diapositiva3-8.jpg","width":960,"height":720},{"@type":"BreadcrumbList","@id":"https:\/\/tallersautoada.com\/producte\/toyota-c-hr-3\/#breadcrumb","itemListElement":[{"@type":"ListItem","position":1,"name":"Inici","item":"https:\/\/tallersautoada.com\/es\/inicio\/"},{"@type":"ListItem","position":2,"name":"Veh\u00edculos en Venta","item":"https:\/\/tallersautoada.com\/es\/vehiculos-en-venta-2\/"},{"@type":"ListItem","position":3,"name":"TOYOTA C-HR"}]},{"@type":"WebSite","@id":"https:\/\/tallersautoada.com\/#website","url":"https:\/\/tallersautoada.com\/","name":"Tallers Autoada","description":"Taller mec\u00e0nic, electricitat, planxa i pintura i centre de rentat","publisher":{"@id":"https:\/\/tallersautoada.com\/#organization"},"potentialAction":[{"@type":"SearchAction","target":{"@type":"EntryPoint","urlTemplate":"https:\/\/tallersautoada.com\/?s={search_term_string}"},"query-input":{"@type":"PropertyValueSpecification","valueRequired":true,"valueName":"search_term_string"}}],"inLanguage":"es-ES"},{"@type":"Organization","@id":"https:\/\/tallersautoada.com\/#organization","name":"Tallers Autoada","url":"https:\/\/tallersautoada.com\/","logo":{"@type":"ImageObject","inLanguage":"es-ES","@id":"https:\/\/tallersautoada.com\/#\/schema\/logo\/image\/","url":"https:\/\/tallersautoada.com\/wp-content\/uploads\/2023\/01\/tallersautoada-logo.png","contentUrl":"https:\/\/tallersautoada.com\/wp-content\/uploads\/2023\/01\/tallersautoada-logo.png","width":1006,"height":395,"caption":"Tallers Autoada"},"image":{"@id":"https:\/\/tallersautoada.com\/#\/schema\/logo\/image\/"}}]}},"_links":{"self":[{"href":"https:\/\/tallersautoada.com\/es\/wp-json\/wp\/v2\/product\/30152","targetHints":{"allow":["GET"]}}],"collection":[{"href":"https:\/\/tallersautoada.com\/es\/wp-json\/wp\/v2\/product"}],"about":[{"href":"https:\/\/tallersautoada.com\/es\/wp-json\/wp\/v2\/types\/product"}],"version-history":[{"count":3,"href":"https:\/\/tallersautoada.com\/es\/wp-json\/wp\/v2\/product\/30152\/revisions"}],"predecessor-version":[{"id":30250,"href":"https:\/\/tallersautoada.com\/es\/wp-json\/wp\/v2\/product\/30152\/revisions\/30250"}],"wp:featuredmedia":[{"embeddable":true,"href":"https:\/\/tallersautoada.com\/es\/wp-json\/wp\/v2\/media\/30154"}],"wp:attachment":[{"href":"https:\/\/tallersautoada.com\/es\/wp-json\/wp\/v2\/media?parent=30152"}],"wp:term":[{"taxonomy":"product_cat","embeddable":true,"href":"https:\/\/tallersautoada.com\/es\/wp-json\/wp\/v2\/product_cat?post=30152"},{"taxonomy":"product_tag","embeddable":true,"href":"https:\/\/tallersautoada.com\/es\/wp-json\/wp\/v2\/product_tag?post=30152"}],"curies":[{"name":"wp","href":"https:\/\/api.w.org\/{rel}","templated":true}]}}