{"id":30332,"date":"2026-03-12T10:00:07","date_gmt":"2026-03-12T08:00:07","guid":{"rendered":"https:\/\/tallersautoada.com\/?post_type=product&#038;p=30332"},"modified":"2026-04-27T17:54:38","modified_gmt":"2026-04-27T15:54:38","slug":"toyota-yaris-cros","status":"publish","type":"product","link":"https:\/\/tallersautoada.com\/es\/producte\/toyota-yaris-cros\/","title":{"rendered":"TOYOTA YARIS CROSS"},"content":{"rendered":"<div id=\"divEquipamiento1\" class=\"equipamiento content\">\n<div class=\"equipamiento\">\n<div id=\"divEquipamiento1\" class=\"equipamiento content\">\n<div class=\"equipamiento\"><\/div>\n<div class=\"equipamiento\">\n<div id=\"div_equipamiento\">\n<div class=\"row\">\n<div id=\"divEquipamiento1\" class=\"equipamiento content\">\n<div class=\"equipamiento\"><span id=\"vehiculoEquipamiento1\" class=\"collapsible active\">Equipamiento Serie<\/span><\/p>\n<div id=\"divEquipamiento1\" class=\"equipamiento content\">\n<div class=\"equipamiento\">&#8211; Carrocer\u00eda: 5 puertas<\/div>\n<div class=\"equipamiento\">&#8211; Retrovisor exterior regulable el\u00e9ctricamente y calefactable<\/div>\n<div class=\"equipamiento\">&#8211; Retrovisor exterior con Asistente de \u00e1ngulo muerto<\/div>\n<div class=\"equipamiento\">&#8211; Barras de techo<\/div>\n<div class=\"equipamiento\">&#8211; Luces antiniebla LED<\/div>\n<div class=\"equipamiento\">&#8211; Funci\u00f3n autom\u00e1tica de las luces (Follow me home, FMH)<\/div>\n<div class=\"equipamiento\">&#8211; Pilotos traseros LED<\/div>\n<div class=\"equipamiento\">&#8211; Luz de d\u00eda LED<\/div>\n<div class=\"equipamiento\">&#8211; Limpiaparabrisas con Sensor de lluvia<\/div>\n<div class=\"equipamiento\">&#8211; Limpialuneta trasera<\/div>\n<div class=\"equipamiento\">&#8211; Lunas detr\u00e1s tintadas<\/div>\n<div class=\"equipamiento\">&#8211; DAB-Tuner (Receptor de radio digital)<\/div>\n<div class=\"equipamiento\">&#8211; Multimedia Pantalla (7,0 Pulgada)<\/div>\n<div class=\"equipamiento\">&#8211; 6 Altavoces<\/div>\n<div class=\"equipamiento\">&#8211; Instalaci\u00f3n de manos libres Bluetooth<\/div>\n<div class=\"equipamiento\">&#8211; Asistente a la conducci\u00f3n: sistema de seguridad Toyota Connect con autom\u00e1tico Aviso de socorro (eCall)<\/div>\n<div class=\"equipamiento\">&#8211; Conector-USB<\/div>\n<div class=\"equipamiento\">&#8211; Smartphone-Integraci\u00f3n x-connect (Apple CarPlay y Android Auto)<\/div>\n<div class=\"equipamiento\">&#8211; Sistema-revisi\u00f3n: MyT-Connected Services<\/div>\n<div class=\"equipamiento\">&#8211; Ordenador de a bordo<\/div>\n<div class=\"equipamiento\">&#8211; display multifunci\u00f3n (TFT)<\/div>\n<div class=\"equipamiento\">&#8211; Sistema de navegaci\u00f3n (Touch &amp; Go)<\/div>\n<div class=\"equipamiento\">&#8211; Sistema control presi\u00f3n neum\u00e1ticos<\/div>\n<div class=\"equipamiento\">&#8211; display multifunci\u00f3n para Sistema de navegaci\u00f3n (12,3 Pulgada)<\/div>\n<div class=\"equipamiento\">&#8211; Sistema limitador de velocidad<\/div>\n<div class=\"equipamiento\">&#8211; Airbag conductor\/acompa\u00f1ante<\/div>\n<div class=\"equipamiento\">&#8211; Sistema de airbag para la cabeza<\/div>\n<div class=\"equipamiento\">&#8211; Airbag lateral delante<\/div>\n<div class=\"equipamiento\">&#8211; Climatizador autom\u00e1tico 2-zonas<\/div>\n<div class=\"equipamiento\">&#8211; Calefacci\u00f3n del asiento delante<\/div>\n<div class=\"equipamiento\">&#8211; tapicer\u00eda asientos: tela\/cuero<\/div>\n<div class=\"equipamiento\">&#8211; Asiento delante izquierda regulable el\u00e9ctricamente<\/div>\n<div class=\"equipamiento\">&#8211; Asientos delante regulable el\u00e9ctricamente<\/div>\n<div class=\"equipamiento\">&#8211; Asiento delante izquierda regulable en altura<\/div>\n<div class=\"equipamiento\">&#8211; Asiento delante derecha regulable en altura<\/div>\n<div class=\"equipamiento\">&#8211; Asientos delante regulable en altura<\/div>\n<div class=\"equipamiento\">&#8211; Soporte lumbar Asiento delante izquierda, regulable el\u00e9ctricamente<\/div>\n<div class=\"equipamiento\">&#8211; Asiento trasero dividido<\/div>\n<div class=\"equipamiento\">&#8211; Asiento trasero dividido abatible (40:20:40)<\/div>\n<div class=\"equipamiento\">&#8211; Asiento ni\u00f1o Isofix<\/div>\n<div class=\"equipamiento\">&#8211; Reposacabezas detr\u00e1s<\/div>\n<div class=\"equipamiento\">&#8211; Reposacabezas delante y detr\u00e1s regulable<\/div>\n<div class=\"equipamiento\">&#8211; Elevalunas el\u00e9ctric. delante + detr\u00e1s<\/div>\n<div class=\"equipamiento\">&#8211; Cierre centralizado con Mando a distancia<\/div>\n<div class=\"equipamiento\">&#8211; Cierre centralizado \/ Instalaci\u00f3n de arranque Smart-Key, Entry&amp;drive<\/div>\n<div class=\"equipamiento\">&#8211; Seguro para ni\u00f1os mando el\u00e9ctr.<\/div>\n<div class=\"equipamiento\">&#8211; Dispositivo de alarma para Cinturones de seguridad delante<\/div>\n<div class=\"equipamiento\">&#8211; Dispositivo de alarma para Cinturones de seguridad detr\u00e1s<\/div>\n<div class=\"equipamiento\">&#8211; Toyota Safety Sense<\/div>\n<div class=\"equipamiento\">&#8211; Iluminaci\u00f3n ambiente delante (LED)<\/div>\n<div class=\"equipamiento\">&#8211; Guantera iluminaci\u00f3n<\/div>\n<div class=\"equipamiento\">&#8211; Retrovisor interior antideslumbrante<\/div>\n<div class=\"equipamiento\">&#8211; Retrovisor interior con sistema antideslumbramiento autom.<\/div>\n<div class=\"equipamiento\">&#8211; Parasoles con Espejo (iluminaci\u00f3n)<\/div>\n<div class=\"equipamiento\">&#8211; Alarma antirrobo con Inmovilizador<\/div>\n<div class=\"equipamiento\">&#8211; Enchufe (enchufe 12V) Maletero\/compartimento de carga<\/div>\n<div class=\"equipamiento\">&#8211; Enchufe (enchufe 12V) en consola central<\/div>\n<div class=\"equipamiento\">&#8211; Pomo palanca cambios cuero<\/div>\n<div class=\"equipamiento\">&#8211; Anclajes Isofix para Asiento para ni\u00f1os<\/div>\n<div class=\"equipamiento\">&#8211; Asistente de aparcamiento Intelligent Park Assist<\/div>\n<div class=\"equipamiento\">&#8211; Asistente de aparcamiento con C\u00e1mara de marcha atr\u00e1s<\/div>\n<div class=\"equipamiento\">&#8211; C\u00e1mara de marcha atr\u00e1s<\/div>\n<div class=\"equipamiento\">&#8211; C\u00e1mara delantera<\/div>\n<div class=\"equipamiento\">&#8211; Cargador wireless para Smartphone<\/div>\n<div class=\"equipamiento\">&#8211; Sistema antibloqueo (ABS)<\/div>\n<div class=\"equipamiento\">&#8211; Distribuidor el\u00e9ctr\u00f3nico de frenada<\/div>\n<div class=\"equipamiento\">&#8211; Asistente del freno<\/div>\n<div class=\"equipamiento\">&#8211; Freno de estacionamiento el\u00e9ctric. (EPB)<\/div>\n<div class=\"equipamiento\">&#8211; Asistente a la conducci\u00f3n: Advertencia de salida (Safe Exit Assist, SEA)<\/div>\n<div class=\"equipamiento\">&#8211; Llantas de aleaci\u00f3n 7&#215;18 (5 radios dobles, Negro, brillante)<\/div>\n<div class=\"equipamiento\">&#8211; Kit reparaci\u00f3n de neum\u00e1ticos<\/div>\n<div class=\"equipamiento\">&#8211; Volante calefactable(s)<\/div>\n<div class=\"equipamiento\">&#8211; Volante (cuero) con Multifunci\u00f3n<\/div>\n<div class=\"equipamiento\">&#8211; Volante (cuero)<\/div>\n<div class=\"equipamiento\">&#8211; Columna de direcci\u00f3n (Volante) regulable en altura<\/div>\n<div class=\"equipamiento\">&#8211; Direcci\u00f3n asistida electromec\u00e1nica<\/div>\n<div class=\"equipamiento\">&#8211; Direcci\u00f3n asistida el\u00e9ctric.<\/div>\n<div class=\"equipamiento\">&#8211; Diferencial autoblocante<\/div>\n<div class=\"equipamiento\">&#8211; Tipo transmisi\u00f3n: Tracci\u00f3n total<\/div>\n<div class=\"equipamiento\">&#8211; Asistente a la conducci\u00f3n: Control en bajadas (HDC \/ DAC)<\/div>\n<div class=\"equipamiento\">&#8211; Programa electr\u00f3nico de estabilidad con Regulaci\u00f3n antideslizante (VSC con TRC)<\/div>\n<div class=\"equipamiento\">&#8211; Asistente a la conducci\u00f3n: Control de subidas en montes (HAC)<\/div>\n<div class=\"equipamiento\">&#8211; Batalla 2560 mm<\/div>\n<div class=\"equipamiento\">&#8211; Caja de cambios autom\u00e1tica continua &#8211; Multidrive ECVT<\/div>\n<div class=\"equipamiento\">&#8211; Reducci\u00f3n poluci\u00f3n seg\u00fan norma gases escape Euro 6d<\/div>\n<div class=\"equipamiento\">&#8211; H\u00edbrido 85 kW (Motor 1,5 Ltr. &#8211; 68 kW)<\/div>\n<\/div>\n<\/div>\n<div class=\"equipamiento\"><\/div>\n<\/div>\n<\/div>\n<div class=\"row\"><\/div>\n<\/div>\n<div id=\"divInformacionInterna\">\n<div class=\"row\"><\/div>\n<\/div>\n<\/div>\n<\/div>\n<\/div>\n<div class=\"equipamiento\"><\/div>\n<\/div>\n<div><\/div>\n<div><\/div>\n","protected":false},"excerpt":{"rendered":"<p><strong>TOYOTA\u00a0 YARIS CROS Style 2022\u00a0\u00a0<\/strong><\/p>\n<p><strong>Estado:<\/strong> ocasion<\/p>\n<p><strong>Matriculacion:<\/strong>\u00a0 abril 2022<\/p>\n<p><strong>Color:<\/strong>\u00a0 blanco<\/p>\n<p><strong>Combustible:<\/strong> gasolina-hibrido autorregargable<\/p>\n<p><strong>Transmision:<\/strong> automatico continua<\/p>\n<p style=\"text-align: left;\"><strong>Potencia:<\/strong>\u00a0 \u00a085kw\/116cv<\/p>\n<p style=\"text-align: left;\"><strong>Cilindrada:<\/strong>\u00a0 \u00a01490cc<\/p>\n<p style=\"text-align: left;\"><strong>Tarjeta emisiones:<\/strong>\u00a0 \u00a0ECO(verde\/azul)<\/p>\n<p style=\"text-align: left;\"><strong>Kilometros:<\/strong>\u00a0 83.768<\/p>\n<p style=\"text-align: left;\"><strong>Garantia:<\/strong>\u00a0 \u00a0 24 meses garantia con km ilimitados oficial Toyota. Relax Toyota 15 a\u00f1os de garantia desde matriculacion &#8211; hasta 250.000km<\/p>\n<p><strong>PRECIO CONTADO:\u00a0 \u00a0<\/strong>23.750\u20ac<\/p>\n<p style=\"text-align: left;\"><strong>PRECIO FINANCIADO:<\/strong>\u00a0 \u00a0 \u00a022.500\u20ac (sujeto a campa\u00f1a de financiacion,consulta condiciones).<span style=\"font-family: Georgia, 'Times New Roman', 'Bitstream Charter', Times, serif;\">Tambien financiacion multiopcion consulta condiciones.<\/span><\/p>\n<p>Todos nuestros vehiculos Toyota han pasado una revision de 150 puntos bajo la premisa de los estandares de calidad que certifican su kilometraje y la no siniestralidad estructural.Mantenimiento realizados en servicio oficial.<\/p>\n<p><em><strong>AUTOADA OCASIO.<\/strong><\/em><br \/>\nVenta vehiculos multimarca seminuevos y ocasion.<\/p>\n<p>Gastos gestoria no incluidos en el precio.12 meses garantia contractual.Financiamos el 100% consulta condiciones.Gestion de financiacion.Valoramos y aceptamos su vehiculo actual como entrada.Este anuncio y el precio sera valido salvo error tipografico.Este anuncio no es vinculante se muestra a titulo informativo no contractual.<\/p>\n","protected":false},"featured_media":30253,"template":"","meta":{"inline_featured_image":false},"product_cat":[56],"product_tag":[],"class_list":{"0":"post-30332","1":"product","2":"type-product","3":"status-publish","4":"has-post-thumbnail","6":"product_brand-toyota","7":"product_cat-suv","9":"first","10":"instock","11":"featured","12":"shipping-taxable","13":"purchasable","14":"product-type-simple"},"yoast_head":"<!-- This site is optimized with the Yoast SEO plugin v27.3 - https:\/\/yoast.com\/product\/yoast-seo-wordpress\/ -->\n<title>TOYOTA YARIS CROSS - Tallers Autoada<\/title>\n<meta name=\"robots\" content=\"noindex, follow\" \/>\n<meta property=\"og:locale\" content=\"es_ES\" \/>\n<meta property=\"og:type\" content=\"article\" \/>\n<meta property=\"og:title\" content=\"TOYOTA YARIS CROSS - Tallers Autoada\" \/>\n<meta property=\"og:description\" content=\"TOYOTA\u00a0 YARIS CROS Style 2022\u00a0\u00a0  Estado: ocasion  Matriculacion:\u00a0 abril 2022  Color:\u00a0 blanco  Combustible: gasolina-hibrido autorregargable  Transmision: automatico continua Potencia:\u00a0 \u00a085kw\/116cv Cilindrada:\u00a0 \u00a01490cc Tarjeta emisiones:\u00a0 \u00a0ECO(verde\/azul) Kilometros:\u00a0 83.768 Garantia:\u00a0 \u00a0 24 meses garantia con km ilimitados oficial Toyota. Relax Toyota 15 a\u00f1os de garantia desde matriculacion - hasta 250.000km PRECIO CONTADO:\u00a0 \u00a023.750\u20ac PRECIO FINANCIADO:\u00a0 \u00a0 \u00a022.500\u20ac (sujeto a campa\u00f1a de financiacion,consulta condiciones).Tambien financiacion multiopcion consulta condiciones. Todos nuestros vehiculos Toyota han pasado una revision de 150 puntos bajo la premisa de los estandares de calidad que certifican su kilometraje y la no siniestralidad estructural.Mantenimiento realizados en servicio oficial.  AUTOADA OCASIO. Venta vehiculos multimarca seminuevos y ocasion.  Gastos gestoria no incluidos en el precio.12 meses garantia contractual.Financiamos el 100% consulta condiciones.Gestion de financiacion.Valoramos y aceptamos su vehiculo actual como entrada.Este anuncio y el precio sera valido salvo error tipografico.Este anuncio no es vinculante se muestra a titulo informativo no contractual.\" \/>\n<meta property=\"og:url\" content=\"https:\/\/tallersautoada.com\/producte\/toyota-yaris-cros\/\" \/>\n<meta property=\"og:site_name\" content=\"Tallers Autoada\" \/>\n<meta property=\"article:modified_time\" content=\"2026-04-27T15:54:38+00:00\" \/>\n<meta property=\"og:image\" content=\"https:\/\/tallersautoada.com\/wp-content\/uploads\/2026\/03\/Diapositiva3-10.jpg\" \/>\n\t<meta property=\"og:image:width\" content=\"960\" \/>\n\t<meta property=\"og:image:height\" content=\"720\" \/>\n\t<meta property=\"og:image:type\" content=\"image\/jpeg\" \/>\n<meta name=\"twitter:card\" content=\"summary_large_image\" \/>\n<meta name=\"twitter:label1\" content=\"Est. reading time\" \/>\n\t<meta name=\"twitter:data1\" content=\"3 minutes\" \/>\n<script type=\"application\/ld+json\" class=\"yoast-schema-graph\">{\"@context\":\"https:\\\/\\\/schema.org\",\"@graph\":[{\"@type\":\"WebPage\",\"@id\":\"https:\\\/\\\/tallersautoada.com\\\/producte\\\/toyota-yaris-cros\\\/\",\"url\":\"https:\\\/\\\/tallersautoada.com\\\/producte\\\/toyota-yaris-cros\\\/\",\"name\":\"TOYOTA YARIS CROSS - Tallers Autoada\",\"isPartOf\":{\"@id\":\"https:\\\/\\\/tallersautoada.com\\\/#website\"},\"primaryImageOfPage\":{\"@id\":\"https:\\\/\\\/tallersautoada.com\\\/producte\\\/toyota-yaris-cros\\\/#primaryimage\"},\"image\":{\"@id\":\"https:\\\/\\\/tallersautoada.com\\\/producte\\\/toyota-yaris-cros\\\/#primaryimage\"},\"thumbnailUrl\":\"https:\\\/\\\/tallersautoada.com\\\/wp-content\\\/uploads\\\/2026\\\/03\\\/Diapositiva3-10.jpg\",\"datePublished\":\"2026-03-12T08:00:07+00:00\",\"dateModified\":\"2026-04-27T15:54:38+00:00\",\"breadcrumb\":{\"@id\":\"https:\\\/\\\/tallersautoada.com\\\/producte\\\/toyota-yaris-cros\\\/#breadcrumb\"},\"inLanguage\":\"es-ES\",\"potentialAction\":[{\"@type\":\"ReadAction\",\"target\":[\"https:\\\/\\\/tallersautoada.com\\\/producte\\\/toyota-yaris-cros\\\/\"]}]},{\"@type\":\"ImageObject\",\"inLanguage\":\"es-ES\",\"@id\":\"https:\\\/\\\/tallersautoada.com\\\/producte\\\/toyota-yaris-cros\\\/#primaryimage\",\"url\":\"https:\\\/\\\/tallersautoada.com\\\/wp-content\\\/uploads\\\/2026\\\/03\\\/Diapositiva3-10.jpg\",\"contentUrl\":\"https:\\\/\\\/tallersautoada.com\\\/wp-content\\\/uploads\\\/2026\\\/03\\\/Diapositiva3-10.jpg\",\"width\":960,\"height\":720},{\"@type\":\"BreadcrumbList\",\"@id\":\"https:\\\/\\\/tallersautoada.com\\\/producte\\\/toyota-yaris-cros\\\/#breadcrumb\",\"itemListElement\":[{\"@type\":\"ListItem\",\"position\":1,\"name\":\"Inici\",\"item\":\"https:\\\/\\\/tallersautoada.com\\\/es\\\/inicio\\\/\"},{\"@type\":\"ListItem\",\"position\":2,\"name\":\"Veh\u00edculos en Venta\",\"item\":\"https:\\\/\\\/tallersautoada.com\\\/es\\\/vehiculos-en-venta-2\\\/\"},{\"@type\":\"ListItem\",\"position\":3,\"name\":\"TOYOTA YARIS CROSS\"}]},{\"@type\":\"WebSite\",\"@id\":\"https:\\\/\\\/tallersautoada.com\\\/#website\",\"url\":\"https:\\\/\\\/tallersautoada.com\\\/\",\"name\":\"Tallers Autoada\",\"description\":\"Taller mec\u00e0nic, electricitat, planxa i pintura i centre de rentat\",\"publisher\":{\"@id\":\"https:\\\/\\\/tallersautoada.com\\\/#organization\"},\"potentialAction\":[{\"@type\":\"SearchAction\",\"target\":{\"@type\":\"EntryPoint\",\"urlTemplate\":\"https:\\\/\\\/tallersautoada.com\\\/?s={search_term_string}\"},\"query-input\":{\"@type\":\"PropertyValueSpecification\",\"valueRequired\":true,\"valueName\":\"search_term_string\"}}],\"inLanguage\":\"es-ES\"},{\"@type\":\"Organization\",\"@id\":\"https:\\\/\\\/tallersautoada.com\\\/#organization\",\"name\":\"Tallers Autoada\",\"url\":\"https:\\\/\\\/tallersautoada.com\\\/\",\"logo\":{\"@type\":\"ImageObject\",\"inLanguage\":\"es-ES\",\"@id\":\"https:\\\/\\\/tallersautoada.com\\\/#\\\/schema\\\/logo\\\/image\\\/\",\"url\":\"https:\\\/\\\/tallersautoada.com\\\/wp-content\\\/uploads\\\/2023\\\/01\\\/tallersautoada-logo.png\",\"contentUrl\":\"https:\\\/\\\/tallersautoada.com\\\/wp-content\\\/uploads\\\/2023\\\/01\\\/tallersautoada-logo.png\",\"width\":1006,\"height\":395,\"caption\":\"Tallers Autoada\"},\"image\":{\"@id\":\"https:\\\/\\\/tallersautoada.com\\\/#\\\/schema\\\/logo\\\/image\\\/\"}}]}<\/script>\n<!-- \/ Yoast SEO plugin. -->","yoast_head_json":{"title":"TOYOTA YARIS CROSS - Tallers Autoada","robots":{"index":"noindex","follow":"follow"},"og_locale":"es_ES","og_type":"article","og_title":"TOYOTA YARIS CROSS - Tallers Autoada","og_description":"TOYOTA\u00a0 YARIS CROS Style 2022\u00a0\u00a0  Estado: ocasion  Matriculacion:\u00a0 abril 2022  Color:\u00a0 blanco  Combustible: gasolina-hibrido autorregargable  Transmision: automatico continua Potencia:\u00a0 \u00a085kw\/116cv Cilindrada:\u00a0 \u00a01490cc Tarjeta emisiones:\u00a0 \u00a0ECO(verde\/azul) Kilometros:\u00a0 83.768 Garantia:\u00a0 \u00a0 24 meses garantia con km ilimitados oficial Toyota. Relax Toyota 15 a\u00f1os de garantia desde matriculacion - hasta 250.000km PRECIO CONTADO:\u00a0 \u00a023.750\u20ac PRECIO FINANCIADO:\u00a0 \u00a0 \u00a022.500\u20ac (sujeto a campa\u00f1a de financiacion,consulta condiciones).Tambien financiacion multiopcion consulta condiciones. Todos nuestros vehiculos Toyota han pasado una revision de 150 puntos bajo la premisa de los estandares de calidad que certifican su kilometraje y la no siniestralidad estructural.Mantenimiento realizados en servicio oficial.  AUTOADA OCASIO. Venta vehiculos multimarca seminuevos y ocasion.  Gastos gestoria no incluidos en el precio.12 meses garantia contractual.Financiamos el 100% consulta condiciones.Gestion de financiacion.Valoramos y aceptamos su vehiculo actual como entrada.Este anuncio y el precio sera valido salvo error tipografico.Este anuncio no es vinculante se muestra a titulo informativo no contractual.","og_url":"https:\/\/tallersautoada.com\/producte\/toyota-yaris-cros\/","og_site_name":"Tallers Autoada","article_modified_time":"2026-04-27T15:54:38+00:00","og_image":[{"width":960,"height":720,"url":"https:\/\/tallersautoada.com\/wp-content\/uploads\/2026\/03\/Diapositiva3-10.jpg","type":"image\/jpeg"}],"twitter_card":"summary_large_image","twitter_misc":{"Est. reading time":"3 minutes"},"schema":{"@context":"https:\/\/schema.org","@graph":[{"@type":"WebPage","@id":"https:\/\/tallersautoada.com\/producte\/toyota-yaris-cros\/","url":"https:\/\/tallersautoada.com\/producte\/toyota-yaris-cros\/","name":"TOYOTA YARIS CROSS - Tallers Autoada","isPartOf":{"@id":"https:\/\/tallersautoada.com\/#website"},"primaryImageOfPage":{"@id":"https:\/\/tallersautoada.com\/producte\/toyota-yaris-cros\/#primaryimage"},"image":{"@id":"https:\/\/tallersautoada.com\/producte\/toyota-yaris-cros\/#primaryimage"},"thumbnailUrl":"https:\/\/tallersautoada.com\/wp-content\/uploads\/2026\/03\/Diapositiva3-10.jpg","datePublished":"2026-03-12T08:00:07+00:00","dateModified":"2026-04-27T15:54:38+00:00","breadcrumb":{"@id":"https:\/\/tallersautoada.com\/producte\/toyota-yaris-cros\/#breadcrumb"},"inLanguage":"es-ES","potentialAction":[{"@type":"ReadAction","target":["https:\/\/tallersautoada.com\/producte\/toyota-yaris-cros\/"]}]},{"@type":"ImageObject","inLanguage":"es-ES","@id":"https:\/\/tallersautoada.com\/producte\/toyota-yaris-cros\/#primaryimage","url":"https:\/\/tallersautoada.com\/wp-content\/uploads\/2026\/03\/Diapositiva3-10.jpg","contentUrl":"https:\/\/tallersautoada.com\/wp-content\/uploads\/2026\/03\/Diapositiva3-10.jpg","width":960,"height":720},{"@type":"BreadcrumbList","@id":"https:\/\/tallersautoada.com\/producte\/toyota-yaris-cros\/#breadcrumb","itemListElement":[{"@type":"ListItem","position":1,"name":"Inici","item":"https:\/\/tallersautoada.com\/es\/inicio\/"},{"@type":"ListItem","position":2,"name":"Veh\u00edculos en Venta","item":"https:\/\/tallersautoada.com\/es\/vehiculos-en-venta-2\/"},{"@type":"ListItem","position":3,"name":"TOYOTA YARIS CROSS"}]},{"@type":"WebSite","@id":"https:\/\/tallersautoada.com\/#website","url":"https:\/\/tallersautoada.com\/","name":"Tallers Autoada","description":"Taller mec\u00e0nic, electricitat, planxa i pintura i centre de rentat","publisher":{"@id":"https:\/\/tallersautoada.com\/#organization"},"potentialAction":[{"@type":"SearchAction","target":{"@type":"EntryPoint","urlTemplate":"https:\/\/tallersautoada.com\/?s={search_term_string}"},"query-input":{"@type":"PropertyValueSpecification","valueRequired":true,"valueName":"search_term_string"}}],"inLanguage":"es-ES"},{"@type":"Organization","@id":"https:\/\/tallersautoada.com\/#organization","name":"Tallers Autoada","url":"https:\/\/tallersautoada.com\/","logo":{"@type":"ImageObject","inLanguage":"es-ES","@id":"https:\/\/tallersautoada.com\/#\/schema\/logo\/image\/","url":"https:\/\/tallersautoada.com\/wp-content\/uploads\/2023\/01\/tallersautoada-logo.png","contentUrl":"https:\/\/tallersautoada.com\/wp-content\/uploads\/2023\/01\/tallersautoada-logo.png","width":1006,"height":395,"caption":"Tallers Autoada"},"image":{"@id":"https:\/\/tallersautoada.com\/#\/schema\/logo\/image\/"}}]}},"_links":{"self":[{"href":"https:\/\/tallersautoada.com\/es\/wp-json\/wp\/v2\/product\/30332","targetHints":{"allow":["GET"]}}],"collection":[{"href":"https:\/\/tallersautoada.com\/es\/wp-json\/wp\/v2\/product"}],"about":[{"href":"https:\/\/tallersautoada.com\/es\/wp-json\/wp\/v2\/types\/product"}],"version-history":[{"count":4,"href":"https:\/\/tallersautoada.com\/es\/wp-json\/wp\/v2\/product\/30332\/revisions"}],"predecessor-version":[{"id":31423,"href":"https:\/\/tallersautoada.com\/es\/wp-json\/wp\/v2\/product\/30332\/revisions\/31423"}],"wp:featuredmedia":[{"embeddable":true,"href":"https:\/\/tallersautoada.com\/es\/wp-json\/wp\/v2\/media\/30253"}],"wp:attachment":[{"href":"https:\/\/tallersautoada.com\/es\/wp-json\/wp\/v2\/media?parent=30332"}],"wp:term":[{"taxonomy":"product_cat","embeddable":true,"href":"https:\/\/tallersautoada.com\/es\/wp-json\/wp\/v2\/product_cat?post=30332"},{"taxonomy":"product_tag","embeddable":true,"href":"https:\/\/tallersautoada.com\/es\/wp-json\/wp\/v2\/product_tag?post=30332"}],"curies":[{"name":"wp","href":"https:\/\/api.w.org\/{rel}","templated":true}]}}