{"id":30847,"date":"2026-03-31T10:03:58","date_gmt":"2026-03-31T08:03:58","guid":{"rendered":"https:\/\/tallersautoada.com\/?post_type=product&#038;p=30847"},"modified":"2026-03-31T10:03:58","modified_gmt":"2026-03-31T08:03:58","slug":"toyota-corolla","status":"publish","type":"product","link":"https:\/\/tallersautoada.com\/es\/producte\/toyota-corolla\/","title":{"rendered":"TOYOTA COROLLA"},"content":{"rendered":"<div id=\"divEquipamiento1\" class=\"equipamiento content\">\n<div class=\"equipamiento\">\n<div id=\"divEquipamiento1\" class=\"equipamiento content\">\n<div class=\"equipamiento\"><span id=\"vehiculoEquipamiento1\" class=\"collapsible active\">Equipamiento Serie<\/span><\/p>\n<div id=\"divEquipamiento1\" class=\"equipamiento content\">\n<div class=\"equipamiento\">&#8211; Mantenimiento del modelo<\/div>\n<div class=\"equipamiento\">&#8211; Carrocer\u00eda: 5 puertas<\/div>\n<div class=\"equipamiento\">&#8211; Rejilla paragolpes abajo \/ arriba Pintura de piano<\/div>\n<div class=\"equipamiento\">&#8211; Antena del techo en Dise\u00f1o aleta de tibur\u00f3n<\/div>\n<div class=\"equipamiento\">&#8211; Retrovisor exterior plegable el\u00e9ctricamente<\/div>\n<div class=\"equipamiento\">&#8211; Retrovisor exterior regulable el\u00e9ctricamente y calefactable<\/div>\n<div class=\"equipamiento\">&#8211; Retrovisor exterior autom plegable el\u00e9ctricamente<\/div>\n<div class=\"equipamiento\">&#8211; Retrovisor exterior color carrocer\u00eda<\/div>\n<div class=\"equipamiento\">&#8211; Intermitente en Retrovisor exterior integrad.<\/div>\n<div class=\"equipamiento\">&#8211; Regulaci\u00f3n del alcance de las luces autom<\/div>\n<div class=\"equipamiento\">&#8211; Luces antiniebla LED<\/div>\n<div class=\"equipamiento\">&#8211; Asistente a la conducci\u00f3n: Asistente luz carretera (sistema antideslumbramiento autom. Luz de cruce, AHB)<\/div>\n<div class=\"equipamiento\">&#8211; Funci\u00f3n autom\u00e1tica de las luces (Follow me home, FMH)<\/div>\n<div class=\"equipamiento\">&#8211; Asistente a la conducci\u00f3n: Reconocimiento de se\u00f1ales de tr\u00e1fico (RSA)<\/div>\n<div class=\"equipamiento\">&#8211; Pilotos traseros LED<\/div>\n<div class=\"equipamiento\">&#8211; Freno de emergencia-luz intermitente (EBS)<\/div>\n<div class=\"equipamiento\">&#8211; Luz de d\u00eda LED<\/div>\n<div class=\"equipamiento\">&#8211; Limpiaparabrisas con Sensor de lluvia<\/div>\n<div class=\"equipamiento\">&#8211; Paragolpes color carrocer\u00eda<\/div>\n<div class=\"equipamiento\">&#8211; DAB-Tuner (Receptor de radio digital)<\/div>\n<div class=\"equipamiento\">&#8211; Sistema de audio: Multimedia Toyota Smart Connect<\/div>\n<div class=\"equipamiento\">&#8211; Mandos audio en volante<\/div>\n<div class=\"equipamiento\">&#8211; 6 Altavoces<\/div>\n<div class=\"equipamiento\">&#8211; Instalaci\u00f3n de manos libres Bluetooth<\/div>\n<div class=\"equipamiento\">&#8211; Asistente a la conducci\u00f3n: sistema de seguridad Toyota Connect con autom\u00e1tico Aviso de socorro (eCall)<\/div>\n<div class=\"equipamiento\">&#8211; Conector-Universal (Conexi\u00f3n USB\/iPod\/AUX)<\/div>\n<div class=\"equipamiento\">&#8211; Ayuda aparcamiento delante<\/div>\n<div class=\"equipamiento\">&#8211; Sistema control presi\u00f3n neum\u00e1ticos<\/div>\n<div class=\"equipamiento\">&#8211; Airbag de rodilla lado del conductor<\/div>\n<div class=\"equipamiento\">&#8211; Sistema limitador de velocidad<\/div>\n<div class=\"equipamiento\">&#8211; adaptativa Control de crucero con Funci\u00f3n Stop&amp;Go<\/div>\n<div class=\"equipamiento\">&#8211; Control de crucero adaptable (ACC)<\/div>\n<div class=\"equipamiento\">&#8211; Airbag conductor\/acompa\u00f1ante<\/div>\n<div class=\"equipamiento\">&#8211; Sistema de airbag para la cabeza<\/div>\n<div class=\"equipamiento\">&#8211; Airbag lateral delante<\/div>\n<div class=\"equipamiento\">&#8211; Cubierta del maletero \/ Persiana<\/div>\n<div class=\"equipamiento\">&#8211; Climatizador autom\u00e1tico 2-zonas<\/div>\n<div class=\"equipamiento\">&#8211; Ionizador para limpiar el aire (Nanoe X)<\/div>\n<div class=\"equipamiento\">&#8211; Calefacci\u00f3n del asiento delante<\/div>\n<div class=\"equipamiento\">&#8211; tapicer\u00eda asientos: Tela<\/div>\n<div class=\"equipamiento\">&#8211; Asientos deportivos<\/div>\n<div class=\"equipamiento\">&#8211; Asiento delante izquierda regulable en altura<\/div>\n<div class=\"equipamiento\">&#8211; Asiento delante derecha regulable en altura<\/div>\n<div class=\"equipamiento\">&#8211; Soporte lumbar Asiento delante izquierda, regulable el\u00e9ctricamente<\/div>\n<div class=\"equipamiento\">&#8211; Asiento trasero dividido<\/div>\n<div class=\"equipamiento\">&#8211; Asiento trasero plegable<\/div>\n<div class=\"equipamiento\">&#8211; Asiento ni\u00f1o Isofix<\/div>\n<div class=\"equipamiento\">&#8211; Elevalunas el\u00e9ctric. delante izquierda, Secuencial<\/div>\n<div class=\"equipamiento\">&#8211; Agarraderos de la puerta inter. Cromado<\/div>\n<div class=\"equipamiento\">&#8211; Cierre centralizado con Mando a distancia<\/div>\n<div class=\"equipamiento\">&#8211; ? en Smartphone (Smart Key)<\/div>\n<div class=\"equipamiento\">&#8211; Cierre centralizado \/ Instalaci\u00f3n de arranque Smart-Key, Entry&amp;drive<\/div>\n<div class=\"equipamiento\">&#8211; Bot\u00f3n-start-stop<\/div>\n<div class=\"equipamiento\">&#8211; Agarraderos de la puerta ext. color carrocer\u00eda<\/div>\n<div class=\"equipamiento\">&#8211; Dispositivo de alarma para Cinturones de seguridad detr\u00e1s<\/div>\n<div class=\"equipamiento\">&#8211; Retrovisor interior con sistema antideslumbramiento autom.<\/div>\n<div class=\"equipamiento\">&#8211; Parasoles con Espejo (iluminaci\u00f3n)<\/div>\n<div class=\"equipamiento\">&#8211; Inmovilizador<\/div>\n<div class=\"equipamiento\">&#8211; Portavasos delante iluminaci\u00f3n<\/div>\n<div class=\"equipamiento\">&#8211; Enchufe (enchufe 12V) en consola central<\/div>\n<div class=\"equipamiento\">&#8211; Pomo palanca cambios cuero<\/div>\n<div class=\"equipamiento\">&#8211; Cargador wireless para Smartphone<\/div>\n<div class=\"equipamiento\">&#8211; Sistema antibloqueo (ABS)<\/div>\n<div class=\"equipamiento\">&#8211; Distribuidor el\u00e9ctr\u00f3nico de frenada<\/div>\n<div class=\"equipamiento\">&#8211; Freno de estacionamiento el\u00e9ctric. (EPB)<\/div>\n<div class=\"equipamiento\">&#8211; Asistente a la conducci\u00f3n: Aviso de colisi\u00f3n frontal (Forward Collision Warning, FCW)<\/div>\n<div class=\"equipamiento\">&#8211; Asistente a la conducci\u00f3n: Sistema pre-colisi\u00f3n (PCS)<\/div>\n<div class=\"equipamiento\">&#8211; Asistente a la conducci\u00f3n: Asistente de mantenimiento de carril (LDA)<\/div>\n<div class=\"equipamiento\">&#8211; Asistente a la conducci\u00f3n: Sensor-reconocimiento de cansancio<\/div>\n<div class=\"equipamiento\">&#8211; Asistente a la conducci\u00f3n: ? proactiva (PDA)<\/div>\n<div class=\"equipamiento\">&#8211; Llantas de aleaci\u00f3n 7&#215;16<\/div>\n<div class=\"equipamiento\">&#8211; Kit reparaci\u00f3n de neum\u00e1ticos<\/div>\n<div class=\"equipamiento\">&#8211; Volante (3 radios)<\/div>\n<div class=\"equipamiento\">&#8211; Columna de direcci\u00f3n (Volante) regulable<\/div>\n<div class=\"equipamiento\">&#8211; Volante con Levas<\/div>\n<div class=\"equipamiento\">&#8211; Direcci\u00f3n asistida el\u00e9ctric.<\/div>\n<div class=\"equipamiento\">&#8211; Programa electr\u00f3nico de estabilidad (VSC)<\/div>\n<div class=\"equipamiento\">&#8211; Asistente a la conducci\u00f3n: Control de subidas en montes (HAC)<\/div>\n<div class=\"equipamiento\">&#8211; Caja de cambios autom\u00e1tica continua &#8211; Multidrive ECVT<\/div>\n<div class=\"equipamiento\">&#8211; Reducci\u00f3n poluci\u00f3n seg\u00fan norma gases escape Euro 6d-TEMP<\/div>\n<div class=\"equipamiento\">&#8211; Reducci\u00f3n poluci\u00f3n seg\u00fan norma gases escape Euro 6e<\/div>\n<div class=\"equipamiento\">&#8211; H\u00edbrido 103 kW (Motor 1,8 Ltr. &#8211; 72 kW 16V<\/div>\n<\/div>\n<\/div>\n<div class=\"equipamiento\">\n<div id=\"div_equipamiento\">\n<div class=\"row\">\n<div id=\"divEquipamiento1\" class=\"equipamiento content\">\n<div class=\"equipamiento\"><\/div>\n<div class=\"equipamiento\"><\/div>\n<\/div>\n<\/div>\n<div class=\"row\"><\/div>\n<\/div>\n<div id=\"divInformacionInterna\">\n<div class=\"row\"><\/div>\n<\/div>\n<\/div>\n<\/div>\n<\/div>\n<div class=\"equipamiento\"><\/div>\n<\/div>\n<div><\/div>\n<div><\/div>\n","protected":false},"excerpt":{"rendered":"<p><strong>TOYOTA COROLLA Active plus 2025<\/strong><\/p>\n<p><strong>Estado:<\/strong> gerencia<\/p>\n<p><strong>Matriculacion:<\/strong>\u00a0 agosto 2025<\/p>\n<p><strong>Color:<\/strong>\u00a0 gris grafito<\/p>\n<p><strong>Combustible:<\/strong> gasolina-hibrido autorregargable<\/p>\n<p><strong>Transmision:<\/strong> automatico continua<\/p>\n<p style=\"text-align: left;\"><strong>Potencia:<\/strong>\u00a0 \u00a0103kw\/140cv<\/p>\n<p style=\"text-align: left;\"><strong>Cilindrada:<\/strong>\u00a0 \u00a01798cc<\/p>\n<p style=\"text-align: left;\"><strong>Tarjeta emisiones:<\/strong>\u00a0 \u00a0eco(verde\/azul)<\/p>\n<p style=\"text-align: left;\"><strong>Kilometros:<\/strong>\u00a0 4.699<\/p>\n<p style=\"text-align: left;\"><strong>Garantia:<\/strong>\u00a0 \u00a0 48 meses garantia con km ilimitados oficial Toyota. Relax Toyota 15 a\u00f1os de garantia desde matriculacion &#8211; hasta 250.000km<\/p>\n<p><strong>PRECIO CONTADO:\u00a0 \u00a0<\/strong>26.990\u20ac<\/p>\n<p style=\"text-align: left;\"><strong>PRECIO FINANCIADO:<\/strong>\u00a0 \u00a0 \u00a025.990\u20ac (sujeto a campa\u00f1a de financiacion,consulta condiciones).<span style=\"font-family: Georgia, 'Times New Roman', 'Bitstream Charter', Times, serif;\">Tambien financiacion multiopcion consulta condiciones.<\/span><\/p>\n<p>Todos nuestros vehiculos Toyota han pasado una revision de 150 puntos bajo la premisa de los estandares de calidad que certifican su kilometraje y la no siniestralidad estructural.Mantenimiento realizados en servicio oficial.<\/p>\n<p><em><strong>AUTOADA OCASIO.<\/strong><\/em><br \/>\nVenta vehiculos multimarca seminuevos y ocasion.<\/p>\n<p>Gastos gestoria no incluidos en el precio.12 meses garantia contractual.Financiamos el 100% consulta condiciones.Gestion de financiacion.Valoramos y aceptamos su vehiculo actual como entrada.Este anuncio y el precio sera valido salvo error tipografico.Este anuncio no es vinculante se muestra a titulo informativo no contractual.<\/p>\n","protected":false},"featured_media":30856,"template":"","meta":{"inline_featured_image":false},"product_cat":[83],"product_tag":[],"class_list":{"0":"post-30847","1":"product","2":"type-product","3":"status-publish","4":"has-post-thumbnail","6":"product_brand-toyota","7":"product_cat-familiar","9":"first","10":"instock","11":"featured","12":"shipping-taxable","13":"purchasable","14":"product-type-simple"},"yoast_head":"<!-- This site is optimized with the Yoast SEO plugin v27.3 - https:\/\/yoast.com\/product\/yoast-seo-wordpress\/ -->\n<title>TOYOTA COROLLA - Tallers Autoada<\/title>\n<meta name=\"robots\" content=\"noindex, follow\" \/>\n<meta property=\"og:locale\" content=\"es_ES\" \/>\n<meta property=\"og:type\" content=\"article\" \/>\n<meta property=\"og:title\" content=\"TOYOTA COROLLA - Tallers Autoada\" \/>\n<meta property=\"og:description\" content=\"TOYOTA COROLLA Active plus 2025  Estado: gerencia  Matriculacion:\u00a0 agosto 2025  Color:\u00a0 gris grafito  Combustible: gasolina-hibrido autorregargable  Transmision: automatico continua Potencia:\u00a0 \u00a0103kw\/140cv Cilindrada:\u00a0 \u00a01798cc Tarjeta emisiones:\u00a0 \u00a0eco(verde\/azul) Kilometros:\u00a0 4.699 Garantia:\u00a0 \u00a0 48 meses garantia con km ilimitados oficial Toyota. Relax Toyota 15 a\u00f1os de garantia desde matriculacion - hasta 250.000km PRECIO CONTADO:\u00a0 \u00a026.990\u20ac PRECIO FINANCIADO:\u00a0 \u00a0 \u00a025.990\u20ac (sujeto a campa\u00f1a de financiacion,consulta condiciones).Tambien financiacion multiopcion consulta condiciones. Todos nuestros vehiculos Toyota han pasado una revision de 150 puntos bajo la premisa de los estandares de calidad que certifican su kilometraje y la no siniestralidad estructural.Mantenimiento realizados en servicio oficial.  AUTOADA OCASIO. Venta vehiculos multimarca seminuevos y ocasion.  Gastos gestoria no incluidos en el precio.12 meses garantia contractual.Financiamos el 100% consulta condiciones.Gestion de financiacion.Valoramos y aceptamos su vehiculo actual como entrada.Este anuncio y el precio sera valido salvo error tipografico.Este anuncio no es vinculante se muestra a titulo informativo no contractual.\" \/>\n<meta property=\"og:url\" content=\"https:\/\/tallersautoada.com\/producte\/toyota-corolla\/\" \/>\n<meta property=\"og:site_name\" content=\"Tallers Autoada\" \/>\n<meta property=\"og:image\" content=\"https:\/\/tallersautoada.com\/wp-content\/uploads\/2026\/03\/4.jpg\" \/>\n\t<meta property=\"og:image:width\" content=\"1200\" \/>\n\t<meta property=\"og:image:height\" content=\"900\" \/>\n\t<meta property=\"og:image:type\" content=\"image\/jpeg\" \/>\n<meta name=\"twitter:card\" content=\"summary_large_image\" \/>\n<meta name=\"twitter:label1\" content=\"Est. reading time\" \/>\n\t<meta name=\"twitter:data1\" content=\"3 minutes\" \/>\n<script type=\"application\/ld+json\" class=\"yoast-schema-graph\">{\"@context\":\"https:\\\/\\\/schema.org\",\"@graph\":[{\"@type\":\"WebPage\",\"@id\":\"https:\\\/\\\/tallersautoada.com\\\/producte\\\/toyota-corolla\\\/\",\"url\":\"https:\\\/\\\/tallersautoada.com\\\/producte\\\/toyota-corolla\\\/\",\"name\":\"TOYOTA COROLLA - Tallers Autoada\",\"isPartOf\":{\"@id\":\"https:\\\/\\\/tallersautoada.com\\\/#website\"},\"primaryImageOfPage\":{\"@id\":\"https:\\\/\\\/tallersautoada.com\\\/producte\\\/toyota-corolla\\\/#primaryimage\"},\"image\":{\"@id\":\"https:\\\/\\\/tallersautoada.com\\\/producte\\\/toyota-corolla\\\/#primaryimage\"},\"thumbnailUrl\":\"https:\\\/\\\/tallersautoada.com\\\/wp-content\\\/uploads\\\/2026\\\/03\\\/4.jpg\",\"datePublished\":\"2026-03-31T08:03:58+00:00\",\"breadcrumb\":{\"@id\":\"https:\\\/\\\/tallersautoada.com\\\/producte\\\/toyota-corolla\\\/#breadcrumb\"},\"inLanguage\":\"es-ES\",\"potentialAction\":[{\"@type\":\"ReadAction\",\"target\":[\"https:\\\/\\\/tallersautoada.com\\\/producte\\\/toyota-corolla\\\/\"]}]},{\"@type\":\"ImageObject\",\"inLanguage\":\"es-ES\",\"@id\":\"https:\\\/\\\/tallersautoada.com\\\/producte\\\/toyota-corolla\\\/#primaryimage\",\"url\":\"https:\\\/\\\/tallersautoada.com\\\/wp-content\\\/uploads\\\/2026\\\/03\\\/4.jpg\",\"contentUrl\":\"https:\\\/\\\/tallersautoada.com\\\/wp-content\\\/uploads\\\/2026\\\/03\\\/4.jpg\",\"width\":1200,\"height\":900},{\"@type\":\"BreadcrumbList\",\"@id\":\"https:\\\/\\\/tallersautoada.com\\\/producte\\\/toyota-corolla\\\/#breadcrumb\",\"itemListElement\":[{\"@type\":\"ListItem\",\"position\":1,\"name\":\"Inici\",\"item\":\"https:\\\/\\\/tallersautoada.com\\\/es\\\/inicio\\\/\"},{\"@type\":\"ListItem\",\"position\":2,\"name\":\"Veh\u00edculos en Venta\",\"item\":\"https:\\\/\\\/tallersautoada.com\\\/es\\\/vehiculos-en-venta-2\\\/\"},{\"@type\":\"ListItem\",\"position\":3,\"name\":\"TOYOTA COROLLA\"}]},{\"@type\":\"WebSite\",\"@id\":\"https:\\\/\\\/tallersautoada.com\\\/#website\",\"url\":\"https:\\\/\\\/tallersautoada.com\\\/\",\"name\":\"Tallers Autoada\",\"description\":\"Taller mec\u00e0nic, electricitat, planxa i pintura i centre de rentat\",\"publisher\":{\"@id\":\"https:\\\/\\\/tallersautoada.com\\\/#organization\"},\"potentialAction\":[{\"@type\":\"SearchAction\",\"target\":{\"@type\":\"EntryPoint\",\"urlTemplate\":\"https:\\\/\\\/tallersautoada.com\\\/?s={search_term_string}\"},\"query-input\":{\"@type\":\"PropertyValueSpecification\",\"valueRequired\":true,\"valueName\":\"search_term_string\"}}],\"inLanguage\":\"es-ES\"},{\"@type\":\"Organization\",\"@id\":\"https:\\\/\\\/tallersautoada.com\\\/#organization\",\"name\":\"Tallers Autoada\",\"url\":\"https:\\\/\\\/tallersautoada.com\\\/\",\"logo\":{\"@type\":\"ImageObject\",\"inLanguage\":\"es-ES\",\"@id\":\"https:\\\/\\\/tallersautoada.com\\\/#\\\/schema\\\/logo\\\/image\\\/\",\"url\":\"https:\\\/\\\/tallersautoada.com\\\/wp-content\\\/uploads\\\/2023\\\/01\\\/tallersautoada-logo.png\",\"contentUrl\":\"https:\\\/\\\/tallersautoada.com\\\/wp-content\\\/uploads\\\/2023\\\/01\\\/tallersautoada-logo.png\",\"width\":1006,\"height\":395,\"caption\":\"Tallers Autoada\"},\"image\":{\"@id\":\"https:\\\/\\\/tallersautoada.com\\\/#\\\/schema\\\/logo\\\/image\\\/\"}}]}<\/script>\n<!-- \/ Yoast SEO plugin. -->","yoast_head_json":{"title":"TOYOTA COROLLA - Tallers Autoada","robots":{"index":"noindex","follow":"follow"},"og_locale":"es_ES","og_type":"article","og_title":"TOYOTA COROLLA - Tallers Autoada","og_description":"TOYOTA COROLLA Active plus 2025  Estado: gerencia  Matriculacion:\u00a0 agosto 2025  Color:\u00a0 gris grafito  Combustible: gasolina-hibrido autorregargable  Transmision: automatico continua Potencia:\u00a0 \u00a0103kw\/140cv Cilindrada:\u00a0 \u00a01798cc Tarjeta emisiones:\u00a0 \u00a0eco(verde\/azul) Kilometros:\u00a0 4.699 Garantia:\u00a0 \u00a0 48 meses garantia con km ilimitados oficial Toyota. Relax Toyota 15 a\u00f1os de garantia desde matriculacion - hasta 250.000km PRECIO CONTADO:\u00a0 \u00a026.990\u20ac PRECIO FINANCIADO:\u00a0 \u00a0 \u00a025.990\u20ac (sujeto a campa\u00f1a de financiacion,consulta condiciones).Tambien financiacion multiopcion consulta condiciones. Todos nuestros vehiculos Toyota han pasado una revision de 150 puntos bajo la premisa de los estandares de calidad que certifican su kilometraje y la no siniestralidad estructural.Mantenimiento realizados en servicio oficial.  AUTOADA OCASIO. Venta vehiculos multimarca seminuevos y ocasion.  Gastos gestoria no incluidos en el precio.12 meses garantia contractual.Financiamos el 100% consulta condiciones.Gestion de financiacion.Valoramos y aceptamos su vehiculo actual como entrada.Este anuncio y el precio sera valido salvo error tipografico.Este anuncio no es vinculante se muestra a titulo informativo no contractual.","og_url":"https:\/\/tallersautoada.com\/producte\/toyota-corolla\/","og_site_name":"Tallers Autoada","og_image":[{"width":1200,"height":900,"url":"https:\/\/tallersautoada.com\/wp-content\/uploads\/2026\/03\/4.jpg","type":"image\/jpeg"}],"twitter_card":"summary_large_image","twitter_misc":{"Est. reading time":"3 minutes"},"schema":{"@context":"https:\/\/schema.org","@graph":[{"@type":"WebPage","@id":"https:\/\/tallersautoada.com\/producte\/toyota-corolla\/","url":"https:\/\/tallersautoada.com\/producte\/toyota-corolla\/","name":"TOYOTA COROLLA - Tallers Autoada","isPartOf":{"@id":"https:\/\/tallersautoada.com\/#website"},"primaryImageOfPage":{"@id":"https:\/\/tallersautoada.com\/producte\/toyota-corolla\/#primaryimage"},"image":{"@id":"https:\/\/tallersautoada.com\/producte\/toyota-corolla\/#primaryimage"},"thumbnailUrl":"https:\/\/tallersautoada.com\/wp-content\/uploads\/2026\/03\/4.jpg","datePublished":"2026-03-31T08:03:58+00:00","breadcrumb":{"@id":"https:\/\/tallersautoada.com\/producte\/toyota-corolla\/#breadcrumb"},"inLanguage":"es-ES","potentialAction":[{"@type":"ReadAction","target":["https:\/\/tallersautoada.com\/producte\/toyota-corolla\/"]}]},{"@type":"ImageObject","inLanguage":"es-ES","@id":"https:\/\/tallersautoada.com\/producte\/toyota-corolla\/#primaryimage","url":"https:\/\/tallersautoada.com\/wp-content\/uploads\/2026\/03\/4.jpg","contentUrl":"https:\/\/tallersautoada.com\/wp-content\/uploads\/2026\/03\/4.jpg","width":1200,"height":900},{"@type":"BreadcrumbList","@id":"https:\/\/tallersautoada.com\/producte\/toyota-corolla\/#breadcrumb","itemListElement":[{"@type":"ListItem","position":1,"name":"Inici","item":"https:\/\/tallersautoada.com\/es\/inicio\/"},{"@type":"ListItem","position":2,"name":"Veh\u00edculos en Venta","item":"https:\/\/tallersautoada.com\/es\/vehiculos-en-venta-2\/"},{"@type":"ListItem","position":3,"name":"TOYOTA COROLLA"}]},{"@type":"WebSite","@id":"https:\/\/tallersautoada.com\/#website","url":"https:\/\/tallersautoada.com\/","name":"Tallers Autoada","description":"Taller mec\u00e0nic, electricitat, planxa i pintura i centre de rentat","publisher":{"@id":"https:\/\/tallersautoada.com\/#organization"},"potentialAction":[{"@type":"SearchAction","target":{"@type":"EntryPoint","urlTemplate":"https:\/\/tallersautoada.com\/?s={search_term_string}"},"query-input":{"@type":"PropertyValueSpecification","valueRequired":true,"valueName":"search_term_string"}}],"inLanguage":"es-ES"},{"@type":"Organization","@id":"https:\/\/tallersautoada.com\/#organization","name":"Tallers Autoada","url":"https:\/\/tallersautoada.com\/","logo":{"@type":"ImageObject","inLanguage":"es-ES","@id":"https:\/\/tallersautoada.com\/#\/schema\/logo\/image\/","url":"https:\/\/tallersautoada.com\/wp-content\/uploads\/2023\/01\/tallersautoada-logo.png","contentUrl":"https:\/\/tallersautoada.com\/wp-content\/uploads\/2023\/01\/tallersautoada-logo.png","width":1006,"height":395,"caption":"Tallers Autoada"},"image":{"@id":"https:\/\/tallersautoada.com\/#\/schema\/logo\/image\/"}}]}},"_links":{"self":[{"href":"https:\/\/tallersautoada.com\/es\/wp-json\/wp\/v2\/product\/30847","targetHints":{"allow":["GET"]}}],"collection":[{"href":"https:\/\/tallersautoada.com\/es\/wp-json\/wp\/v2\/product"}],"about":[{"href":"https:\/\/tallersautoada.com\/es\/wp-json\/wp\/v2\/types\/product"}],"version-history":[{"count":3,"href":"https:\/\/tallersautoada.com\/es\/wp-json\/wp\/v2\/product\/30847\/revisions"}],"predecessor-version":[{"id":30938,"href":"https:\/\/tallersautoada.com\/es\/wp-json\/wp\/v2\/product\/30847\/revisions\/30938"}],"wp:featuredmedia":[{"embeddable":true,"href":"https:\/\/tallersautoada.com\/es\/wp-json\/wp\/v2\/media\/30856"}],"wp:attachment":[{"href":"https:\/\/tallersautoada.com\/es\/wp-json\/wp\/v2\/media?parent=30847"}],"wp:term":[{"taxonomy":"product_cat","embeddable":true,"href":"https:\/\/tallersautoada.com\/es\/wp-json\/wp\/v2\/product_cat?post=30847"},{"taxonomy":"product_tag","embeddable":true,"href":"https:\/\/tallersautoada.com\/es\/wp-json\/wp\/v2\/product_tag?post=30847"}],"curies":[{"name":"wp","href":"https:\/\/api.w.org\/{rel}","templated":true}]}}