{"id":31425,"date":"2026-04-30T11:34:23","date_gmt":"2026-04-30T09:34:23","guid":{"rendered":"https:\/\/tallersautoada.com\/?post_type=product&#038;p=31425"},"modified":"2026-04-30T11:34:23","modified_gmt":"2026-04-30T09:34:23","slug":"toyota-aygo-x-cross","status":"publish","type":"product","link":"https:\/\/tallersautoada.com\/es\/producte\/toyota-aygo-x-cross\/","title":{"rendered":"TOYOTA AYGO X CROSS"},"content":{"rendered":"<div id=\"divEquipamiento1\" class=\"equipamiento content\">\n<div class=\"equipamiento\">\n<div id=\"divEquipamiento1\" class=\"equipamiento content\">\n<div class=\"equipamiento\"><span id=\"vehiculoEquipamiento1\" class=\"collapsible active\">Equipamiento Serie<\/span><\/p>\n<div id=\"divEquipamiento1\" class=\"equipamiento content\">\n<div class=\"equipamiento\">&#8211; Carrocer\u00eda: 5 puertas<\/div>\n<div class=\"equipamiento\">&#8211; Asistente a la conducci\u00f3n: Control de cambio de carril<\/div>\n<div class=\"equipamiento\">&#8211; Retrovisor exterior Negro pintado<\/div>\n<div class=\"equipamiento\">&#8211; Luces antiniebla<\/div>\n<div class=\"equipamiento\">&#8211; Asistente a la conducci\u00f3n: Asistente luz carretera (sistema antideslumbramiento autom. Luz de cruce, AHB)<\/div>\n<div class=\"equipamiento\">&#8211; Funci\u00f3n autom\u00e1tica de las luces (Follow me home, FMH)<\/div>\n<div class=\"equipamiento\">&#8211; Freno de emergencia-luz intermitente (EBS)<\/div>\n<div class=\"equipamiento\">&#8211; 3. Luces de freno<\/div>\n<div class=\"equipamiento\">&#8211; Luz de d\u00eda LED<\/div>\n<div class=\"equipamiento\">&#8211; Spoiler trasero<\/div>\n<div class=\"equipamiento\">&#8211; Paragolpes color carrocer\u00eda<\/div>\n<div class=\"equipamiento\">&#8211; Sistema de audio: Multimedia Toyota Touch<\/div>\n<div class=\"equipamiento\">&#8211; Mandos audio en volante<\/div>\n<div class=\"equipamiento\">&#8211; Asistente a la conducci\u00f3n: sistema de seguridad Toyota Connect con autom\u00e1tico Aviso de socorro (eCall)<\/div>\n<div class=\"equipamiento\">&#8211; Servicio m\u00f3vil Online MirrorLink<\/div>\n<div class=\"equipamiento\">&#8211; Sistema control presi\u00f3n neum\u00e1ticos<\/div>\n<div class=\"equipamiento\">&#8211; Control de crucero (Tempomat) con Regulaci\u00f3n de distancia<\/div>\n<div class=\"equipamiento\">&#8211; Sistema limitador de velocidad<\/div>\n<div class=\"equipamiento\">&#8211; Airbag conductor\/acompa\u00f1ante<\/div>\n<div class=\"equipamiento\">&#8211; Sistema de airbag para la cabeza<\/div>\n<div class=\"equipamiento\">&#8211; Airbag lateral delante<\/div>\n<div class=\"equipamiento\">&#8211; Cubierta del maletero \/ Persiana<\/div>\n<div class=\"equipamiento\">&#8211; Aire acondicionado<\/div>\n<div class=\"equipamiento\">&#8211; ? Filtro de polvo y polen con Filtro de aire<\/div>\n<div class=\"equipamiento\">&#8211; Asiento delante izquierda regulable en altura<\/div>\n<div class=\"equipamiento\">&#8211; Asiento trasero dividido abatible (40:20:40)<\/div>\n<div class=\"equipamiento\">&#8211; Asiento trasero plegable<\/div>\n<div class=\"equipamiento\">&#8211; Asiento ni\u00f1o Isofix<\/div>\n<div class=\"equipamiento\">&#8211; Reposacabezas detr\u00e1s<\/div>\n<div class=\"equipamiento\">&#8211; Elevalunas el\u00e9ctric. delante<\/div>\n<div class=\"equipamiento\">&#8211; Agarraderos de la puerta inter. Cromado<\/div>\n<div class=\"equipamiento\">&#8211; Cierre centralizado<\/div>\n<div class=\"equipamiento\">&#8211; Cierre centralizado con Mando a distancia<\/div>\n<div class=\"equipamiento\">&#8211; Seguro para ni\u00f1os<\/div>\n<div class=\"equipamiento\">&#8211; Agarraderos de la puerta ext. color carrocer\u00eda<\/div>\n<div class=\"equipamiento\">&#8211; Dispositivo de alarma para Cinturones de seguridad delante<\/div>\n<div class=\"equipamiento\">&#8211; Dispositivo de alarma para Cinturones de seguridad detr\u00e1s<\/div>\n<div class=\"equipamiento\">&#8211; Toyota Safety Sense<\/div>\n<div class=\"equipamiento\">&#8211; Iluminaci\u00f3n ambiente delante (LED)<\/div>\n<div class=\"equipamiento\">&#8211; Parasoles con Espejo de cortes\u00eda<\/div>\n<div class=\"equipamiento\">&#8211; Asistente de aparcamiento con C\u00e1mara de marcha atr\u00e1s<\/div>\n<div class=\"equipamiento\">&#8211; C\u00e1mara de marcha atr\u00e1s<\/div>\n<div class=\"equipamiento\">&#8211; Sistema antibloqueo (ABS)<\/div>\n<div class=\"equipamiento\">&#8211; Kit reparaci\u00f3n de neum\u00e1ticos<\/div>\n<div class=\"equipamiento\">&#8211; Volante (3 radios)<\/div>\n<div class=\"equipamiento\">&#8211; Volante (cuero) con Multifunci\u00f3n<\/div>\n<div class=\"equipamiento\">&#8211; Volante Aplicaciones en negro piano<\/div>\n<div class=\"equipamiento\">&#8211; Columna de direcci\u00f3n (Volante) regulable en altura<\/div>\n<div class=\"equipamiento\">&#8211; Direcci\u00f3n asistida el\u00e9ctric.<\/div>\n<div class=\"equipamiento\">&#8211; Programa electr\u00f3nico de estabilidad con Regulaci\u00f3n antideslizante (VSC con TRC)<\/div>\n<div class=\"equipamiento\">&#8211; Asistente a la conducci\u00f3n: Control de subidas en montes (HAC)<\/div>\n<div class=\"equipamiento\">&#8211; Caja de cambios 5-marcha<\/div>\n<div class=\"equipamiento\">&#8211; Reducci\u00f3n poluci\u00f3n seg\u00fan norma gases escape Euro 6d<\/div>\n<div class=\"equipamiento\">&#8211; Stop&amp;Go-System (TSGS)<\/div>\n<div class=\"equipamiento\">&#8211; Motor 1,0 Ltr. &#8211; 53 kW CAT<\/div>\n<\/div>\n<\/div>\n<div class=\"equipamiento\">\n<div id=\"div_equipamiento\">\n<div class=\"row\">\n<div id=\"divEquipamiento1\" class=\"equipamiento content\">\n<div class=\"equipamiento\"><\/div>\n<\/div>\n<\/div>\n<\/div>\n<\/div>\n<\/div>\n<\/div>\n<div class=\"equipamiento\"><\/div>\n<\/div>\n<div><\/div>\n<div><\/div>\n","protected":false},"excerpt":{"rendered":"<p><strong>TOYOTA AYGO X play\u00a0 2024<\/strong><\/p>\n<p><strong>Estado:<\/strong> ocasion<\/p>\n<p><strong>Matriculacion:<\/strong>\u00a0 marzo 2024<\/p>\n<p><strong>Color:<\/strong>\u00a0 blanco<\/p>\n<p><strong>Combustible:<\/strong> gasolina<\/p>\n<p><strong>Transmision:<\/strong> manual<\/p>\n<p style=\"text-align: left;\"><strong>Potencia:<\/strong>\u00a0 \u00a053kw\/72cv<\/p>\n<p style=\"text-align: left;\"><strong>Cilindrada:<\/strong>\u00a0 \u00a0999cc<\/p>\n<p style=\"text-align: left;\"><strong>Tarjeta emisiones:<\/strong>\u00a0 \u00a0 C (verde)<\/p>\n<p style=\"text-align: left;\"><strong>Kilometros:<\/strong>\u00a0 41.350<\/p>\n<p style=\"text-align: left;\"><strong>Garantia:<\/strong>\u00a0 \u00a0 24 meses garantia con km ilimitados oficial Toyota. Relax Toyota 15 a\u00f1os de garantia desde matriculacion &#8211; hasta 250.000km<\/p>\n<p><strong>PRECIO CONTADO:\u00a0 \u00a015.150<\/strong>\u20ac\u00a0 \u00a0IVA deducible<\/p>\n<p style=\"text-align: left;\"><strong>PRECIO FINANCIADO:<\/strong>\u00a0 \u00a0 \u00a014.150\u20ac (sujeto a campa\u00f1a de financiacion,consulta condiciones).<span style=\"font-family: Georgia, 'Times New Roman', 'Bitstream Charter', Times, serif;\">Tambien financiacion multiopcion consulta condiciones.<\/span><\/p>\n<p>Todos nuestros vehiculos Toyota han pasado una revision de 150 puntos bajo la premisa de los estandares de calidad que certifican su kilometraje y la no siniestralidad estructural.Mantenimiento realizados en servicio oficial.<\/p>\n<p><em><strong>AUTOADA OCASIO.<\/strong><\/em><br \/>\nVenta vehiculos multimarca seminuevos y ocasion.<\/p>\n<p>Gastos gestoria no incluidos en el precio.12 meses garantia contractual.Financiamos el 100% consulta condiciones.Gestion de financiacion.Valoramos y aceptamos su vehiculo actual como entrada.Este anuncio y el precio sera valido salvo error tipografico.Este anuncio no es vinculante se muestra a titulo informativo no contractual.<\/p>\n","protected":false},"featured_media":31428,"template":"","meta":{"inline_featured_image":false},"product_cat":[56],"product_tag":[],"class_list":{"0":"post-31425","1":"product","2":"type-product","3":"status-publish","4":"has-post-thumbnail","6":"product_brand-toyota","7":"product_cat-suv","9":"first","10":"instock","11":"featured","12":"shipping-taxable","13":"purchasable","14":"product-type-simple"},"yoast_head":"<!-- This site is optimized with the Yoast SEO plugin v27.3 - https:\/\/yoast.com\/product\/yoast-seo-wordpress\/ -->\n<title>TOYOTA AYGO X CROSS - Tallers Autoada<\/title>\n<meta name=\"robots\" content=\"noindex, follow\" \/>\n<meta property=\"og:locale\" content=\"es_ES\" \/>\n<meta property=\"og:type\" content=\"article\" \/>\n<meta property=\"og:title\" content=\"TOYOTA AYGO X CROSS - Tallers Autoada\" \/>\n<meta property=\"og:description\" content=\"TOYOTA AYGO X play\u00a0 2024  Estado: ocasion  Matriculacion:\u00a0 marzo 2024  Color:\u00a0 blanco  Combustible: gasolina  Transmision: manual Potencia:\u00a0 \u00a053kw\/72cv Cilindrada:\u00a0 \u00a0999cc Tarjeta emisiones:\u00a0 \u00a0 C (verde) Kilometros:\u00a0 41.350 Garantia:\u00a0 \u00a0 24 meses garantia con km ilimitados oficial Toyota. Relax Toyota 15 a\u00f1os de garantia desde matriculacion - hasta 250.000km PRECIO CONTADO:\u00a0 \u00a015.150\u20ac\u00a0 \u00a0IVA deducible PRECIO FINANCIADO:\u00a0 \u00a0 \u00a014.150\u20ac (sujeto a campa\u00f1a de financiacion,consulta condiciones).Tambien financiacion multiopcion consulta condiciones. Todos nuestros vehiculos Toyota han pasado una revision de 150 puntos bajo la premisa de los estandares de calidad que certifican su kilometraje y la no siniestralidad estructural.Mantenimiento realizados en servicio oficial.  AUTOADA OCASIO. Venta vehiculos multimarca seminuevos y ocasion.  Gastos gestoria no incluidos en el precio.12 meses garantia contractual.Financiamos el 100% consulta condiciones.Gestion de financiacion.Valoramos y aceptamos su vehiculo actual como entrada.Este anuncio y el precio sera valido salvo error tipografico.Este anuncio no es vinculante se muestra a titulo informativo no contractual.\" \/>\n<meta property=\"og:url\" content=\"https:\/\/tallersautoada.com\/producte\/toyota-aygo-x-cross\/\" \/>\n<meta property=\"og:site_name\" content=\"Tallers Autoada\" \/>\n<meta property=\"og:image\" content=\"https:\/\/tallersautoada.com\/wp-content\/uploads\/2026\/04\/Diapositiva25-3.jpg\" \/>\n\t<meta property=\"og:image:width\" content=\"960\" \/>\n\t<meta property=\"og:image:height\" content=\"720\" \/>\n\t<meta property=\"og:image:type\" content=\"image\/jpeg\" \/>\n<meta name=\"twitter:card\" content=\"summary_large_image\" \/>\n<meta name=\"twitter:label1\" content=\"Est. reading time\" \/>\n\t<meta name=\"twitter:data1\" content=\"2 minutes\" \/>\n<script type=\"application\/ld+json\" class=\"yoast-schema-graph\">{\"@context\":\"https:\\\/\\\/schema.org\",\"@graph\":[{\"@type\":\"WebPage\",\"@id\":\"https:\\\/\\\/tallersautoada.com\\\/producte\\\/toyota-aygo-x-cross\\\/\",\"url\":\"https:\\\/\\\/tallersautoada.com\\\/producte\\\/toyota-aygo-x-cross\\\/\",\"name\":\"TOYOTA AYGO X CROSS - Tallers Autoada\",\"isPartOf\":{\"@id\":\"https:\\\/\\\/tallersautoada.com\\\/#website\"},\"primaryImageOfPage\":{\"@id\":\"https:\\\/\\\/tallersautoada.com\\\/producte\\\/toyota-aygo-x-cross\\\/#primaryimage\"},\"image\":{\"@id\":\"https:\\\/\\\/tallersautoada.com\\\/producte\\\/toyota-aygo-x-cross\\\/#primaryimage\"},\"thumbnailUrl\":\"https:\\\/\\\/tallersautoada.com\\\/wp-content\\\/uploads\\\/2026\\\/04\\\/Diapositiva25-3.jpg\",\"datePublished\":\"2026-04-30T09:34:23+00:00\",\"breadcrumb\":{\"@id\":\"https:\\\/\\\/tallersautoada.com\\\/producte\\\/toyota-aygo-x-cross\\\/#breadcrumb\"},\"inLanguage\":\"es-ES\",\"potentialAction\":[{\"@type\":\"ReadAction\",\"target\":[\"https:\\\/\\\/tallersautoada.com\\\/producte\\\/toyota-aygo-x-cross\\\/\"]}]},{\"@type\":\"ImageObject\",\"inLanguage\":\"es-ES\",\"@id\":\"https:\\\/\\\/tallersautoada.com\\\/producte\\\/toyota-aygo-x-cross\\\/#primaryimage\",\"url\":\"https:\\\/\\\/tallersautoada.com\\\/wp-content\\\/uploads\\\/2026\\\/04\\\/Diapositiva25-3.jpg\",\"contentUrl\":\"https:\\\/\\\/tallersautoada.com\\\/wp-content\\\/uploads\\\/2026\\\/04\\\/Diapositiva25-3.jpg\",\"width\":960,\"height\":720},{\"@type\":\"BreadcrumbList\",\"@id\":\"https:\\\/\\\/tallersautoada.com\\\/producte\\\/toyota-aygo-x-cross\\\/#breadcrumb\",\"itemListElement\":[{\"@type\":\"ListItem\",\"position\":1,\"name\":\"Inici\",\"item\":\"https:\\\/\\\/tallersautoada.com\\\/es\\\/inicio\\\/\"},{\"@type\":\"ListItem\",\"position\":2,\"name\":\"Veh\u00edculos en Venta\",\"item\":\"https:\\\/\\\/tallersautoada.com\\\/es\\\/vehiculos-en-venta-2\\\/\"},{\"@type\":\"ListItem\",\"position\":3,\"name\":\"TOYOTA AYGO X CROSS\"}]},{\"@type\":\"WebSite\",\"@id\":\"https:\\\/\\\/tallersautoada.com\\\/#website\",\"url\":\"https:\\\/\\\/tallersautoada.com\\\/\",\"name\":\"Tallers Autoada\",\"description\":\"Taller mec\u00e0nic, electricitat, planxa i pintura i centre de rentat\",\"publisher\":{\"@id\":\"https:\\\/\\\/tallersautoada.com\\\/#organization\"},\"potentialAction\":[{\"@type\":\"SearchAction\",\"target\":{\"@type\":\"EntryPoint\",\"urlTemplate\":\"https:\\\/\\\/tallersautoada.com\\\/?s={search_term_string}\"},\"query-input\":{\"@type\":\"PropertyValueSpecification\",\"valueRequired\":true,\"valueName\":\"search_term_string\"}}],\"inLanguage\":\"es-ES\"},{\"@type\":\"Organization\",\"@id\":\"https:\\\/\\\/tallersautoada.com\\\/#organization\",\"name\":\"Tallers Autoada\",\"url\":\"https:\\\/\\\/tallersautoada.com\\\/\",\"logo\":{\"@type\":\"ImageObject\",\"inLanguage\":\"es-ES\",\"@id\":\"https:\\\/\\\/tallersautoada.com\\\/#\\\/schema\\\/logo\\\/image\\\/\",\"url\":\"https:\\\/\\\/tallersautoada.com\\\/wp-content\\\/uploads\\\/2023\\\/01\\\/tallersautoada-logo.png\",\"contentUrl\":\"https:\\\/\\\/tallersautoada.com\\\/wp-content\\\/uploads\\\/2023\\\/01\\\/tallersautoada-logo.png\",\"width\":1006,\"height\":395,\"caption\":\"Tallers Autoada\"},\"image\":{\"@id\":\"https:\\\/\\\/tallersautoada.com\\\/#\\\/schema\\\/logo\\\/image\\\/\"}}]}<\/script>\n<!-- \/ Yoast SEO plugin. -->","yoast_head_json":{"title":"TOYOTA AYGO X CROSS - Tallers Autoada","robots":{"index":"noindex","follow":"follow"},"og_locale":"es_ES","og_type":"article","og_title":"TOYOTA AYGO X CROSS - Tallers Autoada","og_description":"TOYOTA AYGO X play\u00a0 2024  Estado: ocasion  Matriculacion:\u00a0 marzo 2024  Color:\u00a0 blanco  Combustible: gasolina  Transmision: manual Potencia:\u00a0 \u00a053kw\/72cv Cilindrada:\u00a0 \u00a0999cc Tarjeta emisiones:\u00a0 \u00a0 C (verde) Kilometros:\u00a0 41.350 Garantia:\u00a0 \u00a0 24 meses garantia con km ilimitados oficial Toyota. Relax Toyota 15 a\u00f1os de garantia desde matriculacion - hasta 250.000km PRECIO CONTADO:\u00a0 \u00a015.150\u20ac\u00a0 \u00a0IVA deducible PRECIO FINANCIADO:\u00a0 \u00a0 \u00a014.150\u20ac (sujeto a campa\u00f1a de financiacion,consulta condiciones).Tambien financiacion multiopcion consulta condiciones. Todos nuestros vehiculos Toyota han pasado una revision de 150 puntos bajo la premisa de los estandares de calidad que certifican su kilometraje y la no siniestralidad estructural.Mantenimiento realizados en servicio oficial.  AUTOADA OCASIO. Venta vehiculos multimarca seminuevos y ocasion.  Gastos gestoria no incluidos en el precio.12 meses garantia contractual.Financiamos el 100% consulta condiciones.Gestion de financiacion.Valoramos y aceptamos su vehiculo actual como entrada.Este anuncio y el precio sera valido salvo error tipografico.Este anuncio no es vinculante se muestra a titulo informativo no contractual.","og_url":"https:\/\/tallersautoada.com\/producte\/toyota-aygo-x-cross\/","og_site_name":"Tallers Autoada","og_image":[{"width":960,"height":720,"url":"https:\/\/tallersautoada.com\/wp-content\/uploads\/2026\/04\/Diapositiva25-3.jpg","type":"image\/jpeg"}],"twitter_card":"summary_large_image","twitter_misc":{"Est. reading time":"2 minutes"},"schema":{"@context":"https:\/\/schema.org","@graph":[{"@type":"WebPage","@id":"https:\/\/tallersautoada.com\/producte\/toyota-aygo-x-cross\/","url":"https:\/\/tallersautoada.com\/producte\/toyota-aygo-x-cross\/","name":"TOYOTA AYGO X CROSS - Tallers Autoada","isPartOf":{"@id":"https:\/\/tallersautoada.com\/#website"},"primaryImageOfPage":{"@id":"https:\/\/tallersautoada.com\/producte\/toyota-aygo-x-cross\/#primaryimage"},"image":{"@id":"https:\/\/tallersautoada.com\/producte\/toyota-aygo-x-cross\/#primaryimage"},"thumbnailUrl":"https:\/\/tallersautoada.com\/wp-content\/uploads\/2026\/04\/Diapositiva25-3.jpg","datePublished":"2026-04-30T09:34:23+00:00","breadcrumb":{"@id":"https:\/\/tallersautoada.com\/producte\/toyota-aygo-x-cross\/#breadcrumb"},"inLanguage":"es-ES","potentialAction":[{"@type":"ReadAction","target":["https:\/\/tallersautoada.com\/producte\/toyota-aygo-x-cross\/"]}]},{"@type":"ImageObject","inLanguage":"es-ES","@id":"https:\/\/tallersautoada.com\/producte\/toyota-aygo-x-cross\/#primaryimage","url":"https:\/\/tallersautoada.com\/wp-content\/uploads\/2026\/04\/Diapositiva25-3.jpg","contentUrl":"https:\/\/tallersautoada.com\/wp-content\/uploads\/2026\/04\/Diapositiva25-3.jpg","width":960,"height":720},{"@type":"BreadcrumbList","@id":"https:\/\/tallersautoada.com\/producte\/toyota-aygo-x-cross\/#breadcrumb","itemListElement":[{"@type":"ListItem","position":1,"name":"Inici","item":"https:\/\/tallersautoada.com\/es\/inicio\/"},{"@type":"ListItem","position":2,"name":"Veh\u00edculos en Venta","item":"https:\/\/tallersautoada.com\/es\/vehiculos-en-venta-2\/"},{"@type":"ListItem","position":3,"name":"TOYOTA AYGO X CROSS"}]},{"@type":"WebSite","@id":"https:\/\/tallersautoada.com\/#website","url":"https:\/\/tallersautoada.com\/","name":"Tallers Autoada","description":"Taller mec\u00e0nic, electricitat, planxa i pintura i centre de rentat","publisher":{"@id":"https:\/\/tallersautoada.com\/#organization"},"potentialAction":[{"@type":"SearchAction","target":{"@type":"EntryPoint","urlTemplate":"https:\/\/tallersautoada.com\/?s={search_term_string}"},"query-input":{"@type":"PropertyValueSpecification","valueRequired":true,"valueName":"search_term_string"}}],"inLanguage":"es-ES"},{"@type":"Organization","@id":"https:\/\/tallersautoada.com\/#organization","name":"Tallers Autoada","url":"https:\/\/tallersautoada.com\/","logo":{"@type":"ImageObject","inLanguage":"es-ES","@id":"https:\/\/tallersautoada.com\/#\/schema\/logo\/image\/","url":"https:\/\/tallersautoada.com\/wp-content\/uploads\/2023\/01\/tallersautoada-logo.png","contentUrl":"https:\/\/tallersautoada.com\/wp-content\/uploads\/2023\/01\/tallersautoada-logo.png","width":1006,"height":395,"caption":"Tallers Autoada"},"image":{"@id":"https:\/\/tallersautoada.com\/#\/schema\/logo\/image\/"}}]}},"_links":{"self":[{"href":"https:\/\/tallersautoada.com\/es\/wp-json\/wp\/v2\/product\/31425","targetHints":{"allow":["GET"]}}],"collection":[{"href":"https:\/\/tallersautoada.com\/es\/wp-json\/wp\/v2\/product"}],"about":[{"href":"https:\/\/tallersautoada.com\/es\/wp-json\/wp\/v2\/types\/product"}],"version-history":[{"count":3,"href":"https:\/\/tallersautoada.com\/es\/wp-json\/wp\/v2\/product\/31425\/revisions"}],"predecessor-version":[{"id":31480,"href":"https:\/\/tallersautoada.com\/es\/wp-json\/wp\/v2\/product\/31425\/revisions\/31480"}],"wp:featuredmedia":[{"embeddable":true,"href":"https:\/\/tallersautoada.com\/es\/wp-json\/wp\/v2\/media\/31428"}],"wp:attachment":[{"href":"https:\/\/tallersautoada.com\/es\/wp-json\/wp\/v2\/media?parent=31425"}],"wp:term":[{"taxonomy":"product_cat","embeddable":true,"href":"https:\/\/tallersautoada.com\/es\/wp-json\/wp\/v2\/product_cat?post=31425"},{"taxonomy":"product_tag","embeddable":true,"href":"https:\/\/tallersautoada.com\/es\/wp-json\/wp\/v2\/product_tag?post=31425"}],"curies":[{"name":"wp","href":"https:\/\/api.w.org\/{rel}","templated":true}]}}